{"id":9360,"date":"2015-06-16T12:29:17","date_gmt":"2015-06-16T10:29:17","guid":{"rendered":"https:\/\/adequat.eu\/de\/product\/eichenpfosten-pfosten-eiche-15-15\/"},"modified":"2026-02-06T16:59:46","modified_gmt":"2026-02-06T15:59:46","slug":"eichenpfosten-mit-diamantkopf-in-verschiedenen-groessen","status":"publish","type":"product","link":"https:\/\/adequat.eu\/de\/produkt\/holzprodukte-2\/scharniere-und-schliesswerk\/eichenpfosten-mit-diamantkopf-in-verschiedenen-groessen\/","title":{"rendered":"Eichenpfosten mit Diamantkopf in verschiedenen Gr\u00f6\u00dfen"},"content":{"rendered":"<h2>Eichenpfosten &#8211; Setzpfosten mit Diamantkopf<\/h2>\n<p>Eichenpfosten: Pfosten aus Eiche in in verschiedenen Gr\u00f6\u00dfen und hat einen sogenannten Diamantkopf.<\/p>\n<p>Diese Eichenpfosten werden als Setzpfosten f\u00fcr unsere Holztore im <a href=\"https:\/\/adequat.eu\/de\/produkte\/holztore\/englisch\/\">englischen Stil<\/a> und im <a href=\"https:\/\/adequat.eu\/de\/produkte\/holztore\/einfahrtstore\/\">Holland-Stil<\/a> verwendet.<\/p>\n","protected":false},"excerpt":{"rendered":"<p>Eichenpfosten &#8211; Setzpfosten mit Diamantkopf Eichenpfosten: Pfosten aus Eiche in in verschiedenen Gr\u00f6\u00dfen und hat einen sogenannten Diamantkopf. Diese Eichenpfosten werden als Setzpfosten f\u00fcr unsere&#8230;<\/p>\n","protected":false},"featured_media":7516,"comment_status":"closed","ping_status":"closed","template":"","meta":{"_acf_changed":false,"inline_featured_image":false,"_trash_the_other_posts":false,"ep_exclude_from_search":false,"iawp_total_views":146,"editor_notices":[]},"product_brand":[],"product_cat":[264,266,272],"product_tag":[],"class_list":{"0":"post-9360","1":"product","2":"type-product","3":"status-publish","4":"has-post-thumbnail","6":"product_cat-scharniere-und-schliesswerk","7":"product_cat-holzprodukte","8":"product_cat-holzprodukte-2","10":"first","11":"instock","12":"shipping-taxable","13":"purchasable","14":"product-type-variable","15":"has-default-attributes"},"composite_virtual":false,"composite_layout":"","composite_add_to_cart_form_location":"","composite_editable_in_cart":false,"composite_sold_individually_context":"","composite_shop_price_calc":"","composite_components":[],"composite_scenarios":[],"acf":[],"_links":{"self":[{"href":"https:\/\/adequat.eu\/de\/wp-json\/wp\/v2\/product\/9360","targetHints":{"allow":["GET"]}}],"collection":[{"href":"https:\/\/adequat.eu\/de\/wp-json\/wp\/v2\/product"}],"about":[{"href":"https:\/\/adequat.eu\/de\/wp-json\/wp\/v2\/types\/product"}],"replies":[{"embeddable":true,"href":"https:\/\/adequat.eu\/de\/wp-json\/wp\/v2\/comments?post=9360"}],"wp:featuredmedia":[{"embeddable":true,"href":"https:\/\/adequat.eu\/de\/wp-json\/wp\/v2\/media\/7516"}],"wp:attachment":[{"href":"https:\/\/adequat.eu\/de\/wp-json\/wp\/v2\/media?parent=9360"}],"wp:term":[{"taxonomy":"product_brand","embeddable":true,"href":"https:\/\/adequat.eu\/de\/wp-json\/wp\/v2\/product_brand?post=9360"},{"taxonomy":"product_cat","embeddable":true,"href":"https:\/\/adequat.eu\/de\/wp-json\/wp\/v2\/product_cat?post=9360"},{"taxonomy":"product_tag","embeddable":true,"href":"https:\/\/adequat.eu\/de\/wp-json\/wp\/v2\/product_tag?post=9360"}],"curies":[{"name":"wp","href":"https:\/\/api.w.org\/{rel}","templated":true}]}}