{"id":9371,"date":"2018-01-04T13:17:35","date_gmt":"2018-01-04T12:17:35","guid":{"rendered":"https:\/\/adequat.eu\/de\/product\/bodenblock-fuer-doppeltor-aus-holz-englischen-stil\/"},"modified":"2026-02-19T12:23:37","modified_gmt":"2026-02-19T11:23:37","slug":"bodenblock-fuer-doppeltor-aus-holz-englischen-stil","status":"publish","type":"product","link":"https:\/\/adequat.eu\/de\/produkt\/holzprodukte-2\/scharniere-und-schliesswerk\/bodenblock-fuer-doppeltor-aus-holz-englischen-stil\/","title":{"rendered":"Bodenblock (Toranschlag \/ Torstopper) f\u00fcr Doppeltor 15&#215;15"},"content":{"rendered":"<h2>Toranschlag \/ Torstopper \/ Torauflaufst\u00fctze<\/h2>\n<p>Bei diesem <strong>Bodenblock<\/strong> handelt es sich um einen<strong> Toranschlag f\u00fcr Doppeltore.<\/strong> Dieses Produkt wird auch als <strong>Torstopper,<\/strong>\u00a0<strong>Torauflaufst\u00fctze<\/strong>\u00a0 (Auflaufst\u00fctze f\u00fcr Doppeltore) bezeichnet. Unser Toranschlag besteht aus Holz (massives Eichenholz) und ist pr\u00e4zise f\u00fcr die Gr\u00f6\u00dfe unserer Holztore zuges\u00e4gt.<\/p>\n<p>Der <strong>Toranschlag<\/strong> <strong>\/ Torstopper<\/strong> wird in der Mitte des Doppeltors platziert. Dadurch sichert der Bodenblock den Torfl\u00fcgel im geschlossenen Zustand und verhindert ein unerw\u00fcnschtes Aufspringen durch Wind, Tiere oder Druck. Dadurch verzieht sich das Tor nicht und funktioniert langfristig einwandfrei.<\/p>\n<p>Die beiden Torfl\u00fcgel liegen auf dem Holzblock, wenn das Tor geschlossen ist. Damit verhindern Sie, dass die Torfl\u00fcgel nach einiger Zeit \u2019durchh\u00e4ngen\u2019.<\/p>\n<p>Besonders bei breiten oder schweren Holztoren\u00a0<strong>sorgt der Toranschlag f\u00fcr Stabilit\u00e4t<\/strong>. Wie Sie auf den Bildern sehen, weist der Bodenblock an einer Seite eine h\u00f6here Kante auf, sodass der \u201eFu\u00df\u201c des Torfl\u00fcgels dort festgestellt wird.<\/p>\n<p>F\u00fcr ein Doppeltor k\u00f6nnen Sie entweder zwei schmalere (15 x 15 cm) oder einen breiten (20 x 20 cm) Bodenblock verwenden, der beiden Torfl\u00fcgel Halt gibt. Der Holzblock wird im Boden eingegraben damit er dauerhaft Stabilit\u00e4t bietet.<\/p>\n<p>\u2794 <strong><a href=\"https:\/\/adequat.eu\/de\/produkt\/holzprodukte-2\/scharniere-und-schliesswerk\/bodenblock-fuer-doppeltor-niederlaendischer-stil\/\">Zum 20\u00d720 cm Bodenblock (Torstopper \/ Toranschlag)<\/a><\/strong><\/p>\n<p>Wir empfehlen einen Bodenblock insbesondere,\u00a0<strong>um den\u00a0<a href=\"https:\/\/adequat.eu\/de\/produkt\/holzprodukte-2\/scharniere-und-schliesswerk\/bodenschieber-edelstahl-holztor\/\">Bodenschieber<\/a>\u00a0fest am Untergrund zu verriegeln<\/strong>, was insbesondere bei sandigen Untergr\u00fcnden notwendig ist. (Wir liefern den Bodenblock ohne vorgebohrtes Loch, damit Sie das Loch genau an der Stelle bohren k\u00f6nnen, wo der Bodenschieber gesichert werden soll.)<\/p>\n<h3>Torauflaufst\u00fctze<\/h3>\n<p>Stellen Sie die <strong>Auflaufst\u00fctze f\u00fcr Tore<\/strong> (= den Bodenblock aus Holz) dort auf, wo die beiden Torfl\u00fcgel zusammen treffen. Graben Sie ein kleines Loch in den Boden, sodass der Bodenblock der H\u00f6he nach aufrecht in der Erde steht. Bohren Sie ein kleines Loch in den Holzblock, sodass der <strong><a href=\"https:\/\/adequat.eu\/de\/produkt\/holzprodukte-2\/scharniere-und-schliesswerk\/bodenschieber-edelstahl-holztor\/\">Bodenschieber<\/a><\/strong> hinein fallen kann. Schon sind Sie fertig! Einfach, praktisch und passend ges\u00e4gt f\u00fcr das unsere Doppeltore aus Holz.<\/p>\n<p>Abmessungen: ca. 15 cm x 15 cm<br \/>\nH\u00f6he: ca. 40 cm<br \/>\nMaterial: Gefertigt aus massivem Eichenholz.<\/p>\n","protected":false},"excerpt":{"rendered":"<p>Toranschlag \/ Torstopper \/ Torauflaufst\u00fctze Bei diesem Bodenblock handelt es sich um einen Toranschlag f\u00fcr Doppeltore. Dieses Produkt wird auch als Torstopper,\u00a0Torauflaufst\u00fctze\u00a0 (Auflaufst\u00fctze f\u00fcr Doppeltore)&#8230;<\/p>\n","protected":false},"featured_media":7529,"comment_status":"closed","ping_status":"closed","template":"","meta":{"_acf_changed":false,"inline_featured_image":false,"_trash_the_other_posts":false,"ep_exclude_from_search":false,"iawp_total_views":119,"editor_notices":[]},"product_brand":[],"product_cat":[264,266,272],"product_tag":[],"class_list":{"0":"post-9371","1":"product","2":"type-product","3":"status-publish","4":"has-post-thumbnail","6":"product_cat-scharniere-und-schliesswerk","7":"product_cat-holzprodukte","8":"product_cat-holzprodukte-2","10":"first","11":"instock","12":"shipping-taxable","13":"purchasable","14":"product-type-simple"},"composite_virtual":false,"composite_layout":"","composite_add_to_cart_form_location":"","composite_editable_in_cart":false,"composite_sold_individually_context":"","composite_shop_price_calc":"","composite_components":[],"composite_scenarios":[],"acf":[],"_links":{"self":[{"href":"https:\/\/adequat.eu\/de\/wp-json\/wp\/v2\/product\/9371","targetHints":{"allow":["GET"]}}],"collection":[{"href":"https:\/\/adequat.eu\/de\/wp-json\/wp\/v2\/product"}],"about":[{"href":"https:\/\/adequat.eu\/de\/wp-json\/wp\/v2\/types\/product"}],"replies":[{"embeddable":true,"href":"https:\/\/adequat.eu\/de\/wp-json\/wp\/v2\/comments?post=9371"}],"wp:featuredmedia":[{"embeddable":true,"href":"https:\/\/adequat.eu\/de\/wp-json\/wp\/v2\/media\/7529"}],"wp:attachment":[{"href":"https:\/\/adequat.eu\/de\/wp-json\/wp\/v2\/media?parent=9371"}],"wp:term":[{"taxonomy":"product_brand","embeddable":true,"href":"https:\/\/adequat.eu\/de\/wp-json\/wp\/v2\/product_brand?post=9371"},{"taxonomy":"product_cat","embeddable":true,"href":"https:\/\/adequat.eu\/de\/wp-json\/wp\/v2\/product_cat?post=9371"},{"taxonomy":"product_tag","embeddable":true,"href":"https:\/\/adequat.eu\/de\/wp-json\/wp\/v2\/product_tag?post=9371"}],"curies":[{"name":"wp","href":"https:\/\/api.w.org\/{rel}","templated":true}]}}