{"id":9387,"date":"2018-04-26T15:20:12","date_gmt":"2018-04-26T13:20:12","guid":{"rendered":"https:\/\/adequat.eu\/de\/product\/robinien-zaunpfahl-o-16-18-cm\/"},"modified":"2026-04-02T12:34:21","modified_gmt":"2026-04-02T10:34:21","slug":"robinien-zaunpfahl-o-16-18-cm","status":"publish","type":"product","link":"https:\/\/adequat.eu\/de\/produkt\/holzpfaehle-holzpfosten\/robinienpfaehle-robinienpfosten\/robinien-zaunpfahl-o-16-18-cm\/","title":{"rendered":"Robinienpfahl \u00d8 16\/18 cm"},"content":{"rendered":"<p>Der Robinienpfahl \u00d8 16\/18 cm ist ein Rundholz aus sehr langlebigem, nat\u00fcrlichem Robinienholz. Der Robinienstamm hat einen Durchmesser von ca. 17 cm und einen Umfang von ca. 54 cm.<\/p>\n<p>Diese Robinienpfosten sind gesch\u00e4lt und <strong>nicht angespitzt<\/strong>. Sie sind nicht gefr\u00e4st und haben daher ihre nat\u00fcrliche Form behalten. Ein Robinienstamm ist meistens nicht kerzengerade.<\/p>\n<p>Qualit\u00e4tsmerkmal: Wir messen den Durchmesser des Stamms immer an der der d\u00fcnneren Seite.<\/p>\n<p>Robinienholz (das h\u00e4rteste europ\u00e4ischen Hartholz) hat eine sehr lange Lebensdauer <a href=\"https:\/\/adequat.eu\/de\/aktuell\/tips-tricks-deutsch\/haltbarkeit-von-kastanienholz\/\">(Dauerhaftigkeitsklasse 1)<\/a> und ben\u00f6tigt keinerlei Pflege oder Behandlung mit Holzschutzmitteln. Durch die nat\u00fcrlichen Eigenschaften ist das Holz von Natur aus vor Feuchtigkeit gesch\u00fctzt.<\/p>\n<h2>Robinienstamm 16 &#8211; 18 cm: L\u00e4ngen<\/h2>\n<p>Bei den Robinienst\u00e4mmen mit 16-18 cm Durchmesser, die Sie hier auf der Seite sehen, handelt es sich um L\u00e4ngenma\u00dfe, die wir standardm\u00e4\u00dfig auf Vorrat haben. Gern liefern wir auch auf <a href=\"https:\/\/adequat.eu\/de\/angebot\/\">Anfrage<\/a> andere L\u00e4ngen.<\/p>\n<p><img decoding=\"async\" class=\"size-medium wp-image-39931\" src=\"https:\/\/adequat.eu\/de\/wp-content\/uploads\/sites\/3\/2025\/09\/Robinienpfaehle-rundholz-robinienstamm-992x569.jpg\" alt=\"Robinienpf\u00e4hle Rundholz Robinienstamm\" width=\"992\" height=\"569\" srcset=\"https:\/\/adequat.eu\/de\/wp-content\/uploads\/sites\/3\/2025\/09\/Robinienpfaehle-rundholz-robinienstamm-992x569.jpg 992w, https:\/\/adequat.eu\/de\/wp-content\/uploads\/sites\/3\/2025\/09\/Robinienpfaehle-rundholz-robinienstamm-1200x689.jpg 1200w, https:\/\/adequat.eu\/de\/wp-content\/uploads\/sites\/3\/2025\/09\/Robinienpfaehle-rundholz-robinienstamm-384x220.jpg 384w, https:\/\/adequat.eu\/de\/wp-content\/uploads\/sites\/3\/2025\/09\/Robinienpfaehle-rundholz-robinienstamm-576x331.jpg 576w, https:\/\/adequat.eu\/de\/wp-content\/uploads\/sites\/3\/2025\/09\/Robinienpfaehle-rundholz-robinienstamm-768x441.jpg 768w, https:\/\/adequat.eu\/de\/wp-content\/uploads\/sites\/3\/2025\/09\/Robinienpfaehle-rundholz-robinienstamm-800x459.jpg 800w, https:\/\/adequat.eu\/de\/wp-content\/uploads\/sites\/3\/2025\/09\/Robinienpfaehle-rundholz-robinienstamm.jpg 1904w\" sizes=\"(max-width: 992px) 100vw, 992px\" \/><\/p>\n","protected":false},"excerpt":{"rendered":"<p>Der Robinienpfahl \u00d8 16\/18 cm ist ein Rundholz aus sehr langlebigem, nat\u00fcrlichem Robinienholz. Der Robinienstamm hat einen Durchmesser von ca. 17 cm und einen Umfang&#8230;<\/p>\n","protected":false},"featured_media":6762,"comment_status":"closed","ping_status":"closed","template":"","meta":{"_acf_changed":false,"inline_featured_image":false,"_trash_the_other_posts":false,"ep_exclude_from_search":false,"iawp_total_views":6870,"editor_notices":[]},"product_brand":[],"product_cat":[252,263,479,480,481,450,421],"product_tag":[],"class_list":{"0":"post-9387","1":"product","2":"type-product","3":"status-publish","4":"has-post-thumbnail","6":"product_cat-robinienpfaehle-robinienpfosten","7":"product_cat-holzpfaehle-holzpfosten","8":"product_cat-holzpfaehle-400-cm","9":"product_cat-holzpfaehle-500-cm","10":"product_cat-holzpfaehle-600-cm","11":"product_cat-weidezaunpfahle-holz","12":"product_cat-zaunpfaele","14":"first","15":"instock","16":"shipping-taxable","17":"purchasable","18":"product-type-variable","19":"has-default-attributes"},"composite_virtual":false,"composite_layout":"","composite_add_to_cart_form_location":"","composite_editable_in_cart":false,"composite_sold_individually_context":"","composite_shop_price_calc":"","composite_components":[],"composite_scenarios":[],"acf":[],"_links":{"self":[{"href":"https:\/\/adequat.eu\/de\/wp-json\/wp\/v2\/product\/9387","targetHints":{"allow":["GET"]}}],"collection":[{"href":"https:\/\/adequat.eu\/de\/wp-json\/wp\/v2\/product"}],"about":[{"href":"https:\/\/adequat.eu\/de\/wp-json\/wp\/v2\/types\/product"}],"replies":[{"embeddable":true,"href":"https:\/\/adequat.eu\/de\/wp-json\/wp\/v2\/comments?post=9387"}],"wp:featuredmedia":[{"embeddable":true,"href":"https:\/\/adequat.eu\/de\/wp-json\/wp\/v2\/media\/6762"}],"wp:attachment":[{"href":"https:\/\/adequat.eu\/de\/wp-json\/wp\/v2\/media?parent=9387"}],"wp:term":[{"taxonomy":"product_brand","embeddable":true,"href":"https:\/\/adequat.eu\/de\/wp-json\/wp\/v2\/product_brand?post=9387"},{"taxonomy":"product_cat","embeddable":true,"href":"https:\/\/adequat.eu\/de\/wp-json\/wp\/v2\/product_cat?post=9387"},{"taxonomy":"product_tag","embeddable":true,"href":"https:\/\/adequat.eu\/de\/wp-json\/wp\/v2\/product_tag?post=9387"}],"curies":[{"name":"wp","href":"https:\/\/api.w.org\/{rel}","templated":true}]}}