{"id":9409,"date":"2018-09-08T10:21:25","date_gmt":"2018-09-08T08:21:25","guid":{"rendered":"https:\/\/adequat.eu\/de\/product\/englischer-torverschluss-fuer-holztore-im-engl-u-niederl-stil-adequat\/"},"modified":"2026-01-23T15:12:50","modified_gmt":"2026-01-23T14:12:50","slug":"englischer-torverschluss-fuer-holztore-im-engl-u-niederl-stil-adequat","status":"publish","type":"product","link":"https:\/\/adequat.eu\/de\/produkt\/holzprodukte-2\/scharniere-und-schliesswerk\/englischer-torverschluss-fuer-holztore-im-engl-u-niederl-stil-adequat\/","title":{"rendered":"Englischer Torverschluss f\u00fcr Holztore (England + Holland Stil, Hoftor rustikal Kastanie)"},"content":{"rendered":"<h2>Englischer Torverschluss:<\/h2>\n<p>Dieser traditionelle englische Torverschluss passt zu folgenden Ad\u00e9quat Toren:<\/p>\n<ul>\n<li><a href=\"https:\/\/adequat.eu\/de\/produkte\/holztore\/englisch\/\"><strong>Englische Tore von Ad\u00e9quat<\/strong><\/a><\/li>\n<li><strong><a href=\"https:\/\/adequat.eu\/de\/produkte\/holztore\/hollaendisch\/\">Holl\u00e4ndische Tore von Ad\u00e9quat<\/a><\/strong><\/li>\n<li><a href=\"https:\/\/adequat.eu\/de\/produkt\/holztore\/hoftor-rustikal-kastanie-einzeln\/\"><strong>Hoftor rustikal Kastanie <\/strong><\/a><\/li>\n<\/ul>\n<p>Das Set kann ist bei den genannten Toren <strong>NICHT im Lieferumfang enthalten<\/strong>. Sie k\u00f6nnen den Torverschluss optional zum Tor dazu bestellen.<\/p>\n<p>Alle Teile dieses Torverschlusses sind aus feuerverzinktem Stahl gefertigt.<\/p>\n","protected":false},"excerpt":{"rendered":"<p>Englischer Torverschluss: Dieser traditionelle englische Torverschluss passt zu folgenden Ad\u00e9quat Toren: Englische Tore von Ad\u00e9quat Holl\u00e4ndische Tore von Ad\u00e9quat Hoftor rustikal Kastanie Das Set kann&#8230;<\/p>\n","protected":false},"featured_media":7097,"comment_status":"closed","ping_status":"closed","template":"","meta":{"_acf_changed":false,"inline_featured_image":false,"_trash_the_other_posts":false,"ep_exclude_from_search":false,"iawp_total_views":168,"editor_notices":[]},"product_brand":[],"product_cat":[264,266,272],"product_tag":[],"class_list":{"0":"post-9409","1":"product","2":"type-product","3":"status-publish","4":"has-post-thumbnail","6":"product_cat-scharniere-und-schliesswerk","7":"product_cat-holzprodukte","8":"product_cat-holzprodukte-2","9":"product_shipping_class-paketpost","11":"first","12":"instock","13":"shipping-taxable","14":"purchasable","15":"product-type-simple"},"composite_virtual":false,"composite_layout":"","composite_add_to_cart_form_location":"","composite_editable_in_cart":false,"composite_sold_individually_context":"","composite_shop_price_calc":"","composite_components":[],"composite_scenarios":[],"acf":[],"_links":{"self":[{"href":"https:\/\/adequat.eu\/de\/wp-json\/wp\/v2\/product\/9409","targetHints":{"allow":["GET"]}}],"collection":[{"href":"https:\/\/adequat.eu\/de\/wp-json\/wp\/v2\/product"}],"about":[{"href":"https:\/\/adequat.eu\/de\/wp-json\/wp\/v2\/types\/product"}],"replies":[{"embeddable":true,"href":"https:\/\/adequat.eu\/de\/wp-json\/wp\/v2\/comments?post=9409"}],"wp:featuredmedia":[{"embeddable":true,"href":"https:\/\/adequat.eu\/de\/wp-json\/wp\/v2\/media\/7097"}],"wp:attachment":[{"href":"https:\/\/adequat.eu\/de\/wp-json\/wp\/v2\/media?parent=9409"}],"wp:term":[{"taxonomy":"product_brand","embeddable":true,"href":"https:\/\/adequat.eu\/de\/wp-json\/wp\/v2\/product_brand?post=9409"},{"taxonomy":"product_cat","embeddable":true,"href":"https:\/\/adequat.eu\/de\/wp-json\/wp\/v2\/product_cat?post=9409"},{"taxonomy":"product_tag","embeddable":true,"href":"https:\/\/adequat.eu\/de\/wp-json\/wp\/v2\/product_tag?post=9409"}],"curies":[{"name":"wp","href":"https:\/\/api.w.org\/{rel}","templated":true}]}}