{"id":9417,"date":"2019-02-21T16:14:01","date_gmt":"2019-02-21T15:14:01","guid":{"rendered":"https:\/\/adequat.eu\/de\/product\/holzschindeln-kastanie-dachschindeln-holz\/"},"modified":"2025-06-19T15:34:04","modified_gmt":"2025-06-19T13:34:04","slug":"holzschindeln-kastanie-dachschindeln-holz","status":"publish","type":"product","link":"https:\/\/adequat.eu\/de\/produkt\/holzprodukte\/holzschindeln\/holzschindeln-kastanie-dachschindeln-holz\/","title":{"rendered":"Holzschindeln Kastanie &#8211; Dachschindeln Holz"},"content":{"rendered":"<p>ACHTUNG: F\u00fcr eine langhaltende \u00dcberdachung sollten Sie etwa mit 40 Holzschindeln pro Quadratmeter rechnen. In einer Packung befinden sich 22 rechteckige Holzschindeln. Das hei\u00dft, mit einer Packung legen Sie ungef\u00e4hr 0,56 m2. F\u00fcr eine Wandbekleidung ben\u00f6tigen Sie weniger Holzschindeln, da der Wasserabfluss an der Wand in der Regel besser ist.Holzschindeln aus Kastanie sind 60 cm lang und 10,5 cm breit. An einer Seite sind sie 2 cm dick und laufen konisch zur anderen Seite, die eine Dicke von nur 2 mm hat.<\/p>\n<p>Unsere Holzschindeln sind nicht gespalten, sondern ges\u00e4gt. Dadurch liegen sie besser in Form als gespaltene Holzschindeln. Bei uns ist die Dach- und Wandverkleidung aus Holzschindeln noch nicht so verbreitet, aber in anderen Teilen der Welt (wie in Nordamerika, Kanada und in den Polarregionen) leisten Holzschindeln schon lange ihre Dienste. Dort schm\u00fccken sie seit jeher D\u00e4cher und W\u00e4nde von Scheunen, H\u00e4usern und Geb\u00e4uden. Je schr\u00e4ger das Dach und je besser das Wasser abflie\u00dft, desto besser und l\u00e4nger leisten Holzschindeln ihre Arbeit. In Frankreich kennt man die \u201eDachpfannen aus Holz\u201c auch unter dem Namen \u201eBardeaux\u201c.<\/p>\n<h2>Schindeln aus Holz f\u00fcr D\u00e4cher und Giebel<\/h2>\n<p>Dachschindeln aus Holz (manchmal auch als Dachpfannen aus Holz bezeichnet) finden ihre Anwendung oft auf D\u00e4chern von Gartenh\u00e4usern und Anbauten. Wenn die Holzschindeln gut gelegt sind und das Wasser gut abflie\u00dfen kann, ben\u00f6tigen die Dachschindeln weiter keine Pflege. Das Holz ist von Natur aus vor der Witterung gesch\u00fctzt. Die Holzschindeln ergrauen auf nat\u00fcrliche Weise.<\/p>\n<p>Dachschindeln aus Holz sind in verschiedenen Varianten erh\u00e4ltlich. Als Basis sollte man immer die rechteckigen Schindeln verwenden. Der Preis f\u00fcr die rechteckigen Holzschindeln wird pro Quadratmeter berechnet. Um sch\u00f6ne Effekte zu schaffen, k\u00f6nnen Sie die statt den rechteckigen Holzschindeln auch die abgerundeten Schindeln oder die Schindeln mit einer Spitze w\u00e4hlen. Die spitzen und runden Holzschindeln k\u00f6nnen Sie auch pro St\u00fcck erwerben. Auf die Haltbarkeit hat die Form keinerlei Auswirkung.<\/p>\n<h2>Holzschindeln &#8211; Dachschindeln aus Holz<\/h2>\n<p>Holzschindeln werden auf Dachlatten angebracht, die im Abstand von ca. 20 cm Abstand auf dem Dach montiert werden. Die Holzschindeln werden der Reihe nach so angeordnet, dass die obere Schindel immer die darunter liegende Schindel \u00fcberlappt.<\/p>\n<p>M\u00f6chten Sie mehr \u00fcber unsere Holzschindeln aus Kastanien wissen? <a href=\"https:\/\/adequat.eu\/de\/service-contact\/\">Kontaktieren<\/a> Sie uns ganz unverbindlich. Wir beraten Sie gern.<\/p>\n","protected":false},"excerpt":{"rendered":"<p>ACHTUNG: F\u00fcr eine langhaltende \u00dcberdachung sollten Sie etwa mit 40 Holzschindeln pro Quadratmeter rechnen. In einer Packung befinden sich 22 rechteckige Holzschindeln. Das hei\u00dft, mit&#8230;<\/p>\n","protected":false},"featured_media":7587,"comment_status":"closed","ping_status":"closed","template":"","meta":{"_acf_changed":false,"inline_featured_image":false,"_trash_the_other_posts":false,"ep_exclude_from_search":false,"iawp_total_views":1354,"editor_notices":[]},"product_brand":[],"product_cat":[295,266],"product_tag":[],"class_list":{"0":"post-9417","1":"product","2":"type-product","3":"status-publish","4":"has-post-thumbnail","6":"product_cat-holzschindeln","7":"product_cat-holzprodukte","9":"first","10":"instock","11":"shipping-taxable","12":"purchasable","13":"product-type-variable"},"composite_virtual":false,"composite_layout":"","composite_add_to_cart_form_location":"","composite_editable_in_cart":false,"composite_sold_individually_context":"","composite_shop_price_calc":"","composite_components":[],"composite_scenarios":[],"acf":[],"_links":{"self":[{"href":"https:\/\/adequat.eu\/de\/wp-json\/wp\/v2\/product\/9417","targetHints":{"allow":["GET"]}}],"collection":[{"href":"https:\/\/adequat.eu\/de\/wp-json\/wp\/v2\/product"}],"about":[{"href":"https:\/\/adequat.eu\/de\/wp-json\/wp\/v2\/types\/product"}],"replies":[{"embeddable":true,"href":"https:\/\/adequat.eu\/de\/wp-json\/wp\/v2\/comments?post=9417"}],"wp:featuredmedia":[{"embeddable":true,"href":"https:\/\/adequat.eu\/de\/wp-json\/wp\/v2\/media\/7587"}],"wp:attachment":[{"href":"https:\/\/adequat.eu\/de\/wp-json\/wp\/v2\/media?parent=9417"}],"wp:term":[{"taxonomy":"product_brand","embeddable":true,"href":"https:\/\/adequat.eu\/de\/wp-json\/wp\/v2\/product_brand?post=9417"},{"taxonomy":"product_cat","embeddable":true,"href":"https:\/\/adequat.eu\/de\/wp-json\/wp\/v2\/product_cat?post=9417"},{"taxonomy":"product_tag","embeddable":true,"href":"https:\/\/adequat.eu\/de\/wp-json\/wp\/v2\/product_tag?post=9417"}],"curies":[{"name":"wp","href":"https:\/\/api.w.org\/{rel}","templated":true}]}}