{"id":9422,"date":"2015-06-16T12:19:04","date_gmt":"2015-06-16T10:19:04","guid":{"rendered":"https:\/\/adequat.eu\/de\/product\/ladenband-torband-80-cm\/"},"modified":"2024-10-29T17:44:15","modified_gmt":"2024-10-29T16:44:15","slug":"ladenbander-torbander","status":"publish","type":"product","link":"https:\/\/adequat.eu\/de\/produkt\/holzprodukte-2\/scharniere-und-schliesswerk\/ladenbander-torbander\/","title":{"rendered":"Ladenb\u00e4nder \/ Torb\u00e4nder"},"content":{"rendered":"<h2>Ladenb\u00e4nder f\u00fcr Holztore<\/h2>\n<p>Diese hochwertigen <strong>Ladenb\u00e4nder<\/strong> (auch<strong> Torb\u00e4nder<\/strong> genannt) kommen bei unseren Holztoren zum Einsatz. Sie werden am Torfl\u00fcgel montiert und sp\u00e4ter auf den Kloben geschoben, welcher am Pfosten befestigt ist.<\/p>\n<p>Die Ladenb\u00e4nder k\u00f6nnen hier bei Bedarf einzeln bestellt werden und sind in den L\u00e4ngen 50 cm und 80 cm erh\u00e4ltlich. Sie\u00a0sind aus verzinktem Stahl gefertigt und sehr langlebig.<\/p>\n<p>Normalerweise werden 2 Ladenb\u00e4nder an einem Holztor befestigt, die dann auf 2 Kloben geschoben werden.<\/p>\n<div id=\"_6yCgZarPN6Dzi-gPqr62sA0_196\" class=\"bCOlv\" data-ved=\"2ahUKEwjq8N7y6dWDAxWg-QIHHSqfDdYQ7NUEegQIShAE\">\n<div class=\"IZE3Td\">\n<div class=\"t0bRye r2fjmd\" data-hveid=\"CEoQBQ\" data-ved=\"2ahUKEwjq8N7y6dWDAxWg-QIHHSqfDdYQu04oAHoECEoQBQ\">\n<div id=\"6yCgZarPN6Dzi-gPqr62sA0__95\">\n<div class=\"wDYxhc\" data-md=\"61\">\n<div class=\"LGOjhe\" role=\"heading\" data-attrid=\"wa:\/description\" data-hveid=\"CE0QAA\">Bei Toren bis zu einer Breite von 150 cm verwenden wir 50 cm lange Ladenb\u00e4nder.<\/div>\n<div class=\"LGOjhe\" role=\"heading\" data-attrid=\"wa:\/description\" data-hveid=\"CE0QAA\">Bei Toren, die breiter als 150 cm sind, empfehlen wir 80 cm lange Ladenb\u00e4nder.<\/div>\n<\/div>\n<\/div>\n<\/div>\n<\/div>\n<\/div>\n","protected":false},"excerpt":{"rendered":"<p>Ladenb\u00e4nder f\u00fcr Holztore Diese hochwertigen Ladenb\u00e4nder (auch Torb\u00e4nder genannt) kommen bei unseren Holztoren zum Einsatz. Sie werden am Torfl\u00fcgel montiert und sp\u00e4ter auf den Kloben&#8230;<\/p>\n","protected":false},"featured_media":13055,"comment_status":"closed","ping_status":"closed","template":"","meta":{"_acf_changed":false,"inline_featured_image":false,"_trash_the_other_posts":false,"ep_exclude_from_search":false,"iawp_total_views":429,"editor_notices":[]},"product_brand":[],"product_cat":[264,266,272],"product_tag":[],"class_list":{"0":"post-9422","1":"product","2":"type-product","3":"status-publish","4":"has-post-thumbnail","6":"product_cat-scharniere-und-schliesswerk","7":"product_cat-holzprodukte","8":"product_cat-holzprodukte-2","9":"product_shipping_class-paketpost","11":"first","12":"instock","13":"shipping-taxable","14":"purchasable","15":"product-type-variable","16":"has-default-attributes"},"composite_virtual":false,"composite_layout":"","composite_add_to_cart_form_location":"","composite_editable_in_cart":false,"composite_sold_individually_context":"","composite_shop_price_calc":"","composite_components":[],"composite_scenarios":[],"acf":[],"_links":{"self":[{"href":"https:\/\/adequat.eu\/de\/wp-json\/wp\/v2\/product\/9422","targetHints":{"allow":["GET"]}}],"collection":[{"href":"https:\/\/adequat.eu\/de\/wp-json\/wp\/v2\/product"}],"about":[{"href":"https:\/\/adequat.eu\/de\/wp-json\/wp\/v2\/types\/product"}],"replies":[{"embeddable":true,"href":"https:\/\/adequat.eu\/de\/wp-json\/wp\/v2\/comments?post=9422"}],"wp:featuredmedia":[{"embeddable":true,"href":"https:\/\/adequat.eu\/de\/wp-json\/wp\/v2\/media\/13055"}],"wp:attachment":[{"href":"https:\/\/adequat.eu\/de\/wp-json\/wp\/v2\/media?parent=9422"}],"wp:term":[{"taxonomy":"product_brand","embeddable":true,"href":"https:\/\/adequat.eu\/de\/wp-json\/wp\/v2\/product_brand?post=9422"},{"taxonomy":"product_cat","embeddable":true,"href":"https:\/\/adequat.eu\/de\/wp-json\/wp\/v2\/product_cat?post=9422"},{"taxonomy":"product_tag","embeddable":true,"href":"https:\/\/adequat.eu\/de\/wp-json\/wp\/v2\/product_tag?post=9422"}],"curies":[{"name":"wp","href":"https:\/\/api.w.org\/{rel}","templated":true}]}}