{"id":9424,"date":"2015-06-16T12:21:43","date_gmt":"2015-06-16T10:21:43","guid":{"rendered":"https:\/\/adequat.eu\/de\/product\/gartentorfalle-torverschluss-holztor\/"},"modified":"2026-03-05T14:31:21","modified_gmt":"2026-03-05T13:31:21","slug":"gartentorfalle-torverschluss-holztor","status":"publish","type":"product","link":"https:\/\/adequat.eu\/de\/produkt\/holzprodukte-2\/scharniere-und-schliesswerk\/gartentorfalle-torverschluss-holztor\/","title":{"rendered":"Gartentorfalle (einfache Ausf\u00fchrung) &#8211; Torverschluss f\u00fcr Holztore"},"content":{"rendered":"<p>Eine Gartentorfalle in einfacher Ausf\u00fchrung aus verzinktem Stahl. Wir montieren diesen Torverschloss standardm\u00e4\u00dfig an unseren <a href=\"https:\/\/adequat.eu\/de\/produkte\/holztore\/staketenzauntore\/\">Staketenzauntoren<\/a>. Ein Holztorbeschlag von hochwertiger, langlebiger Qualit\u00e4t.<\/p>\n","protected":false},"excerpt":{"rendered":"<p>Eine Gartentorfalle in einfacher Ausf\u00fchrung aus verzinktem Stahl. Wir montieren diesen Torverschloss standardm\u00e4\u00dfig an unseren Staketenzauntoren. Ein Holztorbeschlag von hochwertiger, langlebiger Qualit\u00e4t.<\/p>\n","protected":false},"featured_media":7606,"comment_status":"closed","ping_status":"closed","template":"","meta":{"_acf_changed":false,"inline_featured_image":false,"_trash_the_other_posts":false,"ep_exclude_from_search":false,"iawp_total_views":143,"editor_notices":[]},"product_brand":[],"product_cat":[264,266,272],"product_tag":[],"class_list":{"0":"post-9424","1":"product","2":"type-product","3":"status-publish","4":"has-post-thumbnail","6":"product_cat-scharniere-und-schliesswerk","7":"product_cat-holzprodukte","8":"product_cat-holzprodukte-2","9":"product_shipping_class-paketpost","11":"first","12":"instock","13":"shipping-taxable","14":"purchasable","15":"product-type-simple"},"composite_virtual":false,"composite_layout":"","composite_add_to_cart_form_location":"","composite_editable_in_cart":false,"composite_sold_individually_context":"","composite_shop_price_calc":"","composite_components":[],"composite_scenarios":[],"acf":[],"_links":{"self":[{"href":"https:\/\/adequat.eu\/de\/wp-json\/wp\/v2\/product\/9424","targetHints":{"allow":["GET"]}}],"collection":[{"href":"https:\/\/adequat.eu\/de\/wp-json\/wp\/v2\/product"}],"about":[{"href":"https:\/\/adequat.eu\/de\/wp-json\/wp\/v2\/types\/product"}],"replies":[{"embeddable":true,"href":"https:\/\/adequat.eu\/de\/wp-json\/wp\/v2\/comments?post=9424"}],"wp:featuredmedia":[{"embeddable":true,"href":"https:\/\/adequat.eu\/de\/wp-json\/wp\/v2\/media\/7606"}],"wp:attachment":[{"href":"https:\/\/adequat.eu\/de\/wp-json\/wp\/v2\/media?parent=9424"}],"wp:term":[{"taxonomy":"product_brand","embeddable":true,"href":"https:\/\/adequat.eu\/de\/wp-json\/wp\/v2\/product_brand?post=9424"},{"taxonomy":"product_cat","embeddable":true,"href":"https:\/\/adequat.eu\/de\/wp-json\/wp\/v2\/product_cat?post=9424"},{"taxonomy":"product_tag","embeddable":true,"href":"https:\/\/adequat.eu\/de\/wp-json\/wp\/v2\/product_tag?post=9424"}],"curies":[{"name":"wp","href":"https:\/\/api.w.org\/{rel}","templated":true}]}}