{"id":9425,"date":"2015-06-16T12:21:49","date_gmt":"2015-06-16T10:21:49","guid":{"rendered":"https:\/\/adequat.eu\/de\/product\/federriegel-torriegel-holztor\/"},"modified":"2026-03-05T14:30:18","modified_gmt":"2026-03-05T13:30:18","slug":"federriegel-torriegel-holztor","status":"publish","type":"product","link":"https:\/\/adequat.eu\/de\/produkt\/holzprodukte-2\/scharniere-und-schliesswerk\/federriegel-torriegel-holztor\/","title":{"rendered":"Federriegel Torriegel f\u00fcr Holztore"},"content":{"rendered":"<p>Federriegel &#8211; Torriegel f\u00fcr Ihr Holztor. Eine einfache L\u00f6sung, damit Ihr Gartentor immer richtig schlie\u00dft! Der Torriegel ist verzinkt und eignet sich u.a. besonders gut f\u00fcr <a href=\"https:\/\/adequat.eu\/de\/produkte\/holztore\/staketenzauntore\/\">Staketenzauntore<\/a>.<\/p>\n","protected":false},"excerpt":{"rendered":"<p>Federriegel &#8211; Torriegel f\u00fcr Ihr Holztor. Eine einfache L\u00f6sung, damit Ihr Gartentor immer richtig schlie\u00dft! Der Torriegel ist verzinkt und eignet sich u.a. besonders gut&#8230;<\/p>\n","protected":false},"featured_media":7608,"comment_status":"closed","ping_status":"closed","template":"","meta":{"_acf_changed":false,"inline_featured_image":false,"_trash_the_other_posts":false,"ep_exclude_from_search":false,"iawp_total_views":126,"editor_notices":[]},"product_brand":[],"product_cat":[264,266,272],"product_tag":[],"class_list":{"0":"post-9425","1":"product","2":"type-product","3":"status-publish","4":"has-post-thumbnail","6":"product_cat-scharniere-und-schliesswerk","7":"product_cat-holzprodukte","8":"product_cat-holzprodukte-2","9":"product_shipping_class-paketpost","11":"first","12":"instock","13":"shipping-taxable","14":"purchasable","15":"product-type-simple"},"composite_virtual":false,"composite_layout":"","composite_add_to_cart_form_location":"","composite_editable_in_cart":false,"composite_sold_individually_context":"","composite_shop_price_calc":"","composite_components":[],"composite_scenarios":[],"acf":[],"_links":{"self":[{"href":"https:\/\/adequat.eu\/de\/wp-json\/wp\/v2\/product\/9425","targetHints":{"allow":["GET"]}}],"collection":[{"href":"https:\/\/adequat.eu\/de\/wp-json\/wp\/v2\/product"}],"about":[{"href":"https:\/\/adequat.eu\/de\/wp-json\/wp\/v2\/types\/product"}],"replies":[{"embeddable":true,"href":"https:\/\/adequat.eu\/de\/wp-json\/wp\/v2\/comments?post=9425"}],"wp:featuredmedia":[{"embeddable":true,"href":"https:\/\/adequat.eu\/de\/wp-json\/wp\/v2\/media\/7608"}],"wp:attachment":[{"href":"https:\/\/adequat.eu\/de\/wp-json\/wp\/v2\/media?parent=9425"}],"wp:term":[{"taxonomy":"product_brand","embeddable":true,"href":"https:\/\/adequat.eu\/de\/wp-json\/wp\/v2\/product_brand?post=9425"},{"taxonomy":"product_cat","embeddable":true,"href":"https:\/\/adequat.eu\/de\/wp-json\/wp\/v2\/product_cat?post=9425"},{"taxonomy":"product_tag","embeddable":true,"href":"https:\/\/adequat.eu\/de\/wp-json\/wp\/v2\/product_tag?post=9425"}],"curies":[{"name":"wp","href":"https:\/\/api.w.org\/{rel}","templated":true}]}}