{"id":9426,"date":"2016-01-22T13:00:29","date_gmt":"2016-01-22T12:00:29","guid":{"rendered":"https:\/\/adequat.eu\/de\/product\/ueberwurfbuegel-holztore-ueberwurf\/"},"modified":"2023-08-25T10:22:29","modified_gmt":"2023-08-25T08:22:29","slug":"ueberwurfbuegel-holztore-ueberwurf","status":"publish","type":"product","link":"https:\/\/adequat.eu\/de\/produkt\/holzprodukte-2\/scharniere-und-schliesswerk\/ueberwurfbuegel-holztore-ueberwurf\/","title":{"rendered":"\u00dcberwurfb\u00fcgel f\u00fcr Holztore"},"content":{"rendered":"<p>\u00dcberwurf-B\u00fcgel f\u00fcr Holztore (engl. und niederl. Stil). Mit diesem Doppeltor-\u00dcberwurf kann man ganz einfach ein Holztor-Element mit einem anderen verbinden. Verzinkt.<\/p>\n<p>Die Innenabmessungen des \u00dcberwurfb\u00fcgels: 8 cm breit und 37 cm lang.<\/p>\n","protected":false},"excerpt":{"rendered":"<p>\u00dcberwurf-B\u00fcgel f\u00fcr Holztore (engl. und niederl. Stil). Mit diesem Doppeltor-\u00dcberwurf kann man ganz einfach ein Holztor-Element mit einem anderen verbinden. Verzinkt. Die Innenabmessungen des \u00dcberwurfb\u00fcgels:&#8230;<\/p>\n","protected":false},"featured_media":7611,"comment_status":"closed","ping_status":"closed","template":"","meta":{"_acf_changed":false,"inline_featured_image":false,"_trash_the_other_posts":false,"ep_exclude_from_search":false,"iawp_total_views":345,"editor_notices":[]},"product_brand":[],"product_cat":[264,272,266],"product_tag":[],"class_list":{"0":"post-9426","1":"product","2":"type-product","3":"status-publish","4":"has-post-thumbnail","6":"product_cat-scharniere-und-schliesswerk","7":"product_cat-holzprodukte-2","8":"product_cat-holzprodukte","9":"product_shipping_class-paketpost","11":"first","12":"instock","13":"shipping-taxable","14":"purchasable","15":"product-type-simple"},"composite_virtual":false,"composite_layout":"","composite_add_to_cart_form_location":"","composite_editable_in_cart":false,"composite_sold_individually_context":"","composite_shop_price_calc":"","composite_components":[],"composite_scenarios":[],"acf":[],"_links":{"self":[{"href":"https:\/\/adequat.eu\/de\/wp-json\/wp\/v2\/product\/9426","targetHints":{"allow":["GET"]}}],"collection":[{"href":"https:\/\/adequat.eu\/de\/wp-json\/wp\/v2\/product"}],"about":[{"href":"https:\/\/adequat.eu\/de\/wp-json\/wp\/v2\/types\/product"}],"replies":[{"embeddable":true,"href":"https:\/\/adequat.eu\/de\/wp-json\/wp\/v2\/comments?post=9426"}],"wp:featuredmedia":[{"embeddable":true,"href":"https:\/\/adequat.eu\/de\/wp-json\/wp\/v2\/media\/7611"}],"wp:attachment":[{"href":"https:\/\/adequat.eu\/de\/wp-json\/wp\/v2\/media?parent=9426"}],"wp:term":[{"taxonomy":"product_brand","embeddable":true,"href":"https:\/\/adequat.eu\/de\/wp-json\/wp\/v2\/product_brand?post=9426"},{"taxonomy":"product_cat","embeddable":true,"href":"https:\/\/adequat.eu\/de\/wp-json\/wp\/v2\/product_cat?post=9426"},{"taxonomy":"product_tag","embeddable":true,"href":"https:\/\/adequat.eu\/de\/wp-json\/wp\/v2\/product_tag?post=9426"}],"curies":[{"name":"wp","href":"https:\/\/api.w.org\/{rel}","templated":true}]}}