{"id":9428,"date":"2016-01-22T15:24:22","date_gmt":"2016-01-22T14:24:22","guid":{"rendered":"https:\/\/adequat.eu\/de\/product\/verbindungsstuck-zum-beidseitigen-offnen-von-holztoren\/"},"modified":"2025-12-04T13:52:39","modified_gmt":"2025-12-04T12:52:39","slug":"verbindungsstuck-zum-beidseitigen-offnen-von-holztoren","status":"publish","type":"product","link":"https:\/\/adequat.eu\/de\/produkt\/holzprodukte-2\/scharniere-und-schliesswerk\/verbindungsstuck-zum-beidseitigen-offnen-von-holztoren\/","title":{"rendered":"Verbindungsst\u00fcck zum beidseitigen \u00d6ffnen von Holztoren"},"content":{"rendered":"<p>Mit diesem Verbindungsst\u00fcck k\u00f6nnen Sie ein <a href=\"https:\/\/adequat.eu\/de\/produkte\/holztore\/\">Holztor<\/a> (z.B. engl. o. niederl. Stil) in beide Richtungen \u00f6ffnen. Voraussetzung hierf\u00fcr ist, dass das Tor zwischen zwei Pfosten angebracht wird.\u00a0Bei unseren Holztoren im niederl. u. engl. Stil wird das Verbindungsst\u00fcck standardm\u00e4\u00dfig mitgeliefert.<\/p>\n<p>Das Verbindungsst\u00fcck ist aus hochwertigem, verzinktem Stahl gefertigt.<\/p>\n","protected":false},"excerpt":{"rendered":"<p>Mit diesem Verbindungsst\u00fcck k\u00f6nnen Sie ein Holztor (z.B. engl. o. niederl. Stil) in beide Richtungen \u00f6ffnen. Voraussetzung hierf\u00fcr ist, dass das Tor zwischen zwei Pfosten&#8230;<\/p>\n","protected":false},"featured_media":7617,"comment_status":"closed","ping_status":"closed","template":"","meta":{"_acf_changed":false,"inline_featured_image":false,"_trash_the_other_posts":false,"ep_exclude_from_search":false,"iawp_total_views":257,"editor_notices":[]},"product_brand":[],"product_cat":[264,266,272],"product_tag":[],"class_list":{"0":"post-9428","1":"product","2":"type-product","3":"status-publish","4":"has-post-thumbnail","6":"product_cat-scharniere-und-schliesswerk","7":"product_cat-holzprodukte","8":"product_cat-holzprodukte-2","9":"product_shipping_class-paketpost","11":"first","12":"instock","13":"shipping-taxable","14":"purchasable","15":"product-type-simple"},"composite_virtual":false,"composite_layout":"","composite_add_to_cart_form_location":"","composite_editable_in_cart":false,"composite_sold_individually_context":"","composite_shop_price_calc":"","composite_components":[],"composite_scenarios":[],"acf":[],"_links":{"self":[{"href":"https:\/\/adequat.eu\/de\/wp-json\/wp\/v2\/product\/9428","targetHints":{"allow":["GET"]}}],"collection":[{"href":"https:\/\/adequat.eu\/de\/wp-json\/wp\/v2\/product"}],"about":[{"href":"https:\/\/adequat.eu\/de\/wp-json\/wp\/v2\/types\/product"}],"replies":[{"embeddable":true,"href":"https:\/\/adequat.eu\/de\/wp-json\/wp\/v2\/comments?post=9428"}],"wp:featuredmedia":[{"embeddable":true,"href":"https:\/\/adequat.eu\/de\/wp-json\/wp\/v2\/media\/7617"}],"wp:attachment":[{"href":"https:\/\/adequat.eu\/de\/wp-json\/wp\/v2\/media?parent=9428"}],"wp:term":[{"taxonomy":"product_brand","embeddable":true,"href":"https:\/\/adequat.eu\/de\/wp-json\/wp\/v2\/product_brand?post=9428"},{"taxonomy":"product_cat","embeddable":true,"href":"https:\/\/adequat.eu\/de\/wp-json\/wp\/v2\/product_cat?post=9428"},{"taxonomy":"product_tag","embeddable":true,"href":"https:\/\/adequat.eu\/de\/wp-json\/wp\/v2\/product_tag?post=9428"}],"curies":[{"name":"wp","href":"https:\/\/api.w.org\/{rel}","templated":true}]}}