{"id":9521,"date":"2020-08-20T14:03:30","date_gmt":"2020-08-20T12:03:30","guid":{"rendered":"https:\/\/adequat.eu\/de\/product\/post-rail-tor-gerade-2-riegel-dubbel\/"},"modified":"2026-04-03T16:59:41","modified_gmt":"2026-04-03T14:59:41","slug":"post-rail-tor-gerade-2-riegel-dubbel","status":"publish","type":"product","link":"https:\/\/adequat.eu\/de\/produkt\/holztore\/post-rail-gerade-2-riegel-kastanie-doppelt\/","title":{"rendered":"Post &amp; Rail gerade 2 Riegel Kastanie doppelt"},"content":{"rendered":"<ul>\n<li class=\"p1\"><strong>Lieferung inkl. passender Beschl\u00e4ge<\/strong><\/li>\n<\/ul>\n<p>Ein englisches Weidetor aus Holz: Dieses Post &amp; Rail Doppeltor mit 2 Riegeln passt perfekt zu unserem <a href=\"https:\/\/adequat.eu\/de\/produkte\/kastanienzaun-naturzaun\/post-and-rail-fencing-fence-weidezaun-holz\/\">Post &amp; Rail Zaun<\/a> (2 Riegel). Dieser Weidetor aus Holz hat zwei gerade Zaunriegel. Das englische Weidetor aus Holz ist auch als <a href=\"https:\/\/adequat.eu\/de\/produkt\/holztore\/post-rail-gerade-3-riegel-kastanie-doppelt\/\"><u>Variante mit 3 Riegeln<\/u><\/a> erh\u00e4ltlich. Ein rustikales Weidetor aus Holz, das sich perfekt in jede l\u00e4ndliche Umgebung einf\u00fcgt! Das englische Weidetor ist auch als <a href=\"https:\/\/adequat.eu\/de\/produkt\/holztore\/post-rail-gerade-2-riegel-kastanie-doppelt\/\"><u>Zufahrtstor mit hoher Diagonalstrebe<\/u><\/a> erh\u00e4ltlich.<\/p>\n<h2>Dieses englische Weidetor aus Holz (Post &amp; Rail Tor) ist auch in anderen Ma\u00dfen erh\u00e4ltlich<\/h2>\n<p>Auf Wunsch statten wir alle Post &amp; Rail Tore auch mit <a href=\"https:\/\/adequat.eu\/de\/produkt\/holzprodukte\/staketen-aus-kastanie\/einzelne-latten-kastanie\/\">Staketen aus Kastanienholz<\/a> aus. Das Ergebnis sieht dann \u00e4hnlich aus wie bei unseren <a href=\"https:\/\/adequat.eu\/de\/produkte\/holztore\/staketenzauntore\/\">Staketentoren<\/a>. Das Weidetor dient in diesem Fall als Rahmen, \u00e4hnlich wie bei <a href=\"https:\/\/adequat.eu\/de\/produkte\/holztore\/staketenzauntore\/\">diesen Holztoren<\/a>.<\/p>\n<p>Standardm\u00e4\u00dfig ist dieses englische Weidetor 120 cm hoch. Dabei messen wir die H\u00f6he der obersten liegenden Latte. In unserer Firma wird das englische Weidetor aus Holz auf traditionelle Weise hergestellt. Wir verwenden nachhaltiges, langlebiges, unbehandeltes Kastanienholz.<\/p>\n<p>Auf Wunsch fertigen wir Ihr Weidetor aus Holz auch in Ihren Wunschma\u00dfen an. Senden Sie uns einfach eine <a href=\"https:\/\/adequat.eu\/de\/angebot\/\"><u>Anfrage<\/u><\/a> und wir machen Ihnen gern ein unverbindliches Angebot.<\/p>\n","protected":false},"excerpt":{"rendered":"<p>Lieferung inkl. passender Beschl\u00e4ge Ein englisches Weidetor aus Holz: Dieses Post &amp; Rail Doppeltor mit 2 Riegeln passt perfekt zu unserem Post &amp; Rail Zaun&#8230;<\/p>\n","protected":false},"featured_media":21444,"comment_status":"closed","ping_status":"closed","template":"","meta":{"_acf_changed":false,"inline_featured_image":false,"_trash_the_other_posts":false,"ep_exclude_from_search":false,"iawp_total_views":50,"editor_notices":[]},"product_brand":[],"product_cat":[253,522,261,523,624,627],"product_tag":[],"class_list":{"0":"post-9521","1":"product","2":"type-product","3":"status-publish","4":"has-post-thumbnail","6":"product_cat-post-rail","7":"product_cat-alpakazaun","8":"product_cat-holztore","9":"product_cat-pferdezaun","10":"product_cat-kastanie","11":"product_cat-weidetore","13":"first","14":"instock","15":"shipping-taxable","16":"purchasable","17":"product-type-composite"},"composite_virtual":false,"composite_layout":"single","composite_add_to_cart_form_location":"default","composite_editable_in_cart":false,"composite_sold_individually_context":"product","composite_shop_price_calc":"defaults","composite_components":[{"id":"1610147748","title":"Tor Links","description":"","query_type":"product_ids","query_ids":[41748],"default_option_id":41748,"thumbnail_id":"","thumbnail_src":"","quantity_min":1,"quantity_max":1,"priced_individually":true,"shipped_individually":false,"optional":false,"discount":"","options_style":"dropdowns","pagination_style":"classic","display_prices":"absolute","show_sorting_options":false,"show_filtering_options":false,"attribute_filter_ids":[],"select_action":"view","product_title_visible":false,"product_descr_visible":false,"product_price_visible":true,"product_thumb_visible":false,"subtotal_visible_product":true,"subtotal_visible_cart":true,"subtotal_visible_orders":true},{"id":"1610147749","title":"Tor Rechts","description":"","query_type":"product_ids","query_ids":[41748],"default_option_id":41748,"thumbnail_id":"","thumbnail_src":"","quantity_min":1,"quantity_max":1,"priced_individually":true,"shipped_individually":false,"optional":false,"discount":"","options_style":"dropdowns","pagination_style":"classic","display_prices":"absolute","show_sorting_options":false,"show_filtering_options":false,"attribute_filter_ids":[],"select_action":"view","product_title_visible":false,"product_descr_visible":false,"product_price_visible":true,"product_thumb_visible":false,"subtotal_visible_product":true,"subtotal_visible_cart":true,"subtotal_visible_orders":true},{"id":"1769135486","title":"Torpfosten Post &amp; Rail","description":"","query_type":"product_ids","query_ids":[41754,35639,35640,9360],"default_option_id":"","thumbnail_id":"","thumbnail_src":"","quantity_min":2,"quantity_max":2,"priced_individually":true,"shipped_individually":false,"optional":true,"discount":"","options_style":"radios","pagination_style":"classic","display_prices":"absolute","show_sorting_options":false,"show_filtering_options":false,"attribute_filter_ids":[],"select_action":"view","product_title_visible":false,"product_descr_visible":false,"product_price_visible":true,"product_thumb_visible":false,"subtotal_visible_product":false,"subtotal_visible_cart":false,"subtotal_visible_orders":false}],"composite_scenarios":[],"acf":[],"_links":{"self":[{"href":"https:\/\/adequat.eu\/de\/wp-json\/wp\/v2\/product\/9521","targetHints":{"allow":["GET"]}}],"collection":[{"href":"https:\/\/adequat.eu\/de\/wp-json\/wp\/v2\/product"}],"about":[{"href":"https:\/\/adequat.eu\/de\/wp-json\/wp\/v2\/types\/product"}],"replies":[{"embeddable":true,"href":"https:\/\/adequat.eu\/de\/wp-json\/wp\/v2\/comments?post=9521"}],"wp:featuredmedia":[{"embeddable":true,"href":"https:\/\/adequat.eu\/de\/wp-json\/wp\/v2\/media\/21444"}],"wp:attachment":[{"href":"https:\/\/adequat.eu\/de\/wp-json\/wp\/v2\/media?parent=9521"}],"wp:term":[{"taxonomy":"product_brand","embeddable":true,"href":"https:\/\/adequat.eu\/de\/wp-json\/wp\/v2\/product_brand?post=9521"},{"taxonomy":"product_cat","embeddable":true,"href":"https:\/\/adequat.eu\/de\/wp-json\/wp\/v2\/product_cat?post=9521"},{"taxonomy":"product_tag","embeddable":true,"href":"https:\/\/adequat.eu\/de\/wp-json\/wp\/v2\/product_tag?post=9521"}],"curies":[{"name":"wp","href":"https:\/\/api.w.org\/{rel}","templated":true}]}}