{"id":9522,"date":"2020-08-20T14:13:34","date_gmt":"2020-08-20T12:13:34","guid":{"rendered":"https:\/\/adequat.eu\/de\/product\/koppeltor-holz-post-rail-doppeltor-3-riegel\/"},"modified":"2026-04-03T17:00:32","modified_gmt":"2026-04-03T15:00:32","slug":"koppeltor-holz-post-rail-doppeltor-3-riegel","status":"publish","type":"product","link":"https:\/\/adequat.eu\/de\/produkt\/holztore\/post-rail-gerade-3-riegel-kastanie-doppelt\/","title":{"rendered":"Post &amp; Rail gerade 3 Riegel Kastanie doppelt"},"content":{"rendered":"<ul>\n<li class=\"p1\"><strong>Lieferung inkl. passender Beschl\u00e4ge<\/strong><\/li>\n<\/ul>\n<p>Dieses Holz-Koppeltor mit 3 Riegeln passt perfekt zu unseren <a href=\"https:\/\/adequat.eu\/de\/produkte\/kastanienzaun-naturzaun\/post-and-rail-fencing-fence-weidezaun-holz\/\">Post &amp; Rail Z\u00e4unen<\/a> (3 Riegel). Bei diesem Koppeltor aus Holz handelt es sich um ein Doppeltor aus nachhaltigem Kastanienholz. Sie k\u00f6nnen das gleiche Doppeltor auch als <a href=\"https:\/\/adequat.eu\/de\/produkt\/holztore\/post-rail-gerade-2-riegel-kastanie-doppelt\/\"><u>Variante mit nur 2 Riegeln<\/u><\/a> bestellen. In einer l\u00e4ndlichen Umgebung kommt dieses rustikale Koppeltor am besten zur Geltung! Dieses Tor ist auch als <a href=\"https:\/\/adequat.eu\/de\/produkt\/holztore\/post-rail-hoch-3-riegel-kastanie-doppelt\/\"><u>Doppeltor mit hoher Diagonalstrebe<\/u><\/a> erh\u00e4ltlich.<\/p>\n<h2>Post &amp; Rail Koppeltor aus Holz in anderen Ma\u00dfen<\/h2>\n<p>Auf Wunsch liefern wir dieses Holz-Koppeltor auch mit <a href=\"https:\/\/adequat.eu\/de\/produkt\/holzprodukte\/staketen-aus-kastanie\/einzelne-latten-kastanie\/\">Staketen aus Kastanienholz<\/a>, \u00e4hnlich wie bei den <a href=\"https:\/\/adequat.eu\/de\/produkte\/holztore\/staketenzauntore\/\">Staketentoren<\/a>. Das Post &amp; Rail Koppeltor dient in diesem Fall als Rahmen, \u00e4hnlich wie bei <a href=\"https:\/\/adequat.eu\/de\/produkte\/holztore\/staketenzauntore\/\">diesen Holztoren<\/a>.<\/p>\n<p>Standardm\u00e4\u00dfig sind unsere Post &amp; Rail Koppeltore 120 cm hoch. Dabei messen wir immer die H\u00f6he der obersten liegenden Latte. Bei Ad\u00e9quat stellen wir alle Koppeltore aus Holz auf traditionelle Weise her. Wir verwenden nachhaltiges, langlebiges, unbehandeltes Kastanienholz.<\/p>\n<p>Auf Wunsch fertigen wir Ihr Koppeltor aus Holz auch in Ihren Wunschma\u00dfen an. Senden Sie uns einfach eine <a href=\"https:\/\/adequat.eu\/de\/angebot\/\"><u>Anfrage<\/u><\/a> und wir machen Ihnen gern ein unverbindliches Angebot.<\/p>\n","protected":false},"excerpt":{"rendered":"<p>Lieferung inkl. passender Beschl\u00e4ge Dieses Holz-Koppeltor mit 3 Riegeln passt perfekt zu unseren Post &amp; Rail Z\u00e4unen (3 Riegel). Bei diesem Koppeltor aus Holz handelt&#8230;<\/p>\n","protected":false},"featured_media":21446,"comment_status":"closed","ping_status":"closed","template":"","meta":{"_acf_changed":false,"inline_featured_image":false,"_trash_the_other_posts":false,"ep_exclude_from_search":false,"iawp_total_views":116,"editor_notices":[]},"product_brand":[],"product_cat":[253,522,500,261,523,640,643,646,649,651,624,627],"product_tag":[],"class_list":{"0":"post-9522","1":"product","2":"type-product","3":"status-publish","4":"has-post-thumbnail","6":"product_cat-post-rail","7":"product_cat-alpakazaun","8":"product_cat-doppelfluegeltor","9":"product_cat-holztore","10":"product_cat-pferdezaun","11":"product_cat-120-cm","12":"product_cat-150-cm","13":"product_cat-200-cm","14":"product_cat-250-cm","15":"product_cat-300-cm","16":"product_cat-kastanie","17":"product_cat-weidetore","19":"first","20":"instock","21":"shipping-taxable","22":"purchasable","23":"product-type-composite"},"composite_virtual":false,"composite_layout":"single","composite_add_to_cart_form_location":"default","composite_editable_in_cart":false,"composite_sold_individually_context":"product","composite_shop_price_calc":"defaults","composite_components":[{"id":"1595521825","title":"Tor links","description":"","query_type":"product_ids","query_ids":[41755],"default_option_id":41755,"thumbnail_id":"","thumbnail_src":"","quantity_min":1,"quantity_max":1,"priced_individually":true,"shipped_individually":false,"optional":false,"discount":"","options_style":"dropdowns","pagination_style":"classic","display_prices":"absolute","show_sorting_options":false,"show_filtering_options":false,"attribute_filter_ids":[],"select_action":"view","product_title_visible":false,"product_descr_visible":false,"product_price_visible":true,"product_thumb_visible":false,"subtotal_visible_product":true,"subtotal_visible_cart":true,"subtotal_visible_orders":true},{"id":"1595521826","title":"Tor rechts","description":"","query_type":"product_ids","query_ids":[41755],"default_option_id":41755,"thumbnail_id":"","thumbnail_src":"","quantity_min":1,"quantity_max":1,"priced_individually":true,"shipped_individually":false,"optional":false,"discount":"","options_style":"dropdowns","pagination_style":"classic","display_prices":"absolute","show_sorting_options":false,"show_filtering_options":false,"attribute_filter_ids":[],"select_action":"view","product_title_visible":false,"product_descr_visible":false,"product_price_visible":true,"product_thumb_visible":false,"subtotal_visible_product":true,"subtotal_visible_cart":true,"subtotal_visible_orders":true},{"id":"1769136695","title":"Torpfosten Post &amp; Rail","description":"","query_type":"product_ids","query_ids":[41754,35639,35640,9360],"default_option_id":"","thumbnail_id":"","thumbnail_src":"","quantity_min":2,"quantity_max":2,"priced_individually":true,"shipped_individually":false,"optional":true,"discount":"","options_style":"radios","pagination_style":"classic","display_prices":"absolute","show_sorting_options":false,"show_filtering_options":false,"attribute_filter_ids":[],"select_action":"view","product_title_visible":false,"product_descr_visible":false,"product_price_visible":true,"product_thumb_visible":false,"subtotal_visible_product":false,"subtotal_visible_cart":false,"subtotal_visible_orders":false}],"composite_scenarios":[],"acf":[],"_links":{"self":[{"href":"https:\/\/adequat.eu\/de\/wp-json\/wp\/v2\/product\/9522","targetHints":{"allow":["GET"]}}],"collection":[{"href":"https:\/\/adequat.eu\/de\/wp-json\/wp\/v2\/product"}],"about":[{"href":"https:\/\/adequat.eu\/de\/wp-json\/wp\/v2\/types\/product"}],"replies":[{"embeddable":true,"href":"https:\/\/adequat.eu\/de\/wp-json\/wp\/v2\/comments?post=9522"}],"wp:featuredmedia":[{"embeddable":true,"href":"https:\/\/adequat.eu\/de\/wp-json\/wp\/v2\/media\/21446"}],"wp:attachment":[{"href":"https:\/\/adequat.eu\/de\/wp-json\/wp\/v2\/media?parent=9522"}],"wp:term":[{"taxonomy":"product_brand","embeddable":true,"href":"https:\/\/adequat.eu\/de\/wp-json\/wp\/v2\/product_brand?post=9522"},{"taxonomy":"product_cat","embeddable":true,"href":"https:\/\/adequat.eu\/de\/wp-json\/wp\/v2\/product_cat?post=9522"},{"taxonomy":"product_tag","embeddable":true,"href":"https:\/\/adequat.eu\/de\/wp-json\/wp\/v2\/product_tag?post=9522"}],"curies":[{"name":"wp","href":"https:\/\/api.w.org\/{rel}","templated":true}]}}