{"id":9523,"date":"2020-08-20T14:19:21","date_gmt":"2020-08-20T12:19:21","guid":{"rendered":"https:\/\/adequat.eu\/de\/product\/post-rail-doppeltor-holz-mit-2-riegeln-und-diagonalstrebe\/"},"modified":"2026-04-03T17:01:38","modified_gmt":"2026-04-03T15:01:38","slug":"post-rail-doppeltor-holz-mit-2-riegeln-und-diagonalstrebe","status":"publish","type":"product","link":"https:\/\/adequat.eu\/de\/produkt\/holztore\/post-rail-hoch-2-riegel-kastanie-doppelt\/","title":{"rendered":"Post &amp; Rail Tor hoch 2 Riegel Kastanie doppelt"},"content":{"rendered":"<ul>\n<li class=\"p1\"><strong>Lieferung inkl. passender Beschl\u00e4ge<\/strong><\/li>\n<\/ul>\n<p>Dieses Doppeltor aus Holz im englischen Post &amp; Rail Stil hat 2 Querriegel und eine unterst\u00fctzende, hohe Diagonalstrebe. Das Tor ist aus Kastanienholz gefertigt und passt perfekt zu unseren <a href=\"https:\/\/adequat.eu\/de\/produkte\/kastanienzaun-naturzaun\/post-and-rail-fencing-fence-weidezaun-holz\/\">Post &amp; Rail Z\u00e4unen<\/a>. Das gleiche Doppeltor ist auch als Variante <a href=\"https:\/\/adequat.eu\/de\/produkt\/holztore\/post-rail-hoch-3-riegel-kastanie-doppelt\/\">mit <u>3 Querriegeln<\/u><\/a> erh\u00e4ltlich. In einer l\u00e4ndlichen Umgebung kommt so ein rustikales Doppeltor besonders gut zur Geltung! Die Doppeltore sind auch in der\u00a0<a href=\"https:\/\/adequat.eu\/de\/produkt\/holztore\/post-rail-gerade-3-riegel-kastanie-doppelt\/\"><u>Variante ohne Diagonalstrebe<\/u><\/a> erh\u00e4ltlich.<\/p>\n<h2>Holz-Doppeltor Post &amp; Rail in anderen Ma\u00dfen<\/h2>\n<p>Auf Wunsch befestigen wir <a href=\"https:\/\/adequat.eu\/de\/produkt\/holzprodukte\/staketen-aus-kastanie\/einzelne-latten-kastanie\/\">Staketen aus Kastanie<\/a> an Ihrem Doppeltor aus Holz. Ihr Doppeltor sieht dann so \u00e4hnlich aus wie unsere <a href=\"https:\/\/adequat.eu\/de\/produkte\/holztore\/staketenzauntore\/\">Staketentoren<\/a>. In diesem Fall dient das Doppeltor als Rahmen (<a href=\"https:\/\/adequat.eu\/de\/produkte\/holztore\/staketenzauntore\/\">wie bei diesen Staketenzaun-Toren<\/a>).<\/p>\n<p>Die Standardh\u00f6he dieser Holz-Doppeltore ist ungef\u00e4hr 160 cm. Dabei wird die H\u00f6he des h\u00f6heren Pfostens gemessen. Der kleinere Pfosten hat eine H\u00f6he von 120 cm. Der oberste Querriegel liegt auf ungef\u00e4hr 110 cm H\u00f6he. Bei Ad\u00e9quat stellen wir alle Doppeltore aus Holz auf traditionelle Weise her. Daf\u00fcr verwenden wir nachhaltiges und langlebiges Kastanienholz, das ohne zus\u00e4tzliche Behandlung auskommt.<\/p>\n<p>Ben\u00f6tigen Sie ein Holz-Doppeltor in anderen Ma\u00dfen? Kein Problem! Senden Sie uns einfach eine Anfrage und wir machen Ihnen gern ein unverbindliches <a href=\"https:\/\/adequat.eu\/de\/angebot\/\">Angebot<\/a>.<\/p>\n","protected":false},"excerpt":{"rendered":"<p>Lieferung inkl. passender Beschl\u00e4ge Dieses Doppeltor aus Holz im englischen Post &amp; Rail Stil hat 2 Querriegel und eine unterst\u00fctzende, hohe Diagonalstrebe. Das Tor ist&#8230;<\/p>\n","protected":false},"featured_media":33320,"comment_status":"closed","ping_status":"closed","template":"","meta":{"_acf_changed":false,"inline_featured_image":false,"_trash_the_other_posts":false,"ep_exclude_from_search":false,"iawp_total_views":39,"editor_notices":[]},"product_brand":[],"product_cat":[253,522,261,523,624,627],"product_tag":[],"class_list":{"0":"post-9523","1":"product","2":"type-product","3":"status-publish","4":"has-post-thumbnail","6":"product_cat-post-rail","7":"product_cat-alpakazaun","8":"product_cat-holztore","9":"product_cat-pferdezaun","10":"product_cat-kastanie","11":"product_cat-weidetore","13":"first","14":"instock","15":"shipping-taxable","16":"purchasable","17":"product-type-composite"},"composite_virtual":false,"composite_layout":"single","composite_add_to_cart_form_location":"default","composite_editable_in_cart":false,"composite_sold_individually_context":"product","composite_shop_price_calc":"defaults","composite_components":[{"id":"1595522256","title":"Tor links","description":"","query_type":"product_ids","query_ids":[41761],"default_option_id":41761,"thumbnail_id":"","thumbnail_src":"","quantity_min":1,"quantity_max":1,"priced_individually":true,"shipped_individually":false,"optional":false,"discount":"","options_style":"dropdowns","pagination_style":"classic","display_prices":"absolute","show_sorting_options":false,"show_filtering_options":false,"attribute_filter_ids":[],"select_action":"view","product_title_visible":false,"product_descr_visible":false,"product_price_visible":true,"product_thumb_visible":false,"subtotal_visible_product":true,"subtotal_visible_cart":true,"subtotal_visible_orders":true},{"id":"1595522257","title":"Tor rechts","description":"","query_type":"product_ids","query_ids":[41761],"default_option_id":41761,"thumbnail_id":"","thumbnail_src":"","quantity_min":1,"quantity_max":1,"priced_individually":true,"shipped_individually":false,"optional":false,"discount":"","options_style":"dropdowns","pagination_style":"classic","display_prices":"absolute","show_sorting_options":false,"show_filtering_options":false,"attribute_filter_ids":[],"select_action":"view","product_title_visible":false,"product_descr_visible":false,"product_price_visible":true,"product_thumb_visible":false,"subtotal_visible_product":true,"subtotal_visible_cart":true,"subtotal_visible_orders":true},{"id":"1769138803","title":"Torpfosten Post &amp; Rail","description":"","query_type":"product_ids","query_ids":[41754,35639,35640,9360],"default_option_id":"","thumbnail_id":"","thumbnail_src":"","quantity_min":2,"quantity_max":2,"priced_individually":true,"shipped_individually":false,"optional":true,"discount":"","options_style":"radios","pagination_style":"classic","display_prices":"absolute","show_sorting_options":false,"show_filtering_options":false,"attribute_filter_ids":[],"select_action":"view","product_title_visible":false,"product_descr_visible":false,"product_price_visible":true,"product_thumb_visible":false,"subtotal_visible_product":false,"subtotal_visible_cart":false,"subtotal_visible_orders":false}],"composite_scenarios":[],"acf":[],"_links":{"self":[{"href":"https:\/\/adequat.eu\/de\/wp-json\/wp\/v2\/product\/9523","targetHints":{"allow":["GET"]}}],"collection":[{"href":"https:\/\/adequat.eu\/de\/wp-json\/wp\/v2\/product"}],"about":[{"href":"https:\/\/adequat.eu\/de\/wp-json\/wp\/v2\/types\/product"}],"replies":[{"embeddable":true,"href":"https:\/\/adequat.eu\/de\/wp-json\/wp\/v2\/comments?post=9523"}],"wp:featuredmedia":[{"embeddable":true,"href":"https:\/\/adequat.eu\/de\/wp-json\/wp\/v2\/media\/33320"}],"wp:attachment":[{"href":"https:\/\/adequat.eu\/de\/wp-json\/wp\/v2\/media?parent=9523"}],"wp:term":[{"taxonomy":"product_brand","embeddable":true,"href":"https:\/\/adequat.eu\/de\/wp-json\/wp\/v2\/product_brand?post=9523"},{"taxonomy":"product_cat","embeddable":true,"href":"https:\/\/adequat.eu\/de\/wp-json\/wp\/v2\/product_cat?post=9523"},{"taxonomy":"product_tag","embeddable":true,"href":"https:\/\/adequat.eu\/de\/wp-json\/wp\/v2\/product_tag?post=9523"}],"curies":[{"name":"wp","href":"https:\/\/api.w.org\/{rel}","templated":true}]}}