{"id":9524,"date":"2020-08-20T14:36:20","date_gmt":"2020-08-20T12:36:20","guid":{"rendered":"https:\/\/adequat.eu\/de\/product\/post-rail-doppelfluegeltor-holz-mit-3-riegeln-und-diagonalstrebe\/"},"modified":"2026-04-03T17:02:09","modified_gmt":"2026-04-03T15:02:09","slug":"post-rail-doppelfluegeltor-holz-mit-3-riegeln-und-diagonalstrebe","status":"publish","type":"product","link":"https:\/\/adequat.eu\/de\/produkt\/holztore\/post-rail-hoch-3-riegel-kastanie-doppelt\/","title":{"rendered":"Post &amp; Rail hoch 3 Riegel Kastanie doppelt"},"content":{"rendered":"<ul>\n<li class=\"p1\"><strong>Lieferung inkl. passender Beschl\u00e4ge<\/strong><\/li>\n<\/ul>\n<p>Dieses Post &amp; Rail Doppelfl\u00fcgeltor aus Holz hat 3 Riegel und eine unterst\u00fctzende, hohe Diagonalstrebe. Das Tor passt perfekt zu unseren <a href=\"https:\/\/adequat.eu\/de\/produkte\/kastanienzaun-naturzaun\/post-and-rail-fencing-fence-weidezaun-holz\/\"><u>Post &amp; Rail Z\u00e4unen<\/u><\/a> (mit 3 Querriegeln). Das Doppelfl\u00fcgeltor wird aus langlebigem Kastanienholz gefertigt. Das Doppelfl\u00fcgeltor ist auch auch als Variante mit <a href=\"https:\/\/adequat.eu\/de\/produkt\/holztore\/post-rail-gerade-2-riegel-kastanie-doppelt\/\"><u>2 Querriegeln<\/u><\/a> erh\u00e4ltlich. Ein rustikales Tor, das besonders gut in eine l\u00e4ndliche Umgebung passt. Dieses Doppelfl\u00fcgeltor aus Holz ist auch als <a href=\"https:\/\/adequat.eu\/de\/produkt\/holztore\/post-rail-gerade-3-riegel-kastanie-doppelt\/\"><u>Variante ohne Diagonalstrebe<\/u><\/a> erh\u00e4ltlich.<\/p>\n<h2>Post &amp; Rail Doppelfl\u00fcgeltor in anderen Ma\u00dfen<\/h2>\n<p>Auf Wunsch befestigen wir auch <a href=\"https:\/\/adequat.eu\/de\/produkt\/holzprodukte\/staketen-aus-kastanie\/einzelne-latten-kastanie\/\">Staketen<\/a> an den Doppelfl\u00fcgeltoren aus Holz. Das Ergebnis sieht dann so \u00e4hnlich aus wie bei den <a href=\"https:\/\/adequat.eu\/de\/produkte\/holztore\/staketenzauntore\/\">Staketentoren<\/a>. Das Doppelfl\u00fcgeltor aus Holz dient also als Rahmen wie bei <a href=\"https:\/\/adequat.eu\/de\/produkte\/holztore\/staketenzauntore\/\">diesen Holztoren<\/a>.<\/p>\n<p>Die Standardh\u00f6he (gemessen an der Oberkante des h\u00f6heren Pfostens) betr\u00e4gt ungef\u00e4hr 160 cm. Der niedrigere Pfosten ist ungef\u00e4hr 120 cm hoch. Der obere Querriegel liegt auf ca. 110 cm H\u00f6he. Wir fertigen unsere Doppelfl\u00fcgeltore aus Holz auf traditionelle Weise in unserer eigenen Werkstatt an. Daf\u00fcr verwenden wir nachhaltiges, unbehandeltes Holz der Edelkastanie.<\/p>\n<p>Auf Anfrage fertigen wir selbstverst\u00e4ndlich auch Holz-Doppelfl\u00fcgeltore nach Ma\u00df an. <a href=\"https:\/\/adequat.eu\/de\/service-contact\/\"><u>Kontaktieren<\/u><\/a> Sie uns und wir senden Ihnen gern ein unverbindliches <a href=\"https:\/\/adequat.eu\/de\/angebot\/\">Angebot<\/a>.<\/p>\n","protected":false},"excerpt":{"rendered":"<p>Lieferung inkl. passender Beschl\u00e4ge Dieses Post &amp; Rail Doppelfl\u00fcgeltor aus Holz hat 3 Riegel und eine unterst\u00fctzende, hohe Diagonalstrebe. Das Tor passt perfekt zu unseren&#8230;<\/p>\n","protected":false},"featured_media":33319,"comment_status":"closed","ping_status":"closed","template":"","meta":{"_acf_changed":false,"inline_featured_image":false,"_trash_the_other_posts":false,"ep_exclude_from_search":false,"iawp_total_views":77,"editor_notices":[]},"product_brand":[],"product_cat":[253,522,500,261,523,640,643,646,649,651,624,627],"product_tag":[],"class_list":{"0":"post-9524","1":"product","2":"type-product","3":"status-publish","4":"has-post-thumbnail","6":"product_cat-post-rail","7":"product_cat-alpakazaun","8":"product_cat-doppelfluegeltor","9":"product_cat-holztore","10":"product_cat-pferdezaun","11":"product_cat-120-cm","12":"product_cat-150-cm","13":"product_cat-200-cm","14":"product_cat-250-cm","15":"product_cat-300-cm","16":"product_cat-kastanie","17":"product_cat-weidetore","19":"first","20":"instock","21":"shipping-taxable","22":"purchasable","23":"product-type-composite"},"composite_virtual":false,"composite_layout":"single","composite_add_to_cart_form_location":"default","composite_editable_in_cart":false,"composite_sold_individually_context":"product","composite_shop_price_calc":"defaults","composite_components":[{"id":"1595521133","title":"Tor links","description":"","query_type":"product_ids","query_ids":[41774],"default_option_id":41774,"thumbnail_id":"","thumbnail_src":"","quantity_min":1,"quantity_max":1,"priced_individually":true,"shipped_individually":false,"optional":false,"discount":"","options_style":"dropdowns","pagination_style":"classic","display_prices":"absolute","show_sorting_options":false,"show_filtering_options":false,"attribute_filter_ids":[],"select_action":"view","product_title_visible":false,"product_descr_visible":false,"product_price_visible":true,"product_thumb_visible":false,"subtotal_visible_product":true,"subtotal_visible_cart":true,"subtotal_visible_orders":true},{"id":"1595521134","title":"Tor rechts","description":"","query_type":"product_ids","query_ids":[41774],"default_option_id":41774,"thumbnail_id":"","thumbnail_src":"","quantity_min":1,"quantity_max":1,"priced_individually":true,"shipped_individually":false,"optional":false,"discount":"","options_style":"dropdowns","pagination_style":"classic","display_prices":"absolute","show_sorting_options":false,"show_filtering_options":false,"attribute_filter_ids":[],"select_action":"view","product_title_visible":false,"product_descr_visible":false,"product_price_visible":true,"product_thumb_visible":false,"subtotal_visible_product":true,"subtotal_visible_cart":true,"subtotal_visible_orders":true},{"id":"1769140999","title":"Torpfosten Post &amp; Rail","description":"","query_type":"product_ids","query_ids":[41754,35639,35640,9360],"default_option_id":"","thumbnail_id":"","thumbnail_src":"","quantity_min":2,"quantity_max":2,"priced_individually":true,"shipped_individually":false,"optional":true,"discount":"","options_style":"radios","pagination_style":"classic","display_prices":"absolute","show_sorting_options":false,"show_filtering_options":false,"attribute_filter_ids":[],"select_action":"view","product_title_visible":false,"product_descr_visible":false,"product_price_visible":true,"product_thumb_visible":false,"subtotal_visible_product":false,"subtotal_visible_cart":false,"subtotal_visible_orders":false}],"composite_scenarios":[],"acf":[],"_links":{"self":[{"href":"https:\/\/adequat.eu\/de\/wp-json\/wp\/v2\/product\/9524","targetHints":{"allow":["GET"]}}],"collection":[{"href":"https:\/\/adequat.eu\/de\/wp-json\/wp\/v2\/product"}],"about":[{"href":"https:\/\/adequat.eu\/de\/wp-json\/wp\/v2\/types\/product"}],"replies":[{"embeddable":true,"href":"https:\/\/adequat.eu\/de\/wp-json\/wp\/v2\/comments?post=9524"}],"wp:featuredmedia":[{"embeddable":true,"href":"https:\/\/adequat.eu\/de\/wp-json\/wp\/v2\/media\/33319"}],"wp:attachment":[{"href":"https:\/\/adequat.eu\/de\/wp-json\/wp\/v2\/media?parent=9524"}],"wp:term":[{"taxonomy":"product_brand","embeddable":true,"href":"https:\/\/adequat.eu\/de\/wp-json\/wp\/v2\/product_brand?post=9524"},{"taxonomy":"product_cat","embeddable":true,"href":"https:\/\/adequat.eu\/de\/wp-json\/wp\/v2\/product_cat?post=9524"},{"taxonomy":"product_tag","embeddable":true,"href":"https:\/\/adequat.eu\/de\/wp-json\/wp\/v2\/product_tag?post=9524"}],"curies":[{"name":"wp","href":"https:\/\/api.w.org\/{rel}","templated":true}]}}