{"id":10546,"date":"2022-01-11T17:41:28","date_gmt":"2022-01-11T16:41:28","guid":{"rendered":"https:\/\/adequat.eu\/dk\/?page_id=10546"},"modified":"2026-04-03T16:58:07","modified_gmt":"2026-04-03T14:58:07","slug":"sitemap","status":"publish","type":"page","link":"https:\/\/adequat.eu\/dk\/sitemap\/","title":{"rendered":"Sitemap"},"content":{"rendered":"<h1>Sitemap<\/h1>\n<h2><span data-sheets-value=\"{&quot;1&quot;:2,&quot;2&quot;:&quot;Naturhegn&quot;}\" data-sheets-userformat=\"{&quot;2&quot;:513,&quot;3&quot;:{&quot;1&quot;:0},&quot;12&quot;:0}\">Naturhegn<\/span><\/h2>\n<p><a href=\"https:\/\/adequat.eu\/dk\/products\/hegn\/\">Naturhegn<\/a><br \/>\n<a href=\"https:\/\/adequat.eu\/dk\/products\/hegn\/kastanjehegn\/\">Kastanjehegn<\/a><br \/>\n<a href=\"https:\/\/adequat.eu\/dk\/products\/hegn\/robinie-hegn\/\">Robiniehegn<\/a><br \/>\n<a href=\"https:\/\/adequat.eu\/dk\/products\/hegn\/post-rail-dk\/\">Hestehegn<\/a><br \/>\n<a href=\"https:\/\/adequat.eu\/dk\/products\/hegn\/stakit-hegn\/\">Stakithegn<\/a><\/p>\n<h2><span data-sheets-value=\"{&quot;1&quot;:2,&quot;2&quot;:&quot;Havel\u00e5ger tr\u00e6&quot;}\" data-sheets-userformat=\"{&quot;2&quot;:513,&quot;3&quot;:{&quot;1&quot;:0},&quot;12&quot;:0}\">Havel\u00e5ger tr\u00e6<\/span><\/h2>\n<p><span data-sheets-value=\"{&quot;1&quot;:2,&quot;2&quot;:&quot;Franske rundtr\u00e6sl\u00e5ger&quot;}\" data-sheets-userformat=\"{&quot;2&quot;:513,&quot;3&quot;:{&quot;1&quot;:0},&quot;12&quot;:0}\"><a href=\"https:\/\/adequat.eu\/dk\/products\/traelager\/\">Havel\u00e5ger tr\u00e6<\/a><br \/>\n<\/span><span data-sheets-value=\"{&quot;1&quot;:2,&quot;2&quot;:&quot;Franske rammel\u00e5ger&quot;}\" data-sheets-userformat=\"{&quot;2&quot;:513,&quot;3&quot;:{&quot;1&quot;:0},&quot;12&quot;:0}\"><a href=\"https:\/\/adequat.eu\/dk\/products\/traelager\/kastanjehegn-laager\/\">Franske rammel\u00e5ger<\/a><br \/>\n<a href=\"https:\/\/adequat.eu\/dk\/products\/traelager\/\">Engelske l\u00e5ger<\/a><br \/>\n<a href=\"https:\/\/adequat.eu\/dk\/products\/traelager\/\">Hollandske l\u00e5ger<\/a><br \/>\n<a href=\"https:\/\/adequat.eu\/dk\/products\/traelager\/\">Plankehegn<\/a><br \/>\n<a href=\"https:\/\/adequat.eu\/dk\/products\/traelager\/\">Rustikt port kastanjetr\u00e6<\/a><br \/>\n<a href=\"https:\/\/adequat.eu\/dk\/products\/traelager\/\">Port douglas<\/a><br \/>\n<a href=\"https:\/\/adequat.eu\/dk\/products\/traelager\/\">L\u00e5ge til hegn<\/a><br \/>\n<\/span><\/p>\n<h2><span data-sheets-value=\"{&quot;1&quot;:2,&quot;2&quot;:&quot;hegnsp\u00e6le&quot;}\" data-sheets-userformat=\"{&quot;2&quot;:513,&quot;3&quot;:{&quot;1&quot;:0},&quot;12&quot;:0}\">Hegnsp\u00e6le<\/span><\/h2>\n<p><span data-sheets-value=\"{&quot;1&quot;:2,&quot;2&quot;:&quot;hegnsp\u00e6le&quot;}\" data-sheets-userformat=\"{&quot;2&quot;:513,&quot;3&quot;:{&quot;1&quot;:0},&quot;12&quot;:0}\"><a href=\"https:\/\/adequat.eu\/dk\/products\/stolper-dk\/\">Hegnsp\u00e6le<\/a><br \/>\n<a href=\"https:\/\/adequat.eu\/dk\/products\/stolper-dk\/kastanjestolper\/\">Kastanjestolper<\/a><br \/>\n<a href=\"https:\/\/adequat.eu\/dk\/products\/stolper-dk\/robinie-stolper\/\">Robinie stolper<\/a><\/span><\/p>\n<h2><span data-sheets-value=\"{&quot;1&quot;:2,&quot;2&quot;:&quot;\u00d8vrigt&quot;}\" data-sheets-userformat=\"{&quot;2&quot;:513,&quot;3&quot;:{&quot;1&quot;:0},&quot;12&quot;:0}\">\u00d8vrigt<\/span><\/h2>\n<p><span data-sheets-value=\"{&quot;1&quot;:2,&quot;2&quot;:&quot;Montering af hegn&quot;}\" data-sheets-userformat=\"{&quot;2&quot;:513,&quot;3&quot;:{&quot;1&quot;:0},&quot;12&quot;:0}\"><a href=\"https:\/\/adequat.eu\/dk\/products\/oevrigt\/installation\/\">Montering af hegn<\/a><br \/>\n<a href=\"https:\/\/adequat.eu\/dk\/products\/oevrigt\/tagspan-af-kastanjetrae\/\">Tagsp\u00e5n af kastanjetr\u00e6<\/a><br \/>\n<a href=\"https:\/\/adequat.eu\/dk\/om-adequat\/\">Om Ad\u00e9quat<\/a><br \/>\n<a href=\"https:\/\/adequat.eu\/dk\/vores-team\/\">Vores team<\/a><br \/>\n<a href=\"https:\/\/adequat.eu\/dk\/nyheder\/\">Blog<\/a><br \/>\n<a href=\"https:\/\/adequat.eu\/dk\/projekter\/\">Projekter<\/a><br \/>\n<a href=\"https:\/\/adequat.eu\/dk\/installation-tips-tricks\/\">Installation tips &amp; tricks<\/a><br \/>\n<a href=\"https:\/\/adequat.eu\/dk\/service-kontakt\/#faq-all-questions\">FAQ-Sp\u00f8rgsm\u00e5l<\/a><\/span><\/p>\n<h2><span data-sheets-value=\"{&quot;1&quot;:2,&quot;2&quot;:&quot;Installation tips &amp; tricks&quot;}\" data-sheets-userformat=\"{&quot;2&quot;:513,&quot;3&quot;:{&quot;1&quot;:0},&quot;12&quot;:0}\">Installation tips &amp; tricks<\/span><\/h2>\n<p><a href=\"https:\/\/adequat.eu\/dk\/nyheder\/tips-tricks-dansk\/lav-en-pergola\/\">Lave en pergola<\/a><br \/>\n<a href=\"https:\/\/adequat.eu\/dk\/nyheder\/tips-tricks-dansk\/hoensegaard-med-kastanjehegn\/\">H\u00f8nseg\u00e5rd med kastanjehegn<\/a><br \/>\n<a href=\"https:\/\/adequat.eu\/dk\/nyheder\/kastanjehegn-have\/\">Kastanjehegn have<\/a><br \/>\n<a href=\"https:\/\/adequat.eu\/dk\/nyheder\/sort-kastanjehegn-koebe\/\">Ort kastanjehegn k\u00f8be<\/a><br \/>\n<a href=\"https:\/\/adequat.eu\/dk\/projekter\/stolper\/een-afscheiding-of-schutting-van-houten-palen-hoe-pak-je-dat-aan-dansk\/\">En indhegning eller et hegn af tr\u00e6p\u00e6le, hvordan griber man det an?<\/a><\/p>\n<p>&nbsp;<\/p>\n","protected":false},"excerpt":{"rendered":"<p>Sitemap Naturhegn Naturhegn Kastanjehegn Robiniehegn Hestehegn Stakithegn Havel\u00e5ger tr\u00e6 Havel\u00e5ger tr\u00e6 Franske rammel\u00e5ger Engelske l\u00e5ger Hollandske l\u00e5ger Plankehegn Rustikt port kastanjetr\u00e6 Port douglas L\u00e5ge til&#8230;<\/p>\n","protected":false},"author":8321,"featured_media":0,"parent":0,"menu_order":0,"comment_status":"closed","ping_status":"closed","template":"","meta":{"_acf_changed":false,"inline_featured_image":false,"_trash_the_other_posts":false,"iawp_total_views":0,"editor_notices":[],"footnotes":""},"class_list":["post-10546","page","type-page","status-publish","hentry"],"acf":[],"_links":{"self":[{"href":"https:\/\/adequat.eu\/dk\/wp-json\/wp\/v2\/pages\/10546","targetHints":{"allow":["GET"]}}],"collection":[{"href":"https:\/\/adequat.eu\/dk\/wp-json\/wp\/v2\/pages"}],"about":[{"href":"https:\/\/adequat.eu\/dk\/wp-json\/wp\/v2\/types\/page"}],"author":[{"embeddable":true,"href":"https:\/\/adequat.eu\/dk\/wp-json\/wp\/v2\/users\/8321"}],"replies":[{"embeddable":true,"href":"https:\/\/adequat.eu\/dk\/wp-json\/wp\/v2\/comments?post=10546"}],"version-history":[{"count":2,"href":"https:\/\/adequat.eu\/dk\/wp-json\/wp\/v2\/pages\/10546\/revisions"}],"predecessor-version":[{"id":14350,"href":"https:\/\/adequat.eu\/dk\/wp-json\/wp\/v2\/pages\/10546\/revisions\/14350"}],"wp:attachment":[{"href":"https:\/\/adequat.eu\/dk\/wp-json\/wp\/v2\/media?parent=10546"}],"curies":[{"name":"wp","href":"https:\/\/api.w.org\/{rel}","templated":true}]}}