{"id":3,"date":"2020-02-28T16:47:14","date_gmt":"2020-02-28T21:47:14","guid":{"rendered":"https:\/\/adequat.eu\/?page_id=3"},"modified":"2022-01-20T11:23:19","modified_gmt":"2022-01-20T10:23:19","slug":"privacy-cookies","status":"publish","type":"page","link":"https:\/\/adequat.eu\/dk\/privacy-cookies\/","title":{"rendered":"Privacy &amp; Cookies"},"content":{"rendered":"\r\n<h3 class=\"wp-block-heading\">Privatlivserkl\u00e6ring<\/h3>\r\n<p>Ad\u00e9quat B.V., etableret i Goedentijd 66B 5131 NS Alphen, er ansvarlig for behandlingen af personoplysningerne s\u00e5dan som det er fremstillet i denne privatlivserkl\u00e6ring.<br \/>Kontaktoplysninger:<br \/>https:\/\/adequat.eu\/dk<br \/>Goedentijd 66B<br \/>5131 NS Alphen<br \/>0031 13 508 2536<\/p>\r\n<h3>Personoplysninger som vi behandler<\/h3>\r\n<p>Ad\u00e9quat B.V. behandler dine personoplysninger i kraft af at du g\u00f8r brug af vores ydelser og\/eller fordi du selv deler dem med os. Herunder finder du en oversigt over de personoplysninger som vi behandler:<br \/>\u2022 For- og efternavn<br \/>\u2022 Adresseoplysninger<br \/>\u2022 Telefonnummer<br \/>\u2022 E-mailadresse<br \/>\u2022 IP-adresse<br \/>\u2022 Oplysninger om beliggenhed<br \/>\u2022 Oplysninger om dine aktiviteter p\u00e5 vores hjemmeside<br \/>\u2022 Oplysninger om din surfadf\u00e6rd p\u00e5 forskellige hjemmesider (for eksempel fordi det p\u00e5g\u00e6ldende firma er del af et annoncenetv\u00e6rk)<br \/>\u2022 Internetbrowser og apparat-type<\/p>\r\n<h3>S\u00e6rlige og\/eller f\u00f8lsomme personoplysninger som vi behandler<\/h3>\r\n<p>Vores hjemmeside og\/eller ydelse har ikke til form\u00e5l at indsamle oplysninger om bes\u00f8gende p\u00e5 hjemmesiden som er under 16 \u00e5r, medmindre de har f\u00e5et tilladelse fra for\u00e6ldre eller v\u00e6rge. Vi kan imidlertid ikke kontrollere om en bes\u00f8gende er over 16 \u00e5r. Vi r\u00e5der derfor ogs\u00e5 for\u00e6ldre til at involvere sig i deres b\u00f8rns online-aktiviteter, for p\u00e5 den m\u00e5de at undg\u00e5 at der bliver indsamlet oplysninger om b\u00f8rnene uden for\u00e6ldretilladelse. Hvis du er af den mening at vi uden den tilladelse har indsamlet personlige oplysninger om en mindre\u00e5rig, s\u00e5 kontakt os p\u00e5 info@adequat.eu, s\u00e5 sletter vi den p\u00e5g\u00e6ldende information.<\/p>\r\n<h3>Med hvilket form\u00e5l og p\u00e5 hvilket grundlag vi behandler personoplysninger<\/h3>\r\n<p>Ad\u00e9quat B.V. behandler dine personoplysninger med de f\u00f8lgende form\u00e5l:<br \/>\u2022 Afvikling af din betaling<br \/>\u2022 Forsendelse af vores nyhedsbrev og\/eller reklameavis<br \/>\u2022 For at kunne ringe eller emaile til dig, hvis dette er n\u00f8dvendigt for at kunne udf\u00f8re vores serviceydelse<br \/>\u2022 For at kunne give dig mulighed for at oprette en konto<br \/>\u2022 For at kunne levere varer og ydelser hos dig<br \/>\u2022 Ad\u00e9quat B.V. behandler ogs\u00e5 personoplysninger hvis vi lovm\u00e6ssigt er forpligtet til det, som f.eks. oplysninger som vi har brug for til vores selvangivelse.<\/p>\r\n<h3>Automatiseret beslutningstagning<\/h3>\r\n<p>Ad\u00e9quat B.V. tr\u00e6ffer ikke p\u00e5 basis af automatiseret beslutningstagning beslutninger om sager som kan have (betydelige) f\u00f8lger for individer. Det drejer sig her om beslutninger som tages af computerprogrammer eller -systemer, uden at et menneske (for eksempel en medarbejder fra Ad\u00e9quat B.V.) er involveret.<\/p>\r\n<h3>Hvor l\u00e6nge vi gemmer personoplysninger<\/h3>\r\n<p>Ad\u00e9quat B.V. gemmer ikke dine personoplysninger l\u00e6ngere end det er strengt n\u00f8dvendigt for at kunne opfylde de m\u00e5l som dine oplysninger bliver indsamlet til. Hvis du efter det lovm\u00e6ssige opbevaringstidsrum p\u00e5 7 \u00e5r vil have dine oplysninger slettet fra vores arkiv, s\u00e5 kontakt os p\u00e5 info@adequat.eu og s\u00e5 fjerner vi informationen.<\/p>\r\n<h3>Deling af personoplysninger med tredjeparter<\/h3>\r\n<p>Ad\u00e9quat B.V. s\u00e6lger ikke dine oplysninger til tredjeparter og deler dem udelukkende hvis det er n\u00f8dvendigt for at overholde vores aftale med dig eller for at overholde en lovm\u00e6ssig forpligtelse. Vi indg\u00e5r en databehandlingsaftale med firmaer som p\u00e5 vores foranledning behandler dine oplysninger, med henblik p\u00e5 at s\u00f8rge for samme sikkerheds- og fortrolighedsniveau for dine oplysninger. Ad\u00e9quat B.V. forbliver ansvarlig for disse behandlinger.<\/p>\r\n<h3>Cookies, eller sammenlignelige teknikker, som vi bruger<\/h3>\r\n<p>Ad\u00e9quat B.V. bruger funktionelle, analytiske og sporende cookies. En cookie er en lille tekstfil som ved det f\u00f8rste bes\u00f8g p\u00e5 denne hjemmeside bliver gemt i browseren p\u00e5 din computer, tablet eller smartphone. Ad\u00e9quat B.V. bruger alene cookies med en ren teknisk funktionaliteit. De s\u00f8rger for at hjemmesiden fungerer p\u00e5 beh\u00f8rig vis og at f.eks. dine foretrukne indstillinger bliver husket. Disse cookies bliver ogs\u00e5 brugt til at lade hjemmesiden fungere godt og til at kunne optimalisere den. Derudover anbringer vi cookies som registrerer din surfopf\u00f8rsel, s\u00e5dan at vi kan tilbyde skr\u00e6ddersyet indhold og annoncer. Ved dit f\u00f8rste bes\u00f8g p\u00e5 vores hjemmeside har vi allerede informeret dig om disse cookies og bedt om tilladelse til at anbringe dem. Du kan afmelde dig disse cookies ved at indstille din internetbrowser s\u00e5dan at den ikke mere gemmer cookies. Desuden kan du ogs\u00e5 slette al information som tidligere er blevet gemt via dine browserindstillinger. For yderligere forklaring se: https:\/\/erhvervsstyrelsen.dk\/cookie-loven-0<br \/>P\u00e5 denne hjemmeside bliver der ogs\u00e5 anbragt cookies af tredjeparter. Det er f.eks. annonc\u00f8rer og\/eller sociale medier-virksomheder.<\/p>\r\n<h3>Gennemse, rette eller slette oplysninger<\/h3>\r\n<p>Du har ret til at gennemse, rette eller slette dine personoplysninger. Desuden har du ret til at tilbagekalde din eventuelle tilladelse til persondatabehandlingen eller til at klage over Ad\u00e9quat B.V. behandling af dine personoplysninger og du har ret til dataudtog. Det betyder at du kan anmode os om at sende de personoplysninger som vi har om dig, i en computerfil til dig eller til en anden af dig udpeget organisation. Du kan sende en anmodning om gennemsyn, rettelse, sletning, udtog af dine personoplysninger eller en anmodning om tilbagekaldelse af din tilladelse eller en klage over behandlingen af dine personoplysninger til info@adequat.eu. For at sikre os at anmodningen om gennemsyn stammer fra dig, beder vi om at du vedl\u00e6gger anmodningen en kopi af dit ID-kort. G\u00f8r i denne kopi dit pasfoto, MRZ (machine readable zone, dvs. feltet med tal nederst i passet), pasnummeret og personnummeret sort. Dette for at beskytte dit privatliv. Vi reagerer p\u00e5 din anmodning s\u00e5 hurtigt som muligt, men inden for fire uger. Ad\u00e9quat B.V. vil tillige henlede din opm\u00e6rksomhed p\u00e5 at du har mulighed for at indsende en klage til den nationale tilsynsf\u00f8rende instans, Datatilsynet. Det kan ske via dette link: https:\/\/autoriteitpersoonsgegevens.nl\/nl\/contact-met-de-autoriteit-persoonsgegevens\/tip-ons<\/p>\r\n<h3>Hvordan vi sikrer personoplysninger<\/h3>\r\n<p>Ad\u00e9quat B.V. tager beskyttelsen af dine oplysninger seri\u00f8st og foretager passende forholdsregler for at im\u00f8deg\u00e5 misbrug, tab, uberettiget adgang, u\u00f8nsket offentligg\u00f8relse og ulovlig \u00e6ndring. Hvis du mener at dine oplysninger ikke er godt beskyttet eller at der er tegn p\u00e5 misbrug, s\u00e5 kontakt vores kundeservice p\u00e5 info@adequat.eu<\/p>\r\n<h3>Cookies<\/h3>\r\n<div class=\"CookieDeclarationType\" dir=\"ltr\" lang=\"nl\">\r\n<p class=\"CookieDeclarationTypeHeader\"><strong>\u00a0<\/strong><\/p>\r\n<table class=\"CookieDeclarationTable\"><colgroup> <col style=\"width: 20%\" \/> <col style=\"width: 20%\" \/> <col style=\"width: 35%\" \/> <col style=\"width: 15%\" \/> <col style=\"width: 10%\" \/> <\/colgroup>\r\n<thead>\r\n<tr>\r\n<th class=\"CookieDeclarationTableHeader\" scope=\"col\">Naam<\/th>\r\n<th class=\"CookieDeclarationTableHeader\" scope=\"col\">Aanbieder<\/th>\r\n<th class=\"CookieDeclarationTableHeader\" scope=\"col\">Doel<\/th>\r\n<th class=\"CookieDeclarationTableHeader\" scope=\"col\">Vervaldatum<\/th>\r\n<th class=\"CookieDeclarationTableHeader\" scope=\"col\">Type<\/th>\r\n<\/tr>\r\n<\/thead>\r\n<tbody>\r\n<tr>\r\n<td class=\"CookieDeclarationTableCell\">__cfduid<\/td>\r\n<td class=\"CookieDeclarationTableCell\">tawk.to<\/td>\r\n<td class=\"CookieDeclarationTableCell\">Gebruikt door het inhoudsnetwerk, Cloudflare, om vertrouwd webverkeer te identificeren.<\/td>\r\n<td class=\"CookieDeclarationTableCell\">1 jaar<\/td>\r\n<td class=\"CookieDeclarationTableCell\">HTTP Cookie<\/td>\r\n<\/tr>\r\n<tr>\r\n<td class=\"CookieDeclarationTableCell\">_wpss_h_<\/td>\r\n<td class=\"CookieDeclarationTableCell\">adequat.eu<\/td>\r\n<td class=\"CookieDeclarationTableCell\">Used to stop spam in forms and also enhances the security of our websites. These cookies are non intrusive \u2013 they do not store personally identifiable information about visitors and they are not used for advertising, marketing or similar.<\/td>\r\n<td class=\"CookieDeclarationTableCell\">Session<\/td>\r\n<td class=\"CookieDeclarationTableCell\">HTTP Cookie<\/td>\r\n<\/tr>\r\n<tr>\r\n<td class=\"CookieDeclarationTableCell\">_wpss_p_<\/td>\r\n<td class=\"CookieDeclarationTableCell\">adequat.eu<\/td>\r\n<td class=\"CookieDeclarationTableCell\">Used to stop spam in forms and also enhances the security of our websites. These cookies are non intrusive \u2013 they do not store personally identifiable information about visitors and they are not used for advertising, marketing or similar.<\/td>\r\n<td class=\"CookieDeclarationTableCell\">Session<\/td>\r\n<td class=\"CookieDeclarationTableCell\">HTTP Cookie<\/td>\r\n<\/tr>\r\n<tr>\r\n<td class=\"CookieDeclarationTableCell\">CookieConsent<\/td>\r\n<td class=\"CookieDeclarationTableCell\">adequat.eu<\/td>\r\n<td class=\"CookieDeclarationTableCell\">Slaat de cookiestatus van de gebruiker op voor het huidige domein<\/td>\r\n<td class=\"CookieDeclarationTableCell\">1 jaar<\/td>\r\n<td class=\"CookieDeclarationTableCell\">HTTP Cookie<\/td>\r\n<\/tr>\r\n<tr>\r\n<td class=\"CookieDeclarationTableCell\">gravityview_back_link_16199<\/td>\r\n<td class=\"CookieDeclarationTableCell\">adequat.eu<\/td>\r\n<td class=\"CookieDeclarationTableCell\">Niet geclassificeerd<\/td>\r\n<td class=\"CookieDeclarationTableCell\">Session<\/td>\r\n<td class=\"CookieDeclarationTableCell\">HTTP Cookie<\/td>\r\n<\/tr>\r\n<tr>\r\n<td class=\"CookieDeclarationTableCell\">JCS_INENREF<\/td>\r\n<td class=\"CookieDeclarationTableCell\">adequat.eu<\/td>\r\n<td class=\"CookieDeclarationTableCell\">Used for anti-spam purposes.<\/td>\r\n<td class=\"CookieDeclarationTableCell\">Session<\/td>\r\n<td class=\"CookieDeclarationTableCell\">HTTP Cookie<\/td>\r\n<\/tr>\r\n<tr>\r\n<td class=\"CookieDeclarationTableCell\">JCS_INENTIM<\/td>\r\n<td class=\"CookieDeclarationTableCell\">adequat.eu<\/td>\r\n<td class=\"CookieDeclarationTableCell\">Used for anti-spam purposes.<\/td>\r\n<td class=\"CookieDeclarationTableCell\">Session<\/td>\r\n<td class=\"CookieDeclarationTableCell\">HTTP Cookie<\/td>\r\n<\/tr>\r\n<tr>\r\n<td class=\"CookieDeclarationTableCell\">PHPSESSID<\/td>\r\n<td class=\"CookieDeclarationTableCell\">adequat.eu<\/td>\r\n<td class=\"CookieDeclarationTableCell\">Houdt gebruikerssessiestatus voor alle pagina-aanvragen bij.<\/td>\r\n<td class=\"CookieDeclarationTableCell\">Session<\/td>\r\n<td class=\"CookieDeclarationTableCell\">HTTP Cookie<\/td>\r\n<\/tr>\r\n<tr>\r\n<td class=\"CookieDeclarationTableCell\">wc_cart_hash_#<\/td>\r\n<td class=\"CookieDeclarationTableCell\">adequat.eu<\/td>\r\n<td class=\"CookieDeclarationTableCell\">Niet geclassificeerd<\/td>\r\n<td class=\"CookieDeclarationTableCell\">Session<\/td>\r\n<td class=\"CookieDeclarationTableCell\">HTML Local Storage<\/td>\r\n<\/tr>\r\n<tr>\r\n<td class=\"CookieDeclarationTableCell\">wc_fragments_#<\/td>\r\n<td class=\"CookieDeclarationTableCell\">adequat.eu<\/td>\r\n<td class=\"CookieDeclarationTableCell\">Niet geclassificeerd<\/td>\r\n<td class=\"CookieDeclarationTableCell\">Session<\/td>\r\n<td class=\"CookieDeclarationTableCell\">HTML Local Storage<\/td>\r\n<\/tr>\r\n<tr>\r\n<td class=\"CookieDeclarationTableCell\">wpml_referer_url<\/td>\r\n<td class=\"CookieDeclarationTableCell\">adequat.eu<\/td>\r\n<td class=\"CookieDeclarationTableCell\">Niet geclassificeerd<\/td>\r\n<td class=\"CookieDeclarationTableCell\">Session<\/td>\r\n<td class=\"CookieDeclarationTableCell\">HTTP Cookie<\/td>\r\n<\/tr>\r\n<\/tbody>\r\n<\/table>\r\n<\/div>\r\n<div class=\"CookieDeclarationType\" dir=\"ltr\" lang=\"nl\">\r\n<p>&nbsp;<\/p>\r\n<p class=\"CookieDeclarationTypeHeader\"><strong>Voorkeuren (3)<br \/><\/strong>Voorkeurscookies zorgen ervoor dat een website informatie kan onthouden die van invloed is op het gedrag en de vormgeving van de website, zoals de taal van uw voorkeur of de regio waar u woont.<strong><br \/><\/strong><\/p>\r\n<table class=\"CookieDeclarationTable\"><colgroup> <col style=\"width: 20%\" \/> <col style=\"width: 20%\" \/> <col style=\"width: 35%\" \/> <col style=\"width: 15%\" \/> <col style=\"width: 10%\" \/> <\/colgroup>\r\n<thead>\r\n<tr>\r\n<th class=\"CookieDeclarationTableHeader\" scope=\"col\">Naam<\/th>\r\n<th class=\"CookieDeclarationTableHeader\" scope=\"col\">Aanbieder<\/th>\r\n<th class=\"CookieDeclarationTableHeader\" scope=\"col\">Doel<\/th>\r\n<th class=\"CookieDeclarationTableHeader\" scope=\"col\">Vervaldatum<\/th>\r\n<th class=\"CookieDeclarationTableHeader\" scope=\"col\">Type<\/th>\r\n<\/tr>\r\n<\/thead>\r\n<tbody>\r\n<tr>\r\n<td class=\"CookieDeclarationTableCell\">_icl_current_language<\/td>\r\n<td class=\"CookieDeclarationTableCell\">adequat.eu<\/td>\r\n<td class=\"CookieDeclarationTableCell\">Slaat de voorkeurstaal van de gebruiker op de website op.<\/td>\r\n<td class=\"CookieDeclarationTableCell\">Session<\/td>\r\n<td class=\"CookieDeclarationTableCell\">HTTP Cookie<\/td>\r\n<\/tr>\r\n<tr>\r\n<td class=\"CookieDeclarationTableCell\">_icl_visitor_lang_js<\/td>\r\n<td class=\"CookieDeclarationTableCell\">adequat.eu<\/td>\r\n<td class=\"CookieDeclarationTableCell\">Slaat de voorkeurstaal van de gebruiker op de website op.<\/td>\r\n<td class=\"CookieDeclarationTableCell\">1 dag<\/td>\r\n<td class=\"CookieDeclarationTableCell\">HTTP Cookie<\/td>\r\n<\/tr>\r\n<tr>\r\n<td class=\"CookieDeclarationTableCell\">wpml_browser_redirect_test<\/td>\r\n<td class=\"CookieDeclarationTableCell\">adequat.eu<\/td>\r\n<td class=\"CookieDeclarationTableCell\">Slaat de voorkeurstaal van de gebruiker op de website op.<\/td>\r\n<td class=\"CookieDeclarationTableCell\">Session<\/td>\r\n<td class=\"CookieDeclarationTableCell\">HTTP Cookie<\/td>\r\n<\/tr>\r\n<\/tbody>\r\n<\/table>\r\n<\/div>\r\n<div class=\"CookieDeclarationType\" dir=\"ltr\" lang=\"nl\">\r\n<p>&nbsp;<\/p>\r\n<p class=\"CookieDeclarationTypeHeader\"><strong>Statistieken (7)<br \/><\/strong>Statistische cookies helpen eigenaren van websites begrijpen hoe bezoekers hun website gebruiken, door anoniem gegevens te verzamelen en te rapporteren.<strong><br \/><\/strong><\/p>\r\n<table class=\"CookieDeclarationTable\"><colgroup> <col style=\"width: 20%\" \/> <col style=\"width: 20%\" \/> <col style=\"width: 35%\" \/> <col style=\"width: 15%\" \/> <col style=\"width: 10%\" \/> <\/colgroup>\r\n<thead>\r\n<tr>\r\n<th class=\"CookieDeclarationTableHeader\" scope=\"col\">Naam<\/th>\r\n<th class=\"CookieDeclarationTableHeader\" scope=\"col\">Aanbieder<\/th>\r\n<th class=\"CookieDeclarationTableHeader\" scope=\"col\">Doel<\/th>\r\n<th class=\"CookieDeclarationTableHeader\" scope=\"col\">Vervaldatum<\/th>\r\n<th class=\"CookieDeclarationTableHeader\" scope=\"col\">Type<\/th>\r\n<\/tr>\r\n<\/thead>\r\n<tbody>\r\n<tr>\r\n<td class=\"CookieDeclarationTableCell\">_dc_gtm_UA-#<\/td>\r\n<td class=\"CookieDeclarationTableCell\">adequat.eu<\/td>\r\n<td class=\"CookieDeclarationTableCell\">Gebruikt door Google Tag Manager om het laden van een Google Analytics-scripttag te regelen.<\/td>\r\n<td class=\"CookieDeclarationTableCell\">Session<\/td>\r\n<td class=\"CookieDeclarationTableCell\">HTTP Cookie<\/td>\r\n<\/tr>\r\n<tr>\r\n<td class=\"CookieDeclarationTableCell\">_ga<\/td>\r\n<td class=\"CookieDeclarationTableCell\">adequat.eu<\/td>\r\n<td class=\"CookieDeclarationTableCell\">Registreert een uniek ID die wordt gebruikt om statistische gegevens te genereren over hoe de bezoeker de website gebruikt.<\/td>\r\n<td class=\"CookieDeclarationTableCell\">2 jaar<\/td>\r\n<td class=\"CookieDeclarationTableCell\">HTTP Cookie<\/td>\r\n<\/tr>\r\n<tr>\r\n<td class=\"CookieDeclarationTableCell\">_gid<\/td>\r\n<td class=\"CookieDeclarationTableCell\">adequat.eu<\/td>\r\n<td class=\"CookieDeclarationTableCell\">Registreert een uniek ID die wordt gebruikt om statistische gegevens te genereren over hoe de bezoeker de website gebruikt.<\/td>\r\n<td class=\"CookieDeclarationTableCell\">Session<\/td>\r\n<td class=\"CookieDeclarationTableCell\">HTTP Cookie<\/td>\r\n<\/tr>\r\n<tr>\r\n<td class=\"CookieDeclarationTableCell\">_hjIncludedInSample<\/td>\r\n<td class=\"CookieDeclarationTableCell\">adequat.eu<\/td>\r\n<td class=\"CookieDeclarationTableCell\">Bepaalt of de navigatie van de gebruiker moet worden geregistreerd in een bepaalde tijdelijke statistische aanduiding.<\/td>\r\n<td class=\"CookieDeclarationTableCell\">Session<\/td>\r\n<td class=\"CookieDeclarationTableCell\">HTTP Cookie<\/td>\r\n<\/tr>\r\n<tr>\r\n<td class=\"CookieDeclarationTableCell\">_hjRecordingEnabled<\/td>\r\n<td class=\"CookieDeclarationTableCell\">adequat.eu<\/td>\r\n<td class=\"CookieDeclarationTableCell\">Niet geclassificeerd<\/td>\r\n<td class=\"CookieDeclarationTableCell\">Session<\/td>\r\n<td class=\"CookieDeclarationTableCell\">HTML Local Storage<\/td>\r\n<\/tr>\r\n<tr>\r\n<td class=\"CookieDeclarationTableCell\">ads\/ga-audiences<\/td>\r\n<td class=\"CookieDeclarationTableCell\">google.com<\/td>\r\n<td class=\"CookieDeclarationTableCell\">Used by Google AdWords to re-engage visitors that are likely to convert to customers based on the visitor&#8217;s online behaviour across websites.<\/td>\r\n<td class=\"CookieDeclarationTableCell\">Session<\/td>\r\n<td class=\"CookieDeclarationTableCell\">Pixel Tracker<\/td>\r\n<\/tr>\r\n<tr>\r\n<td class=\"CookieDeclarationTableCell\">collect<\/td>\r\n<td class=\"CookieDeclarationTableCell\">google-analytics.com<\/td>\r\n<td class=\"CookieDeclarationTableCell\">Gebruikt om gegevens naar Google Analytics te verzenden over het apparaat en het gedrag van de bezoeker. Traceert de bezoeker op verschillende apparaten en marketingkanalen.<\/td>\r\n<td class=\"CookieDeclarationTableCell\">Session<\/td>\r\n<td class=\"CookieDeclarationTableCell\">Pixel Tracker<\/td>\r\n<\/tr>\r\n<\/tbody>\r\n<\/table>\r\n<\/div>\r\n<div class=\"CookieDeclarationType\" dir=\"ltr\" lang=\"nl\">\r\n<p>&nbsp;<\/p>\r\n<p class=\"CookieDeclarationTypeHeader\"><strong>Overige (10)<br \/><\/strong>Overige cookies worden gebruikt om bezoekers te volgen wanneer ze verschillende websites bezoeken.\u00a0<strong><br \/><\/strong><\/p>\r\n<table class=\"CookieDeclarationTable\"><colgroup> <col style=\"width: 20%\" \/> <col style=\"width: 20%\" \/> <col style=\"width: 35%\" \/> <col style=\"width: 15%\" \/> <col style=\"width: 10%\" \/> <\/colgroup>\r\n<thead>\r\n<tr>\r\n<th class=\"CookieDeclarationTableHeader\" scope=\"col\">Naam<\/th>\r\n<th class=\"CookieDeclarationTableHeader\" scope=\"col\">Aanbieder<\/th>\r\n<th class=\"CookieDeclarationTableHeader\" scope=\"col\">Doel<\/th>\r\n<th class=\"CookieDeclarationTableHeader\" scope=\"col\">Vervaldatum<\/th>\r\n<th class=\"CookieDeclarationTableHeader\" scope=\"col\">Type<\/th>\r\n<\/tr>\r\n<\/thead>\r\n<tbody>\r\n<tr>\r\n<td class=\"CookieDeclarationTableCell\">__tawkuuid<\/td>\r\n<td class=\"CookieDeclarationTableCell\">adequat.eu<\/td>\r\n<td class=\"CookieDeclarationTableCell\">Niet geclassificeerd<\/td>\r\n<td class=\"CookieDeclarationTableCell\">179 dagen<\/td>\r\n<td class=\"CookieDeclarationTableCell\">HTTP Cookie<\/td>\r\n<\/tr>\r\n<tr>\r\n<td class=\"CookieDeclarationTableCell\">GPS<\/td>\r\n<td class=\"CookieDeclarationTableCell\">youtube.com<\/td>\r\n<td class=\"CookieDeclarationTableCell\">Registreert een uniek ID op mobiele apparaten om tracking mogelijk te maken op basis van geografische GPS-locatie.<\/td>\r\n<td class=\"CookieDeclarationTableCell\">Session<\/td>\r\n<td class=\"CookieDeclarationTableCell\">HTTP Cookie<\/td>\r\n<\/tr>\r\n<tr>\r\n<td class=\"CookieDeclarationTableCell\">PREF<\/td>\r\n<td class=\"CookieDeclarationTableCell\">youtube.com<\/td>\r\n<td class=\"CookieDeclarationTableCell\">Registreert een unieke ID die door Google wordt gebruikt om statistieken bij te houden over hoe de bezoeker YouTube-video&#8217;s op verschillende websites gebruikt.<\/td>\r\n<td class=\"CookieDeclarationTableCell\">8 maanden<\/td>\r\n<td class=\"CookieDeclarationTableCell\">HTTP Cookie<\/td>\r\n<\/tr>\r\n<tr>\r\n<td class=\"CookieDeclarationTableCell\">ss<\/td>\r\n<td class=\"CookieDeclarationTableCell\">va.tawk.to<\/td>\r\n<td class=\"CookieDeclarationTableCell\">Niet geclassificeerd<\/td>\r\n<td class=\"CookieDeclarationTableCell\">Session<\/td>\r\n<td class=\"CookieDeclarationTableCell\">HTTP Cookie<\/td>\r\n<\/tr>\r\n<tr>\r\n<td class=\"CookieDeclarationTableCell\">Tawk_56deb37689de54b41e953c38<\/td>\r\n<td class=\"CookieDeclarationTableCell\">adequat.eu<\/td>\r\n<td class=\"CookieDeclarationTableCell\">Niet geclassificeerd<\/td>\r\n<td class=\"CookieDeclarationTableCell\">179 dagen<\/td>\r\n<td class=\"CookieDeclarationTableCell\">HTTP Cookie<\/td>\r\n<\/tr>\r\n<tr>\r\n<td class=\"CookieDeclarationTableCell\">TawkConnectionTime<\/td>\r\n<td class=\"CookieDeclarationTableCell\">adequat.eu<\/td>\r\n<td class=\"CookieDeclarationTableCell\">Niet geclassificeerd<\/td>\r\n<td class=\"CookieDeclarationTableCell\">Session<\/td>\r\n<td class=\"CookieDeclarationTableCell\">HTTP Cookie<\/td>\r\n<\/tr>\r\n<tr>\r\n<td class=\"CookieDeclarationTableCell\">tawkUUID<\/td>\r\n<td class=\"CookieDeclarationTableCell\">va.tawk.to<\/td>\r\n<td class=\"CookieDeclarationTableCell\">Niet geclassificeerd<\/td>\r\n<td class=\"CookieDeclarationTableCell\">179 dagen<\/td>\r\n<td class=\"CookieDeclarationTableCell\">HTTP Cookie<\/td>\r\n<\/tr>\r\n<tr>\r\n<td class=\"CookieDeclarationTableCell\">TawkWindowName<\/td>\r\n<td class=\"CookieDeclarationTableCell\">adequat.eu<\/td>\r\n<td class=\"CookieDeclarationTableCell\">Niet geclassificeerd<\/td>\r\n<td class=\"CookieDeclarationTableCell\">Session<\/td>\r\n<td class=\"CookieDeclarationTableCell\">HTML Local Storage<\/td>\r\n<\/tr>\r\n<tr>\r\n<td class=\"CookieDeclarationTableCell\">VISITOR_INFO1_LIVE<\/td>\r\n<td class=\"CookieDeclarationTableCell\">youtube.com<\/td>\r\n<td class=\"CookieDeclarationTableCell\">Probeert de bandbreedte van gebruikers te schatten op pagina&#8217;s met ge\u00efntegreerde YouTube-video&#8217;s.<\/td>\r\n<td class=\"CookieDeclarationTableCell\">179 dagen<\/td>\r\n<td class=\"CookieDeclarationTableCell\">HTTP Cookie<\/td>\r\n<\/tr>\r\n<tr>\r\n<td class=\"CookieDeclarationTableCell\">YSC<\/td>\r\n<td class=\"CookieDeclarationTableCell\">youtube.com<\/td>\r\n<td class=\"CookieDeclarationTableCell\">Registreert een unieke ID om statistieken bij te houden van welke video&#8217;s van YouTube de gebruiker heeft gezien.<\/td>\r\n<td class=\"CookieDeclarationTableCell\">Session<\/td>\r\n<td class=\"CookieDeclarationTableCell\">HTTP Cookie<\/td>\r\n<\/tr>\r\n<\/tbody>\r\n<\/table>\r\n<\/div>\r\n","protected":false},"excerpt":{"rendered":"<p>Privatlivserkl\u00e6ring Ad\u00e9quat B.V., etableret i Goedentijd 66B 5131 NS Alphen, er ansvarlig for behandlingen af personoplysningerne s\u00e5dan som det er fremstillet i denne privatlivserkl\u00e6ring.Kontaktoplysninger:https:\/\/adequat.eu\/dkGoedentijd 66B5131&#8230;<\/p>\n","protected":false},"author":4,"featured_media":0,"parent":0,"menu_order":99,"comment_status":"closed","ping_status":"closed","template":"","meta":{"_acf_changed":false,"inline_featured_image":false,"_trash_the_other_posts":false,"iawp_total_views":36,"editor_notices":[],"footnotes":""},"class_list":["post-3","page","type-page","status-publish","hentry"],"acf":[],"_links":{"self":[{"href":"https:\/\/adequat.eu\/dk\/wp-json\/wp\/v2\/pages\/3","targetHints":{"allow":["GET"]}}],"collection":[{"href":"https:\/\/adequat.eu\/dk\/wp-json\/wp\/v2\/pages"}],"about":[{"href":"https:\/\/adequat.eu\/dk\/wp-json\/wp\/v2\/types\/page"}],"author":[{"embeddable":true,"href":"https:\/\/adequat.eu\/dk\/wp-json\/wp\/v2\/users\/4"}],"replies":[{"embeddable":true,"href":"https:\/\/adequat.eu\/dk\/wp-json\/wp\/v2\/comments?post=3"}],"version-history":[{"count":1,"href":"https:\/\/adequat.eu\/dk\/wp-json\/wp\/v2\/pages\/3\/revisions"}],"predecessor-version":[{"id":10693,"href":"https:\/\/adequat.eu\/dk\/wp-json\/wp\/v2\/pages\/3\/revisions\/10693"}],"wp:attachment":[{"href":"https:\/\/adequat.eu\/dk\/wp-json\/wp\/v2\/media?parent=3"}],"curies":[{"name":"wp","href":"https:\/\/api.w.org\/{rel}","templated":true}]}}