{"id":7738,"date":"2020-12-01T10:10:33","date_gmt":"2020-12-01T09:10:33","guid":{"rendered":"https:\/\/adequat.eu\/dk\/?page_id=7738"},"modified":"2026-01-23T15:43:47","modified_gmt":"2026-01-23T14:43:47","slug":"stakit-hegn","status":"publish","type":"page","link":"https:\/\/adequat.eu\/dk\/stakit-hegn\/","title":{"rendered":"Stakit Hegn"},"content":{"rendered":"<h2>Stakithegn k\u00f8be<\/h2>\n<p>Vores stakit hegn er et havehegn af kastanjetr\u00e6. Det er et naturligt hegn, som ogs\u00e5 kaldes f\u00e5rehegn. Det kommer fra Frankrig, og d\u00e9r bliver det dels manuelt og dels maskinelt lavet af fransk kastanjetr\u00e6 (den tamme kastanje). Der findes ogs\u00e5 en engelsk variant p\u00e5 markedet som er billigere, men den s\u00e6lger vi ikke, fordi det franske stakit hegn i vores optik er mere holdbart og milj\u00f8venligt. Der er forskel i kvaliteten. I denne <a href=\"https:\/\/adequat.eu\/dk\/nyheder\/hvad-er-forskellen-mellem-fransk-kastanjehegn-og-engelsk-kastanjehegn\/\">video<\/a> kan du se hvad forskellene er mellem fransk stakit hegn og engelsk hegn.<\/p>\n<p>Vi har det st\u00f8rste udvalg af fransk stakithegn p\u00e5 lager og leverer den bedste kvalitet. Det er store ord og dem m\u00e5 du gerne holde os fast p\u00e5.<\/p>\n<h2>Stakithegn i mange typer og st\u00f8rrelser<\/h2>\n<p>Vi har mange f\u00e5rehegn til salg, og p\u00e5 vores lager findes det i mange st\u00f8rrelser. H\u00f8jden varierer fra 50 cm til 200 cm, og du kan v\u00e6lge mellem forskellige staveafstande. Hermed mener vi afstanden mellem stavene i hegnet, m\u00e5lt fra st\u00e5ltr\u00e5dens f\u00f8rste vikling til den sidste vikling. Fordi det drejer sig om naturligt formede stave, vil afstanden mellem stavene ikke altid v\u00e6re pr\u00e6cis den samme. Den anvendte st\u00e5ltr\u00e5d er af h\u00f8j kvalitet og galvaniseret. Det ruster ikke. Skulle en stav g\u00e5 i stykker, s\u00e5 kan du let <a href=\"https:\/\/adequat.eu\/dk\/nyheder\/hvordan-udskifter-jeg-selv-en-stav-i-kastanjehegnet\/\">selv udskifte<\/a> den.<\/p>\n<p>Kastanje er en b\u00e6redygtig tr\u00e6sort i\u00a0<a href=\"https:\/\/adequat.eu\/dk\/nyheder\/traesorters-holdbarhedsklasse\/\">holdbarhedsklasse 2<\/a>. I kraft af det naturlige indhold af garvesyre har stakithegnet ikke brug for vedligeholdelse. Det er ubehandlet og tr\u00e6et vil efter nogen tid \u00e6ldes p\u00e5 en naturlig m\u00e5de. Det er ikke sv\u00e6rt at s\u00e6tte et f\u00e5rehegn op (se vores instruktionsvideo og <a href=\"https:\/\/adequat.eu\/dk\/installation-tips-tricks\/skematisk-fremgangsmade-til-opsaetning-af-kastanjehegn\/\">beskrivelse<\/a>). Hvis du hellere vil overlade arbejdet til andre, s\u00e5 har Ad\u00e9quat et meget erfarent team som kan udf\u00f8re ops\u00e6tningen af stakithegnet. \u00d8verst til h\u00f8jre p\u00e5 hjemmesiden finder du et praktisk redskab <a href=\"https:\/\/adequat.eu\/dk\/sammensaet-dit-hegn\/\">Sammens\u00e6t dit hegn<\/a> som pr\u00e6cist beregner for dig hvad du i din situation har brug for af stakithegn, stolper og eventuelle andre ting. Hvis du gerne selv vil g\u00f8re det, s\u00e5 finder du her <a href=\"https:\/\/adequat.eu\/dk\/nyheder\/hvor-mange-og-hvilke-stolper-har-jeg-brug-for-til-kastanjehegnet\/\">information om stolperne<\/a> som vi anbefaler til de forskellige st\u00f8rrelser f\u00e5rehegn.<\/p>\n<h2>L\u00e5ger til f\u00e5rehegn<\/h2>\n<p>I vores sortiment har vi ogs\u00e5 diverse l\u00e5ger som passer til vores stakithegn. Vi fremstiller selv l\u00e5gerne p\u00e5 h\u00e5ndv\u00e6rksm\u00e6ssig vis med en solid tapsamling (mortise og tenon-samling). Standardst\u00f8rrelser p\u00e5 l\u00e5gerne (rundtr\u00e6sl\u00e5ger og rammel\u00e5ger) har vi altid p\u00e5 lager, og p\u00e5 vores v\u00e6rksted kan vi hurtigt levere skr\u00e6ddersyede ordrer. Bare kontakt os, vi har mange slags staithegn til salg.<br \/>\nFor at v\u00e6lge rigtigt er det vigtigt at vide hvad du skal bruge f\u00e5rehegnet til. Det hj\u00e6lper vi dig gerne med. Ved produkterne finder du forslag til hvad de kan anvendes til, men meget afh\u00e6nger selvf\u00f8lgelig ogs\u00e5 af omst\u00e6ndighederne og personlige pr\u00e6ferencer.<\/p>\n","protected":false},"excerpt":{"rendered":"<p>Stakithegn k\u00f8be Vores stakit hegn er et havehegn af kastanjetr\u00e6. Det er et naturligt hegn, som ogs\u00e5 kaldes f\u00e5rehegn. Det kommer fra Frankrig, og d\u00e9r&#8230;<\/p>\n","protected":false},"author":8321,"featured_media":0,"parent":0,"menu_order":0,"comment_status":"closed","ping_status":"closed","template":"","meta":{"_acf_changed":false,"inline_featured_image":false,"_trash_the_other_posts":false,"iawp_total_views":9,"editor_notices":[],"footnotes":""},"class_list":["post-7738","page","type-page","status-publish","hentry"],"acf":[],"_links":{"self":[{"href":"https:\/\/adequat.eu\/dk\/wp-json\/wp\/v2\/pages\/7738","targetHints":{"allow":["GET"]}}],"collection":[{"href":"https:\/\/adequat.eu\/dk\/wp-json\/wp\/v2\/pages"}],"about":[{"href":"https:\/\/adequat.eu\/dk\/wp-json\/wp\/v2\/types\/page"}],"author":[{"embeddable":true,"href":"https:\/\/adequat.eu\/dk\/wp-json\/wp\/v2\/users\/8321"}],"replies":[{"embeddable":true,"href":"https:\/\/adequat.eu\/dk\/wp-json\/wp\/v2\/comments?post=7738"}],"version-history":[{"count":1,"href":"https:\/\/adequat.eu\/dk\/wp-json\/wp\/v2\/pages\/7738\/revisions"}],"predecessor-version":[{"id":14236,"href":"https:\/\/adequat.eu\/dk\/wp-json\/wp\/v2\/pages\/7738\/revisions\/14236"}],"wp:attachment":[{"href":"https:\/\/adequat.eu\/dk\/wp-json\/wp\/v2\/media?parent=7738"}],"curies":[{"name":"wp","href":"https:\/\/api.w.org\/{rel}","templated":true}]}}