{"id":7962,"date":"2020-12-23T16:49:21","date_gmt":"2020-12-23T15:49:21","guid":{"rendered":"https:\/\/adequat.eu\/dk\/levering\/"},"modified":"2024-03-08T09:39:43","modified_gmt":"2024-03-08T08:39:43","slug":"levering","status":"publish","type":"page","link":"https:\/\/adequat.eu\/dk\/levering\/","title":{"rendered":"Levering"},"content":{"rendered":"<p>Ad\u00e9quat har egne lastbiler med p\u00e5lidelige chauff\u00f8rer som alle kender produktet godt. Hvis der er sp\u00f8rgsm\u00e5l, s\u00e5 kan de besvares p\u00e5 stedet. N\u00e5r du har set og kontrolleret din bestilling, kan du betale hos vores chauff\u00f8r. Lever din bestilling ikke op til dine forventninger, s\u00e5 beh\u00f8ver du ikke at aftage den. Er du tilfreds, s\u00e5 kan du betale din faktura kontant, men vores chauff\u00f8r har ogs\u00e5 en mobil betalingsterminal hos sig. Vil du hellere betale din faktura forud (fordi du ikke er hjemme for eksempel), s\u00e5 kan du overf\u00f8re bel\u00f8bet med angivelse af ordrenummer.<\/p>\n<p>Efter at du har afgivet en bestilling, f\u00e5r du inden for enkelte dage en besked fra vores logistikafdeling. Du f\u00e5r foresl\u00e5et en leveringsdato og et tidspunkt med et spillerum fra to til maksimalt fire timer. Fordi vores chauff\u00f8rer til tider er flere dage undervejs, kan vi ikke pr\u00e6cist p\u00e5 minuttet angive hvorn\u00e5r vi kommer. Vi har forst\u00e5else for at det somme tider er besv\u00e6rligt, for m\u00e5ske har du andet at lave end at vente p\u00e5 vores levering. Hvis du vil, kan du lade chauff\u00f8ren ringe kort inden han ankommer.<\/p>\n<p>NB: Afh\u00e6ngigt af ruten kan det h\u00e6nde at vi kommer med en lastvogn, inklusive anh\u00e6nger. Det er en meget stor kombination (ca. 17 meter). Det er for chauff\u00f8ren af stor betydning at vide om der er ting som han skal tage h\u00f8jde for. T\u00e6nk for eksempel p\u00e5 omk\u00f8rsler, ensrettet trafik eller den bedste tilk\u00f8rselsrute. V\u00e6r rar at give ham s\u00e5 mange oplysninger som muligt, s\u00e5dan at han nemt kan komme frem til den aftalte leveringsadresse. Vores chauff\u00f8rer er meget erfarne, men hvis de ikke mener at de p\u00e5 en sikker m\u00e5de kan komme frem til leveringsadressen, og der heller ikke kan opn\u00e5s enighed om en alternativ adresse, s\u00e5 vil de efter r\u00e5dslagning med planl\u00e6gningsafdelingen desv\u00e6rre blive n\u00f8dt til at beslutte at k\u00f8re videre.<\/p>\n<p>&nbsp;<\/p>\n<table style=\"height: 413px\" width=\"1384\">\n<tbody>\n<tr>\n<td width=\"64\"><\/td>\n<td width=\"64\"><\/td>\n<td width=\"64\"><\/td>\n<td width=\"209\"><\/td>\n<td width=\"64\"><\/td>\n<td width=\"196\"><\/td>\n<td width=\"64\"><\/td>\n<td width=\"64\"><\/td>\n<td width=\"171\"><\/td>\n<td width=\"64\"><\/td>\n<td width=\"64\"><\/td>\n<td width=\"64\"><\/td>\n<td width=\"64\"><\/td>\n<td width=\"64\"><\/td>\n<td width=\"64\"><\/td>\n<td width=\"171\"><\/td>\n<td width=\"92\"><\/td>\n<td width=\"64\"><\/td>\n<td width=\"64\"><\/td>\n<\/tr>\n<tr>\n<td colspan=\"3\" rowspan=\"2\" width=\"192\"><\/td>\n<td colspan=\"3\" rowspan=\"2\" width=\"469\"><\/td>\n<td colspan=\"3\" rowspan=\"2\" width=\"299\"><\/td>\n<td colspan=\"3\" rowspan=\"2\" width=\"192\"><\/td>\n<td colspan=\"3\" rowspan=\"2\" width=\"192\"><\/td>\n<td colspan=\"3\" rowspan=\"2\" width=\"327\"><\/td>\n<td><\/td>\n<\/tr>\n<tr>\n<td><\/td>\n<\/tr>\n<tr>\n<td><\/td>\n<td><\/td>\n<td colspan=\"2\" width=\"273\"><strong><u>Postnummeromr<\/u><\/strong><strong><u>\u00e5de<\/u><\/strong><strong><u>:<\/u><\/strong><\/td>\n<td width=\"64\"><\/td>\n<td width=\"196\"><\/td>\n<td><\/td>\n<td><\/td>\n<td><\/td>\n<td><\/td>\n<td><\/td>\n<td><\/td>\n<td><\/td>\n<td><\/td>\n<td><\/td>\n<td><\/td>\n<td><\/td>\n<td><\/td>\n<td><\/td>\n<\/tr>\n<tr>\n<td><\/td>\n<td><\/td>\n<td colspan=\"2\" width=\"273\"><\/td>\n<td colspan=\"2\" width=\"260\"><\/td>\n<td colspan=\"3\"><\/td>\n<td colspan=\"4\"><\/td>\n<td colspan=\"3\"><\/td>\n<td colspan=\"3\"><span lang=\"da\">Efter anmodning<\/span><\/td>\n<\/tr>\n<tr>\n<td><\/td>\n<td><\/td>\n<td colspan=\"2\" rowspan=\"3\" width=\"273\">\u00a060, 61, 62, 63, 64, 65, 66, 67, 68, 70, 71, 72<\/td>\n<td colspan=\"2\" rowspan=\"3\" width=\"260\">50, 52, 53, 54, 55, 56, 57, 58<\/td>\n<td colspan=\"3\" rowspan=\"3\" width=\"299\">69, 73, 74, 75, 76, 80, 82, 83, 84, 85, 86, 87, 88, 89<\/td>\n<td colspan=\"4\" rowspan=\"3\" width=\"256\">77, 78, 79, 90, 92, 93, 94, 95, 96, 97, 98, 99<\/td>\n<td colspan=\"3\" rowspan=\"3\" width=\"299\">11, 12, 13, 14, 15, 16, 17, 18, 19, 20, 21, 22, 23, 24, 25, 26, 27, 28, 29, 30, 31, 32, 33, 34, 35, 36, 40, 41, 42, 43, 44, 45, 46, 47, 48, 49<\/td>\n<td colspan=\"3\" rowspan=\"3\" width=\"220\">37, 38, 39, 4944, 4592, 59, 6720, 6792, 8305, 8592, 9940<\/td>\n<\/tr>\n<tr>\n<td><\/td>\n<td><\/td>\n<\/tr>\n<tr>\n<td colspan=\"2\"><strong><u>Ordrebel\u00f8b:<\/u><\/strong><\/td>\n<\/tr>\n<tr>\n<td colspan=\"2\">\u20ac 0 &#8211; \u20ac 2000<\/td>\n<td colspan=\"2\">\u20ac500<\/td>\n<td colspan=\"2\">\u20ac 500<\/td>\n<td colspan=\"3\">\u20ac 500<\/td>\n<td colspan=\"4\">\u20ac 500<\/td>\n<td colspan=\"3\">\u20ac500<\/td>\n<td colspan=\"3\"><\/td>\n<\/tr>\n<tr>\n<td colspan=\"2\">\u20ac 2.000 &#8211; &#8230;<\/td>\n<td colspan=\"2\">\u20ac 750<\/td>\n<td colspan=\"2\">\u20ac 750<\/td>\n<td colspan=\"3\">\u20ac 750<\/td>\n<td colspan=\"4\">\u20ac 750<\/td>\n<td colspan=\"3\">\u20ac 750<\/td>\n<td colspan=\"3\"><\/td>\n<\/tr>\n<tr>\n<td colspan=\"2\"><\/td>\n<td colspan=\"2\"><\/td>\n<td colspan=\"2\"><\/td>\n<td colspan=\"3\"><\/td>\n<td colspan=\"4\"><\/td>\n<td colspan=\"3\"><\/td>\n<td colspan=\"3\"><\/td>\n<\/tr>\n<tr>\n<td colspan=\"2\"><\/td>\n<td colspan=\"2\"><\/td>\n<td colspan=\"2\"><\/td>\n<td colspan=\"3\"><\/td>\n<td colspan=\"4\"><\/td>\n<td colspan=\"3\"><\/td>\n<td colspan=\"3\"><\/td>\n<\/tr>\n<tr>\n<td><\/td>\n<td><\/td>\n<td><\/td>\n<td><\/td>\n<td><\/td>\n<td><\/td>\n<td><\/td>\n<td><\/td>\n<td><\/td>\n<td><\/td>\n<td><\/td>\n<td><\/td>\n<td><\/td>\n<td><\/td>\n<td><\/td>\n<td><\/td>\n<td><\/td>\n<td><\/td>\n<td><\/td>\n<\/tr>\n<tr>\n<td><\/td>\n<td><\/td>\n<td><\/td>\n<td><\/td>\n<td><\/td>\n<td><\/td>\n<td><\/td>\n<td><\/td>\n<td><\/td>\n<td><\/td>\n<td><\/td>\n<td><\/td>\n<td><\/td>\n<td><\/td>\n<td><\/td>\n<td><\/td>\n<td><\/td>\n<td><\/td>\n<td><\/td>\n<\/tr>\n<\/tbody>\n<\/table>\n<p>&nbsp;<\/p>\n","protected":false},"excerpt":{"rendered":"<p>Ad\u00e9quat har egne lastbiler med p\u00e5lidelige chauff\u00f8rer som alle kender produktet godt. Hvis der er sp\u00f8rgsm\u00e5l, s\u00e5 kan de besvares p\u00e5 stedet. N\u00e5r du har&#8230;<\/p>\n","protected":false},"author":4,"featured_media":0,"parent":0,"menu_order":0,"comment_status":"closed","ping_status":"closed","template":"","meta":{"_acf_changed":false,"inline_featured_image":false,"_trash_the_other_posts":false,"iawp_total_views":63,"editor_notices":[],"footnotes":""},"class_list":["post-7962","page","type-page","status-publish","hentry"],"acf":[],"_links":{"self":[{"href":"https:\/\/adequat.eu\/dk\/wp-json\/wp\/v2\/pages\/7962","targetHints":{"allow":["GET"]}}],"collection":[{"href":"https:\/\/adequat.eu\/dk\/wp-json\/wp\/v2\/pages"}],"about":[{"href":"https:\/\/adequat.eu\/dk\/wp-json\/wp\/v2\/types\/page"}],"author":[{"embeddable":true,"href":"https:\/\/adequat.eu\/dk\/wp-json\/wp\/v2\/users\/4"}],"replies":[{"embeddable":true,"href":"https:\/\/adequat.eu\/dk\/wp-json\/wp\/v2\/comments?post=7962"}],"version-history":[{"count":9,"href":"https:\/\/adequat.eu\/dk\/wp-json\/wp\/v2\/pages\/7962\/revisions"}],"predecessor-version":[{"id":13584,"href":"https:\/\/adequat.eu\/dk\/wp-json\/wp\/v2\/pages\/7962\/revisions\/13584"}],"wp:attachment":[{"href":"https:\/\/adequat.eu\/dk\/wp-json\/wp\/v2\/media?parent=7962"}],"curies":[{"name":"wp","href":"https:\/\/api.w.org\/{rel}","templated":true}]}}