{"id":7963,"date":"2020-12-23T16:52:31","date_gmt":"2020-12-23T15:52:31","guid":{"rendered":"https:\/\/adequat.eu\/dk\/betaling\/"},"modified":"2021-12-02T11:26:00","modified_gmt":"2021-12-02T10:26:00","slug":"betaling","status":"publish","type":"page","link":"https:\/\/adequat.eu\/dk\/betaling\/","title":{"rendered":"Betaling"},"content":{"rendered":"<p>N\u00e5r du har set og kontrolleret din bestilling, kan du betale hos vores chauff\u00f8r.\u00a0Vores chauff\u00f8rer har en betalingsterminal med sig, s\u00e5 du ved leveringen kan betale din faktura med dit bankkort. V\u00e6r opm\u00e6rksom p\u00e5 om du har en h\u00e6vegr\u00e6nse p\u00e5 dit kort. For st\u00f8rre bel\u00f8b skal du muligvis midlertidigt forh\u00f8je din h\u00e6vegr\u00e6nse. Hold \u00f8je med om denne forh\u00f8jelse ogs\u00e5 g\u00e6lder betalinger til en udenlandsk (hollandsk) konto. Det kan du normalt selv ordne online eller hos din bank. Hvis du er usikker p\u00e5 din h\u00e6vegr\u00e6nse, s\u00e5 forh\u00f8r dig hos din bank, inden vores chauff\u00f8r kommer med din ordre til dig.<\/p>\n<p>En kontant betaling eller en bankoverf\u00f8rsel forinden er ogs\u00e5 en mulighed.<\/p>\n","protected":false},"excerpt":{"rendered":"<p>N\u00e5r du har set og kontrolleret din bestilling, kan du betale hos vores chauff\u00f8r.\u00a0Vores chauff\u00f8rer har en betalingsterminal med sig, s\u00e5 du ved leveringen kan&#8230;<\/p>\n","protected":false},"author":4,"featured_media":0,"parent":0,"menu_order":0,"comment_status":"closed","ping_status":"closed","template":"","meta":{"_acf_changed":false,"inline_featured_image":false,"_trash_the_other_posts":false,"iawp_total_views":26,"editor_notices":[],"footnotes":""},"class_list":["post-7963","page","type-page","status-publish","hentry"],"acf":[],"_links":{"self":[{"href":"https:\/\/adequat.eu\/dk\/wp-json\/wp\/v2\/pages\/7963","targetHints":{"allow":["GET"]}}],"collection":[{"href":"https:\/\/adequat.eu\/dk\/wp-json\/wp\/v2\/pages"}],"about":[{"href":"https:\/\/adequat.eu\/dk\/wp-json\/wp\/v2\/types\/page"}],"author":[{"embeddable":true,"href":"https:\/\/adequat.eu\/dk\/wp-json\/wp\/v2\/users\/4"}],"replies":[{"embeddable":true,"href":"https:\/\/adequat.eu\/dk\/wp-json\/wp\/v2\/comments?post=7963"}],"version-history":[{"count":1,"href":"https:\/\/adequat.eu\/dk\/wp-json\/wp\/v2\/pages\/7963\/revisions"}],"predecessor-version":[{"id":12808,"href":"https:\/\/adequat.eu\/dk\/wp-json\/wp\/v2\/pages\/7963\/revisions\/12808"}],"wp:attachment":[{"href":"https:\/\/adequat.eu\/dk\/wp-json\/wp\/v2\/media?parent=7963"}],"curies":[{"name":"wp","href":"https:\/\/api.w.org\/{rel}","templated":true}]}}