{"id":7964,"date":"2020-12-23T16:55:32","date_gmt":"2020-12-23T15:55:32","guid":{"rendered":"https:\/\/adequat.eu\/dk\/garanti\/"},"modified":"2020-12-29T14:38:44","modified_gmt":"2020-12-29T13:38:44","slug":"garanti","status":"publish","type":"page","link":"https:\/\/adequat.eu\/dk\/garanti\/","title":{"rendered":"Garanti"},"content":{"rendered":"<p>Garanti<\/p>\n<p>Vi kan godt forestille os at det kan v\u00e6re lidt sv\u00e6rt at bestille et hegn eller en l\u00e5ge via en hjemmeside og uden at du har kunnet se varen med dine egne \u00f8jne. Det er pr\u00e6cis ogs\u00e5 grunden til hvorfor vi giver dig mulighed for at bed\u00f8mme kvaliteten p\u00e5 leveringstidspunktet. Sammen med chauff\u00f8ren besigtiger du din bestilling og f\u00f8rst efter at du har godkendt den, betaler du for den. Det kan du g\u00f8re kontant, men ogs\u00e5 via vores betalingsterminal. Er du ikke tilfreds, s\u00e5 tager vi din bestilling tilbage igen (det g\u00e6lder dog ikke for skr\u00e6ddersyede ordrer) og du beh\u00f8ver derfor heller ikke at betale for varen. Har du allerede betalt forud s\u00e5 tilbagef\u00f8rer vi selvf\u00f8lgelig pengene til dig.<\/p>\n<p>Har du accepteret og betalt leveringen, men opdager du efterf\u00f8lgende at hegnet m\u00e5ske er lidt for h\u00f8jt eller at den bestilte l\u00e5ge er for bred, og vil du derfor gerne bytte det, s\u00e5 er det ikke noget problem (selvf\u00f8lgelig under foruds\u00e6tning af at det ikke er brugt). Du kan altid bringe det tilbage, og du f\u00e5r dine penge tilbage igen. Vil du hellere have at vi kommer og henter bestillingen hos dig? Det er efter aftale ofte ogs\u00e5 muligt, men tag da h\u00f8jde for at det kan medf\u00f8re ekstra leveringsomkostninger.<\/p>\n<p>Lever vores produkter af en eller anden grund ikke op til dine forventninger? S\u00e5 send os et foto, s\u00e5 vi sammen kan finde en passende l\u00f8sning.<\/p>\n<p>Tilfredse kunder er for os meget vigtigt. Har du et problem eller en klage, s\u00e5 meld det til os! Sammen finder vi ud af det!<\/p>\n","protected":false},"excerpt":{"rendered":"<p>Garanti Vi kan godt forestille os at det kan v\u00e6re lidt sv\u00e6rt at bestille et hegn eller en l\u00e5ge via en hjemmeside og uden at&#8230;<\/p>\n","protected":false},"author":4,"featured_media":0,"parent":0,"menu_order":0,"comment_status":"closed","ping_status":"closed","template":"","meta":{"_acf_changed":false,"inline_featured_image":false,"_trash_the_other_posts":false,"iawp_total_views":16,"editor_notices":[],"footnotes":""},"class_list":["post-7964","page","type-page","status-publish","hentry"],"acf":[],"_links":{"self":[{"href":"https:\/\/adequat.eu\/dk\/wp-json\/wp\/v2\/pages\/7964","targetHints":{"allow":["GET"]}}],"collection":[{"href":"https:\/\/adequat.eu\/dk\/wp-json\/wp\/v2\/pages"}],"about":[{"href":"https:\/\/adequat.eu\/dk\/wp-json\/wp\/v2\/types\/page"}],"author":[{"embeddable":true,"href":"https:\/\/adequat.eu\/dk\/wp-json\/wp\/v2\/users\/4"}],"replies":[{"embeddable":true,"href":"https:\/\/adequat.eu\/dk\/wp-json\/wp\/v2\/comments?post=7964"}],"version-history":[{"count":0,"href":"https:\/\/adequat.eu\/dk\/wp-json\/wp\/v2\/pages\/7964\/revisions"}],"wp:attachment":[{"href":"https:\/\/adequat.eu\/dk\/wp-json\/wp\/v2\/media?parent=7964"}],"curies":[{"name":"wp","href":"https:\/\/api.w.org\/{rel}","templated":true}]}}