{"id":7966,"date":"2020-12-23T17:04:55","date_gmt":"2020-12-23T16:04:55","guid":{"rendered":"https:\/\/adequat.eu\/dk\/returnering\/"},"modified":"2020-12-29T14:48:50","modified_gmt":"2020-12-29T13:48:50","slug":"returnering","status":"publish","type":"page","link":"https:\/\/adequat.eu\/dk\/returnering\/","title":{"rendered":"Returnering"},"content":{"rendered":"<h2>Returnering<\/h2>\n<p>Selvf\u00f8lgelig holder vi os til de\u00a0<a href=\"https:\/\/adequat.eu\/dk\/almindelige-betingelser-adequat\/\">almindelige betingelser<\/a>,\u00a0n\u00e5r det drejer sig om returnering af varer, men ogs\u00e5 her g\u00e6lder at vi prioriterer god service h\u00f8jt.<\/p>\n<p>Har du accepteret og betalt leveringen, men opdager du efterf\u00f8lgende at hegnet m\u00e5ske er lidt for h\u00f8jt eller at den bestilte l\u00e5ge er for bred, og vil du derfor gerne bytte det, s\u00e5 er det ikke noget problem. Du kan altid bringe det tilbage, og du f\u00e5r dine penge tilbage igen (under foruds\u00e6tning af at det ikke er brugt og at det ikke er et skr\u00e6ddersyet produkt). Vil du hellere have at vi kommer og henter ordren hos dig? Det er efter aftale ofte ogs\u00e5 muligt, men tag da h\u00f8jde for at det kan medf\u00f8re ekstra leveringsomkostninger.<\/p>\n","protected":false},"excerpt":{"rendered":"<p>Returnering Selvf\u00f8lgelig holder vi os til de\u00a0almindelige betingelser,\u00a0n\u00e5r det drejer sig om returnering af varer, men ogs\u00e5 her g\u00e6lder at vi prioriterer god service h\u00f8jt&#8230;.<\/p>\n","protected":false},"author":4,"featured_media":0,"parent":0,"menu_order":0,"comment_status":"closed","ping_status":"closed","template":"","meta":{"_acf_changed":false,"inline_featured_image":false,"_trash_the_other_posts":false,"iawp_total_views":16,"editor_notices":[],"footnotes":""},"class_list":["post-7966","page","type-page","status-publish","hentry"],"acf":[],"_links":{"self":[{"href":"https:\/\/adequat.eu\/dk\/wp-json\/wp\/v2\/pages\/7966","targetHints":{"allow":["GET"]}}],"collection":[{"href":"https:\/\/adequat.eu\/dk\/wp-json\/wp\/v2\/pages"}],"about":[{"href":"https:\/\/adequat.eu\/dk\/wp-json\/wp\/v2\/types\/page"}],"author":[{"embeddable":true,"href":"https:\/\/adequat.eu\/dk\/wp-json\/wp\/v2\/users\/4"}],"replies":[{"embeddable":true,"href":"https:\/\/adequat.eu\/dk\/wp-json\/wp\/v2\/comments?post=7966"}],"version-history":[{"count":1,"href":"https:\/\/adequat.eu\/dk\/wp-json\/wp\/v2\/pages\/7966\/revisions"}],"predecessor-version":[{"id":12274,"href":"https:\/\/adequat.eu\/dk\/wp-json\/wp\/v2\/pages\/7966\/revisions\/12274"}],"wp:attachment":[{"href":"https:\/\/adequat.eu\/dk\/wp-json\/wp\/v2\/media?parent=7966"}],"curies":[{"name":"wp","href":"https:\/\/api.w.org\/{rel}","templated":true}]}}