{"id":12150,"date":"2023-01-04T13:16:39","date_gmt":"2023-01-04T12:16:39","guid":{"rendered":"https:\/\/adequat.eu\/dk\/?post_type=product&#038;p=12150"},"modified":"2025-11-28T14:53:30","modified_gmt":"2025-11-28T13:53:30","slug":"kloevede-kastanjestolper","status":"publish","type":"product","link":"https:\/\/adequat.eu\/dk\/product\/stolper-dk\/kastanjestolper\/kloevede-kastanjestolper\/","title":{"rendered":"Kl\u00f8vede kastanjestolper"},"content":{"rendered":"<p>Disse tilspidsede kl\u00f8vede kastanjestolper stolper kan sammenlignes med <a href=\"https:\/\/adequat.eu\/dk\/product\/stolper-dk\/kastanjestolper\/kastanjestolpe-oe-7-9-cm\/\">stolper af kastanjetr\u00e6 med en diameter p\u00e5 7-9 cm<\/a>. De bliver kl\u00f8vet af stolper med en diameter p\u00e5 11-14 cm. Kerneveddet i en stolpe p\u00e5 11-14 cm er h\u00e5rdere end kerneveddet i en stolpe p\u00e5 7-9 cm, og derfor er denne stolpe mere bestandig end en stolpe med en diameter p\u00e5 7-9 cm. Kl\u00f8vningen af en stolpe s\u00f8rger ogs\u00e5 for at garvesyren bliver bedre opbevaret i tr\u00e6et. Hvis man saver en kastanjestolpe, risikerer man at opbevaringen af garvesyren bliver \u00f8delagt og at garvesyren l\u00f8ber ud af tr\u00e6et.<\/p>\n<p>N\u00e5r en stolpe bliver kl\u00f8vet, s\u00e5 er formen en smule uj\u00e6vn. Den ene gang er stolpen halvrund, den anden gang ligner den et pizzastykke, og den n\u00e6ste kl\u00f8vede stolpe har en form midt imellem. Det er imidlertid noget som typisk h\u00f8rer sig til, n\u00e5r stolper kl\u00f8ves. Leder du efter <a href=\"https:\/\/adequat.eu\/dk\/product\/stolper-dk\/kastanjestolper\/kastanje-stolpe-halvrund\/\">halvrunde stolper<\/a>? Dem har vi ogs\u00e5!<\/p>\n<h2>Kl\u00f8vede stolper til at s\u00e6tte tr\u00e5dnet p\u00e5<\/h2>\n<p>Hvis du vil ops\u00e6tte tr\u00e5dnet p\u00e5 en gr\u00e6smark, s\u00e5 er disse kl\u00f8vede kastanjestolper en rigtig god id\u00e9. Venlige priser og b\u00e6redygtigt!<\/p>\n","protected":false},"excerpt":{"rendered":"<p>Disse tilspidsede kl\u00f8vede kastanjestolper stolper kan sammenlignes med stolper af kastanjetr\u00e6 med en diameter p\u00e5 7-9 cm. De bliver kl\u00f8vet af stolper med en diameter&#8230;<\/p>\n","protected":false},"featured_media":12247,"comment_status":"closed","ping_status":"closed","template":"","meta":{"_acf_changed":false,"inline_featured_image":false,"_trash_the_other_posts":false,"iawp_total_views":20,"editor_notices":[]},"product_brand":[],"product_cat":[95,94],"product_tag":[],"class_list":{"0":"post-12150","1":"product","2":"type-product","3":"status-publish","4":"has-post-thumbnail","6":"product_cat-kastanjestolper","7":"product_cat-stolper-dk","9":"first","10":"instock","11":"shipping-taxable","12":"purchasable","13":"product-type-variable","14":"has-default-attributes"},"composite_virtual":false,"composite_layout":"","composite_add_to_cart_form_location":"","composite_editable_in_cart":false,"composite_sold_individually_context":"","composite_shop_price_calc":"","composite_components":[],"composite_scenarios":[],"acf":[],"_links":{"self":[{"href":"https:\/\/adequat.eu\/dk\/wp-json\/wp\/v2\/product\/12150","targetHints":{"allow":["GET"]}}],"collection":[{"href":"https:\/\/adequat.eu\/dk\/wp-json\/wp\/v2\/product"}],"about":[{"href":"https:\/\/adequat.eu\/dk\/wp-json\/wp\/v2\/types\/product"}],"replies":[{"embeddable":true,"href":"https:\/\/adequat.eu\/dk\/wp-json\/wp\/v2\/comments?post=12150"}],"wp:featuredmedia":[{"embeddable":true,"href":"https:\/\/adequat.eu\/dk\/wp-json\/wp\/v2\/media\/12247"}],"wp:attachment":[{"href":"https:\/\/adequat.eu\/dk\/wp-json\/wp\/v2\/media?parent=12150"}],"wp:term":[{"taxonomy":"product_brand","embeddable":true,"href":"https:\/\/adequat.eu\/dk\/wp-json\/wp\/v2\/product_brand?post=12150"},{"taxonomy":"product_cat","embeddable":true,"href":"https:\/\/adequat.eu\/dk\/wp-json\/wp\/v2\/product_cat?post=12150"},{"taxonomy":"product_tag","embeddable":true,"href":"https:\/\/adequat.eu\/dk\/wp-json\/wp\/v2\/product_tag?post=12150"}],"curies":[{"name":"wp","href":"https:\/\/api.w.org\/{rel}","templated":true}]}}