{"id":12151,"date":"2023-01-04T13:47:57","date_gmt":"2023-01-04T12:47:57","guid":{"rendered":"https:\/\/adequat.eu\/dk\/?post_type=product&#038;p=12151"},"modified":"2026-04-16T11:58:28","modified_gmt":"2026-04-16T09:58:28","slug":"kastanjestolpe-i-stolpefod-med-plade","status":"publish","type":"product","link":"https:\/\/adequat.eu\/dk\/product\/stolper-dk\/kastanjestolper\/kastanjestolpe-i-stolpefod-med-plade\/","title":{"rendered":"Kastanjestolpe i stolpefod med plade"},"content":{"rendered":"<p>Stolpefod med plade (15&#215;15 cm) til at montere tr\u00e6stolper med en diameter p\u00e5 7-9 cm. Den galvaniserede stolpefod har en diameter p\u00e5 80 mm og v\u00e6ggen er 2,5 mm tyk. Det er den ideelle l\u00f8sning, hvis du ikke vil eller kan s\u00e6tte stolper i jorden. Vi tilbyder dig kastanjestolpen i stolpefod med plade som en samlet pakke. S\u00e6ttet leveres inklusive 2 m\u00f8trikker og bolte. Vi fr\u00e6ser stolperne efter m\u00e5l.<\/p>\n<p>For solidt at montere en tr\u00e6stolpe, skal den normalt cirka med en tredjedel af sin l\u00e6ngde ned i jorden. Det er ikke altid muligt. Det kan v\u00e6re fordi jorden er for h\u00e5rd, eller fordi du ikke vil lave et hul der hvor stolpen skal v\u00e6re. Det kan for eksempel v\u00e6re at du vil have en stolpe p\u00e5 det sted hvor der ligger en flot terrasse. I de tilf\u00e6lde har vi den perfekte l\u00f8sning. En stolpefod med en plade som du kan forankre p\u00e5 et plant underlag. P\u00e5 den m\u00e5de kan du alligevel placere en stolpe og du beh\u00f8ver ikke at endevende det hele, hvis du ikke har lyst til det! Har du ikke noget plant underlag, men en jordbund som du imidlertid ikke s\u00e5 let kan grave en stolpe ned i, s\u00e5 se engang p\u00e5 kastanjestolpe i stolpefod med sp<u>yd<\/u>.<\/p>\n<h2>Kastanjestolpe i stolpefod med plade til Fransk kastanjehegn<\/h2>\n<p>Kastanjestolpen i stolpeflode med plade er ogs\u00e5 meget velegnet som del af \u00a0et\u00a0<a href=\"https:\/\/adequat.eu\/dk\/products\/hegn\/kastanjehegn\/\">Fransk kastanje<\/a><u>hegn<\/u>\u00a0eller et\u00a0<a href=\"https:\/\/adequat.eu\/dk\/products\/hegn\/robinie-hegn\/\">robinie<\/a><u>hegn<\/u>. Til for eksempel et kastanjehegn 100 cm h\u00f8jt, v\u00e6lger du en stolpe p\u00e5 100 cm.<\/p>\n<p>V\u00e6r opm\u00e6rksom: disse stolpef\u00f8dder er kun velegnet til stolper med en diameter p\u00e5 7-9 cm. Vi kan fr\u00e6se stolperne, s\u00e5dan at de passer perfekt i stolpefoden.<\/p>\n","protected":false},"excerpt":{"rendered":"<p>Stolpefod med plade (15&#215;15 cm) til at montere tr\u00e6stolper med en diameter p\u00e5 7-9 cm. Den galvaniserede stolpefod har en diameter p\u00e5 80 mm og&#8230;<\/p>\n","protected":false},"featured_media":12257,"comment_status":"closed","ping_status":"closed","template":"","meta":{"_acf_changed":false,"inline_featured_image":false,"_trash_the_other_posts":false,"iawp_total_views":5,"editor_notices":[]},"product_brand":[],"product_cat":[95,94],"product_tag":[],"class_list":{"0":"post-12151","1":"product","2":"type-product","3":"status-publish","4":"has-post-thumbnail","6":"product_cat-kastanjestolper","7":"product_cat-stolper-dk","9":"first","10":"instock","11":"shipping-taxable","12":"purchasable","13":"product-type-composite"},"composite_virtual":false,"composite_layout":"single","composite_add_to_cart_form_location":"default","composite_editable_in_cart":false,"composite_sold_individually_context":"product","composite_shop_price_calc":"defaults","composite_components":[{"id":"1734696486","title":"Kastanjestolpe","description":"","query_type":"product_ids","query_ids":[13969],"default_option_id":13969,"thumbnail_id":"","thumbnail_src":"","quantity_min":1,"quantity_max":1,"priced_individually":true,"shipped_individually":false,"optional":false,"discount":"","options_style":"dropdowns","pagination_style":"classic","display_prices":"absolute","show_sorting_options":false,"show_filtering_options":false,"attribute_filter_ids":[],"select_action":"view","product_title_visible":false,"product_descr_visible":false,"product_price_visible":true,"product_thumb_visible":false,"subtotal_visible_product":true,"subtotal_visible_cart":true,"subtotal_visible_orders":true},{"id":"1734696487","title":"Bundmuffe","description":"","query_type":"product_ids","query_ids":[13962],"default_option_id":13962,"thumbnail_id":"","thumbnail_src":"","quantity_min":1,"quantity_max":1,"priced_individually":true,"shipped_individually":false,"optional":false,"discount":"","options_style":"dropdowns","pagination_style":"classic","display_prices":"absolute","show_sorting_options":false,"show_filtering_options":false,"attribute_filter_ids":[],"select_action":"view","product_title_visible":false,"product_descr_visible":false,"product_price_visible":true,"product_thumb_visible":false,"subtotal_visible_product":true,"subtotal_visible_cart":true,"subtotal_visible_orders":true}],"composite_scenarios":[],"acf":[],"_links":{"self":[{"href":"https:\/\/adequat.eu\/dk\/wp-json\/wp\/v2\/product\/12151","targetHints":{"allow":["GET"]}}],"collection":[{"href":"https:\/\/adequat.eu\/dk\/wp-json\/wp\/v2\/product"}],"about":[{"href":"https:\/\/adequat.eu\/dk\/wp-json\/wp\/v2\/types\/product"}],"replies":[{"embeddable":true,"href":"https:\/\/adequat.eu\/dk\/wp-json\/wp\/v2\/comments?post=12151"}],"wp:featuredmedia":[{"embeddable":true,"href":"https:\/\/adequat.eu\/dk\/wp-json\/wp\/v2\/media\/12257"}],"wp:attachment":[{"href":"https:\/\/adequat.eu\/dk\/wp-json\/wp\/v2\/media?parent=12151"}],"wp:term":[{"taxonomy":"product_brand","embeddable":true,"href":"https:\/\/adequat.eu\/dk\/wp-json\/wp\/v2\/product_brand?post=12151"},{"taxonomy":"product_cat","embeddable":true,"href":"https:\/\/adequat.eu\/dk\/wp-json\/wp\/v2\/product_cat?post=12151"},{"taxonomy":"product_tag","embeddable":true,"href":"https:\/\/adequat.eu\/dk\/wp-json\/wp\/v2\/product_tag?post=12151"}],"curies":[{"name":"wp","href":"https:\/\/api.w.org\/{rel}","templated":true}]}}