{"id":12152,"date":"2023-01-04T14:21:22","date_gmt":"2023-01-04T13:21:22","guid":{"rendered":"https:\/\/adequat.eu\/dk\/?post_type=product&#038;p=12152"},"modified":"2026-04-02T10:51:13","modified_gmt":"2026-04-02T08:51:13","slug":"kastanjestolpe-i-stolpefod-med-spyd","status":"publish","type":"product","link":"https:\/\/adequat.eu\/dk\/product\/stolper-dk\/kastanjestolper\/kastanjestolpe-i-stolpefod-med-spyd\/","title":{"rendered":"Kastanjestolpe i stolpefod med spyd"},"content":{"rendered":"<p>Stolpefod med spyd til at montere en tr\u00e6stolpe med en diameter p\u00e5 7-9 cm. Den galvaniserede stolpefod har en diameter p\u00e5 80 mm og v\u00e6ggen er 2,5 mm tyk. Dette er en ideelle l\u00f8sning, hvis du ikke kan eller vil placere tr\u00e6stolper dybt i jorden. Vi tilbyder dig kastanjestolpen i stolpefod med spyd som en samlet pakke. S\u00e6ttet leveres inklusive 2 m\u00f8trikker og bolte. Vi fr\u00e6ser stolperne efter m\u00e5l. Tappens l\u00e6ngde er 45 cm lang, og den samlede l\u00e6ngde inklusive fod er 60 cm.<\/p>\n<p>For at montere en tr\u00e6stolpe solidt, skal den under normale omst\u00e6ndigheder cirka med en tredjedel af sin l\u00e6ngde ned i jorden. Det er sommetider ikke muligt. For eksempel fordi jorden er for h\u00e5rd. I s\u00e5danne tilf\u00e6lde er kastanjestolpen i stolpefod med spyd den perfekte l\u00f8sning. P\u00e5 den m\u00e5de kan du alligevel montere en stolpe, men du beh\u00f8ver ikke at g\u00e5 rigtig dybt i jorden for at f\u00e5 et solidt resultat. Kan eller vil du slet ikke montere stolpen i jorden? S\u00e5 har vi ogs\u00e5 en kastanjestolpe i stolpefod med plade.<\/p>\n<h2>Kastanjestolpe i stolpefod med spyd til Fransk\u00a0kastanjehegn<\/h2>\n<p>Kastanjestolpen i stolpefod med spyd er ogs\u00e5 meget velegnet som del af et\u00a0<a href=\"https:\/\/adequat.eu\/dk\/products\/hegn\/kastanjehegn\/\">Fransk kastanje<\/a><u>hegn<\/u>\u00a0eller et\u00a0<a href=\"https:\/\/adequat.eu\/dk\/products\/hegn\/robinie-hegn\/\">robinie<\/a><u>hegn<\/u>. Til for eksempel et kastanjehegn 120 cm h\u00f8jt, v\u00e6lger du en stolpe p\u00e5 120 cm.<\/p>\n<p>V\u00e6r opm\u00e6rksom: disse stolpef\u00f8dder med spyd er kun velegnet til stolper med en diameter p\u00e5 7-9 cm. Vi kan fr\u00e6se stolperne, s\u00e5dan at de passer perfekt i stolpefoden.<\/p>\n<p>&nbsp;<\/p>\n<p>&nbsp;<\/p>\n","protected":false},"excerpt":{"rendered":"<p>Stolpefod med spyd til at montere en tr\u00e6stolpe med en diameter p\u00e5 7-9 cm. Den galvaniserede stolpefod har en diameter p\u00e5 80 mm og v\u00e6ggen&#8230;<\/p>\n","protected":false},"featured_media":12270,"comment_status":"closed","ping_status":"closed","template":"","meta":{"_acf_changed":false,"inline_featured_image":false,"_trash_the_other_posts":false,"iawp_total_views":28,"editor_notices":[]},"product_brand":[],"product_cat":[95,94],"product_tag":[],"class_list":{"0":"post-12152","1":"product","2":"type-product","3":"status-publish","4":"has-post-thumbnail","6":"product_cat-kastanjestolper","7":"product_cat-stolper-dk","9":"first","10":"instock","11":"shipping-taxable","12":"purchasable","13":"product-type-composite"},"composite_virtual":false,"composite_layout":"single","composite_add_to_cart_form_location":"default","composite_editable_in_cart":false,"composite_sold_individually_context":"product","composite_shop_price_calc":"defaults","composite_components":[{"id":"1734696277","title":"Kastanjestolpe","description":"","query_type":"product_ids","query_ids":[13969],"default_option_id":13969,"thumbnail_id":"","thumbnail_src":"","quantity_min":1,"quantity_max":1,"priced_individually":true,"shipped_individually":false,"optional":false,"discount":"","options_style":"dropdowns","pagination_style":"classic","display_prices":"absolute","show_sorting_options":false,"show_filtering_options":false,"attribute_filter_ids":[],"select_action":"view","product_title_visible":false,"product_descr_visible":false,"product_price_visible":true,"product_thumb_visible":false,"subtotal_visible_product":true,"subtotal_visible_cart":true,"subtotal_visible_orders":true},{"id":"1734696278","title":"Bundmuffe","description":"","query_type":"product_ids","query_ids":[13961],"default_option_id":13961,"thumbnail_id":"","thumbnail_src":"","quantity_min":1,"quantity_max":1,"priced_individually":true,"shipped_individually":false,"optional":false,"discount":"","options_style":"dropdowns","pagination_style":"classic","display_prices":"absolute","show_sorting_options":false,"show_filtering_options":false,"attribute_filter_ids":[],"select_action":"view","product_title_visible":false,"product_descr_visible":false,"product_price_visible":true,"product_thumb_visible":false,"subtotal_visible_product":true,"subtotal_visible_cart":true,"subtotal_visible_orders":true}],"composite_scenarios":[],"acf":[],"_links":{"self":[{"href":"https:\/\/adequat.eu\/dk\/wp-json\/wp\/v2\/product\/12152","targetHints":{"allow":["GET"]}}],"collection":[{"href":"https:\/\/adequat.eu\/dk\/wp-json\/wp\/v2\/product"}],"about":[{"href":"https:\/\/adequat.eu\/dk\/wp-json\/wp\/v2\/types\/product"}],"replies":[{"embeddable":true,"href":"https:\/\/adequat.eu\/dk\/wp-json\/wp\/v2\/comments?post=12152"}],"wp:featuredmedia":[{"embeddable":true,"href":"https:\/\/adequat.eu\/dk\/wp-json\/wp\/v2\/media\/12270"}],"wp:attachment":[{"href":"https:\/\/adequat.eu\/dk\/wp-json\/wp\/v2\/media?parent=12152"}],"wp:term":[{"taxonomy":"product_brand","embeddable":true,"href":"https:\/\/adequat.eu\/dk\/wp-json\/wp\/v2\/product_brand?post=12152"},{"taxonomy":"product_cat","embeddable":true,"href":"https:\/\/adequat.eu\/dk\/wp-json\/wp\/v2\/product_cat?post=12152"},{"taxonomy":"product_tag","embeddable":true,"href":"https:\/\/adequat.eu\/dk\/wp-json\/wp\/v2\/product_tag?post=12152"}],"curies":[{"name":"wp","href":"https:\/\/api.w.org\/{rel}","templated":true}]}}