{"id":13956,"date":"2024-12-20T13:53:33","date_gmt":"2024-12-20T12:53:33","guid":{"rendered":"https:\/\/adequat.eu\/dk\/?post_type=product&#038;p=13956"},"modified":"2025-05-27T14:34:33","modified_gmt":"2025-05-27T12:34:33","slug":"vlechtscherm-hazelaar-180-x-150-cm","status":"publish","type":"product","link":"https:\/\/adequat.eu\/dk\/product\/flethegn\/flethegn-hassel-180-x-150-cm\/","title":{"rendered":"Flethegn hassel 180 x 150 cm"},"content":{"rendered":"<p>Et f\u00e6rdiglavet flethegn, lavet af halvrunde lameller af hasseltr\u00e6. Rammelisterne, som lamellerne er skruet fast p\u00e5, er ogs\u00e5 lavet af hassel. Denne smukke, robuste sk\u00e6rm er 180 cm h\u00f8j x 150 cm bred og er lige klar til at blive installeret. Ideel til at lave et hegn eller til i en h\u00e5ndevending at pifte en grim mur op. Disse livlige flethegn af hassel garanterer en naturlig effekt.<\/p>\n<p>Et f\u00e6rdiglavet flethegn, lavet af halvrunde lameller af hasseltr\u00e6. Rammelisterne, som lamellerne er skruet fast p\u00e5, er ogs\u00e5 lavet af hassel. Denne smukke, robuste sk\u00e6rm er 180 cm h\u00f8j x 150 cm bred og er lige klar til at blive installeret. Ideel til at lave et hegn eller til i en h\u00e5ndevending at pifte en grim mur op. Disse livlige flethegn af hassel garanterer en naturlig effekt.<\/p>\n<h2>Montering af flethegn hassel mod stolper<\/h2>\n<p>Selvom enhver tr\u00e6stolpe i princippet er velegnet til montering af et flethegn, mener vi selv, at de firkantede kastanjestolper med afrundede hj\u00f8rner med en diameter p\u00e5 10 cm og en l\u00e6ngde p\u00e5 270 cm er s\u00e6rligt velegnede til at fastg\u00f8re disse fletv\u00e6rkssk\u00e6rme mod. Den runde overflade p\u00e5 stolpen er meget velegnet til at skrue rammestaven p\u00e5, hvilket visuelt efterlader en flot, slank, lige stolpe (hvor du p\u00e5 dens anden side ogs\u00e5 kan fastg\u00f8re en sk\u00e6rm).<\/p>\n<h2>Flethegn af hassel i forskellige st\u00f8rrelser<\/h2>\n<p>Leder du efter en mulighed for at installere et lidt lavere hegn, eller leder du efter en m\u00e5de hvorp\u00e5 du hurtigt kan f\u00e5 det der hj\u00f8rne med skraldespande og cykler ud af syne? S\u00e5 tag et kig p\u00e5 disse <b>hasselflettede sk\u00e6rme i st\u00f8rrelsen 150 cm x 150 cm<\/b>. Et smukt og praktisk handy panel, der med det samme skaber en hyggelig og naturlig atmosf\u00e6re i haven, uden at give dig f\u00f8lelsen af, at du deler haven op i sm\u00e5 rum. Fordi panelet ikke er lukket helt t\u00e6t, bevares f\u00f8lelsen af \u200b\u200blys og luft!<\/p>\n","protected":false},"excerpt":{"rendered":"<p>Et f\u00e6rdiglavet flethegn, lavet af halvrunde lameller af hasseltr\u00e6. Rammelisterne, som lamellerne er skruet fast p\u00e5, er ogs\u00e5 lavet af hassel. Denne smukke, robuste sk\u00e6rm&#8230;<\/p>\n","protected":false},"featured_media":13958,"comment_status":"closed","ping_status":"closed","template":"","meta":{"_acf_changed":false,"inline_featured_image":false,"_trash_the_other_posts":false,"iawp_total_views":49,"editor_notices":[]},"product_brand":[],"product_cat":[437],"product_tag":[],"class_list":{"0":"post-13956","1":"product","2":"type-product","3":"status-publish","4":"has-post-thumbnail","6":"product_cat-flethegn","8":"first","9":"instock","10":"shipping-taxable","11":"purchasable","12":"product-type-simple"},"composite_virtual":false,"composite_layout":"","composite_add_to_cart_form_location":"","composite_editable_in_cart":false,"composite_sold_individually_context":"","composite_shop_price_calc":"","composite_components":[],"composite_scenarios":[],"acf":[],"_links":{"self":[{"href":"https:\/\/adequat.eu\/dk\/wp-json\/wp\/v2\/product\/13956","targetHints":{"allow":["GET"]}}],"collection":[{"href":"https:\/\/adequat.eu\/dk\/wp-json\/wp\/v2\/product"}],"about":[{"href":"https:\/\/adequat.eu\/dk\/wp-json\/wp\/v2\/types\/product"}],"replies":[{"embeddable":true,"href":"https:\/\/adequat.eu\/dk\/wp-json\/wp\/v2\/comments?post=13956"}],"wp:featuredmedia":[{"embeddable":true,"href":"https:\/\/adequat.eu\/dk\/wp-json\/wp\/v2\/media\/13958"}],"wp:attachment":[{"href":"https:\/\/adequat.eu\/dk\/wp-json\/wp\/v2\/media?parent=13956"}],"wp:term":[{"taxonomy":"product_brand","embeddable":true,"href":"https:\/\/adequat.eu\/dk\/wp-json\/wp\/v2\/product_brand?post=13956"},{"taxonomy":"product_cat","embeddable":true,"href":"https:\/\/adequat.eu\/dk\/wp-json\/wp\/v2\/product_cat?post=13956"},{"taxonomy":"product_tag","embeddable":true,"href":"https:\/\/adequat.eu\/dk\/wp-json\/wp\/v2\/product_tag?post=13956"}],"curies":[{"name":"wp","href":"https:\/\/api.w.org\/{rel}","templated":true}]}}