{"id":13961,"date":"2024-12-20T11:44:47","date_gmt":"2024-12-20T10:44:47","guid":{"rendered":"https:\/\/adequat.eu\/dk\/?post_type=product&#038;p=13961"},"modified":"2026-04-09T14:06:55","modified_gmt":"2026-04-09T12:06:55","slug":"bundmuffe-med-spyd","status":"publish","type":"product","link":"https:\/\/adequat.eu\/dk\/product\/oevrigt\/installation\/bundmuffe-med-spyd\/","title":{"rendered":"Bundmuffe med spyd"},"content":{"rendered":"<p>Bundmuffe med spyd til montering af tr\u00e6stolper med en diameter p\u00e5 7-9 cm. Den galvaniserede bundmuffe har en diameter p\u00e5 80 mm og v\u00e6ggen er 2,5 mm tyk. Dette er l\u00f8sningen, hvis du ikke \u00f8nsker eller ikke kan placere tr\u00e6stolper dybt i jorden. S\u00e6ttet leveres med 2 m\u00f8trikker og bolte. Vi tilbyder ogs\u00e5 kastanjestolpen i bundmuffe med spyd som en komplet pakke. Se her stolper som vi specielt har fr\u00e6set efter m\u00e5l.<\/p>\n","protected":false},"excerpt":{"rendered":"<p>Bundmuffe med spyd til montering af tr\u00e6stolper med en diameter p\u00e5 7-9 cm. Den galvaniserede bundmuffe har en diameter p\u00e5 80 mm og v\u00e6ggen er&#8230;<\/p>\n","protected":false},"featured_media":13978,"comment_status":"closed","ping_status":"closed","template":"","meta":{"_acf_changed":false,"inline_featured_image":false,"_trash_the_other_posts":false,"iawp_total_views":2,"editor_notices":[]},"product_brand":[],"product_cat":[88,102],"product_tag":[],"class_list":{"0":"post-13961","1":"product","2":"type-product","3":"status-publish","4":"has-post-thumbnail","6":"product_cat-installation","7":"product_cat-fastgorelsesmaterialer","9":"first","10":"instock","11":"shipping-taxable","12":"purchasable","13":"product-type-simple"},"composite_virtual":false,"composite_layout":"","composite_add_to_cart_form_location":"","composite_editable_in_cart":false,"composite_sold_individually_context":"","composite_shop_price_calc":"","composite_components":[],"composite_scenarios":[],"acf":[],"_links":{"self":[{"href":"https:\/\/adequat.eu\/dk\/wp-json\/wp\/v2\/product\/13961","targetHints":{"allow":["GET"]}}],"collection":[{"href":"https:\/\/adequat.eu\/dk\/wp-json\/wp\/v2\/product"}],"about":[{"href":"https:\/\/adequat.eu\/dk\/wp-json\/wp\/v2\/types\/product"}],"replies":[{"embeddable":true,"href":"https:\/\/adequat.eu\/dk\/wp-json\/wp\/v2\/comments?post=13961"}],"wp:featuredmedia":[{"embeddable":true,"href":"https:\/\/adequat.eu\/dk\/wp-json\/wp\/v2\/media\/13978"}],"wp:attachment":[{"href":"https:\/\/adequat.eu\/dk\/wp-json\/wp\/v2\/media?parent=13961"}],"wp:term":[{"taxonomy":"product_brand","embeddable":true,"href":"https:\/\/adequat.eu\/dk\/wp-json\/wp\/v2\/product_brand?post=13961"},{"taxonomy":"product_cat","embeddable":true,"href":"https:\/\/adequat.eu\/dk\/wp-json\/wp\/v2\/product_cat?post=13961"},{"taxonomy":"product_tag","embeddable":true,"href":"https:\/\/adequat.eu\/dk\/wp-json\/wp\/v2\/product_tag?post=13961"}],"curies":[{"name":"wp","href":"https:\/\/api.w.org\/{rel}","templated":true}]}}