{"id":13969,"date":"2024-12-20T12:01:58","date_gmt":"2024-12-20T11:01:58","guid":{"rendered":"https:\/\/adequat.eu\/dk\/?post_type=product&#038;p=13969"},"modified":"2026-04-01T11:07:51","modified_gmt":"2026-04-01T09:07:51","slug":"zaunpfahl-fuer-aufschraubhuelse-pfostentraeger","status":"publish","type":"product","link":"https:\/\/adequat.eu\/dk\/product\/stolper-dk\/kastanjestolper\/kastanjestolpe-i-stolpefod-for-bundmuffe\/","title":{"rendered":"Kastanjestolpe i stolpefod for bundmuffe \u00d8 7\/9 cm"},"content":{"rendered":"<p>Kastanjestolpe til bundmuffe Velegnet til at bruge sammen med bundmuffe med spyd og\/eller bundmuffe med bundplade.<\/p>\n<h3>SPECIFIKATIONER<\/h3>\n<p>Kastanjetr\u00e6stolpe med en diameter p\u00e5 7\/9 cm som er s\u00e6rligt fr\u00e6set efter m\u00e5l, s\u00e5 den passer ind i bundmuffen.<\/p>\n<h3>KOMPLETTE S\u00c6T<\/h3>\n<p>Har du brug for en bundmuffe med en kastanjestolpe? S\u00e5 kan du ogs\u00e5 bestille et komplet s\u00e6t. G\u00e5 til fr\u00e6set kastanjestolpe inklusive bundmuffe med bundplade eller fr\u00e6set kastanjestolpe inklusive bundmuffe med spyd.<\/p>\n<h3>L\u00d8S BUNDMUFFE<\/h3>\n<p>Vi har bundmufferne ogs\u00e5 i l\u00f8ssalg.<\/p>\n","protected":false},"excerpt":{"rendered":"<p>Kastanjestolpe til bundmuffe Velegnet til at bruge sammen med bundmuffe med spyd og\/eller bundmuffe med bundplade. SPECIFIKATIONER Kastanjetr\u00e6stolpe med en diameter p\u00e5 7\/9 cm som&#8230;<\/p>\n","protected":false},"featured_media":13979,"comment_status":"closed","ping_status":"closed","template":"","meta":{"_acf_changed":false,"inline_featured_image":false,"_trash_the_other_posts":false,"iawp_total_views":4,"editor_notices":[]},"product_brand":[],"product_cat":[95],"product_tag":[],"class_list":{"0":"post-13969","1":"product","2":"type-product","3":"status-publish","4":"has-post-thumbnail","6":"product_cat-kastanjestolper","8":"first","9":"instock","10":"shipping-taxable","11":"purchasable","12":"product-type-variable","13":"has-default-attributes"},"composite_virtual":false,"composite_layout":"","composite_add_to_cart_form_location":"","composite_editable_in_cart":false,"composite_sold_individually_context":"","composite_shop_price_calc":"","composite_components":[],"composite_scenarios":[],"acf":[],"_links":{"self":[{"href":"https:\/\/adequat.eu\/dk\/wp-json\/wp\/v2\/product\/13969","targetHints":{"allow":["GET"]}}],"collection":[{"href":"https:\/\/adequat.eu\/dk\/wp-json\/wp\/v2\/product"}],"about":[{"href":"https:\/\/adequat.eu\/dk\/wp-json\/wp\/v2\/types\/product"}],"replies":[{"embeddable":true,"href":"https:\/\/adequat.eu\/dk\/wp-json\/wp\/v2\/comments?post=13969"}],"wp:featuredmedia":[{"embeddable":true,"href":"https:\/\/adequat.eu\/dk\/wp-json\/wp\/v2\/media\/13979"}],"wp:attachment":[{"href":"https:\/\/adequat.eu\/dk\/wp-json\/wp\/v2\/media?parent=13969"}],"wp:term":[{"taxonomy":"product_brand","embeddable":true,"href":"https:\/\/adequat.eu\/dk\/wp-json\/wp\/v2\/product_brand?post=13969"},{"taxonomy":"product_cat","embeddable":true,"href":"https:\/\/adequat.eu\/dk\/wp-json\/wp\/v2\/product_cat?post=13969"},{"taxonomy":"product_tag","embeddable":true,"href":"https:\/\/adequat.eu\/dk\/wp-json\/wp\/v2\/product_tag?post=13969"}],"curies":[{"name":"wp","href":"https:\/\/api.w.org\/{rel}","templated":true}]}}