{"id":13993,"date":"2024-12-20T15:22:25","date_gmt":"2024-12-20T14:22:25","guid":{"rendered":"https:\/\/adequat.eu\/dk\/?post_type=product&#038;p=13993"},"modified":"2025-05-27T14:33:51","modified_gmt":"2025-05-27T12:33:51","slug":"flethegn-hassel-150-x-150-cm","status":"publish","type":"product","link":"https:\/\/adequat.eu\/dk\/product\/flethegn\/flethegn-hassel-150-x-150-cm\/","title":{"rendered":"Flethegn hassel 150 x 150 cm"},"content":{"rendered":"<p>Et f\u00e6rdiglavet flethegn, lavet af halvrunde lameller af hasseltr\u00e6. Rammelisterne, som lamellerne er skruet fast p\u00e5, er ogs\u00e5 lavet af hassel. Denne smukke, robuste sk\u00e6rm m\u00e5ler 150 cm x 150 cm og er lige klar til at blive installeret. Ideel til at lave et lavt hegn eller blot skabe et sted, hvor du bagved kan opbevare f.eks. skraldespande, haveredskaber eller cykler. P\u00e5 denne m\u00e5de kan ting, som du helst ikke vil kigge p\u00e5 hele dagen, v\u00e6re ude af syne i en h\u00e5ndevending, og uden at du har f\u00f8lelsen af \u200b\u200bat v\u00e6re sp\u00e6rret inde. Disse livlige flethegn af hassel giver lys og luft i haven og giver en meget naturlig effekt.<\/p>\n<h2>Montering af fletsk\u00e6rme hassel mod stolper<\/h2>\n<p>Selvom enhver tr\u00e6stolpe i princippet er velegnet til p\u00e5montering af et flethegn, mener vi selv, at de <b>firkantede kastanjestolper med afrundede hj\u00f8rner<\/b> med en diameter p\u00e5 10 cm og en l\u00e6ngde p\u00e5 270 cm er ideelle til at fastg\u00f8re disse fletv\u00e6rkssk\u00e6rme p\u00e5. Stolpens runde overflade er meget velegnet til at skrue rammelisten p\u00e5, hvilket efterlader en visuelt flot, slank, lige stolpe.<\/p>\n<h2>Flethegn af hassel i forskellige st\u00f8rrelser<\/h2>\n<p>Vil du lave et h\u00f8jere hegn, for eksempel mellem dig og dine naboer, og s\u00e6tter du pris p\u00e5 noget privatliv, men har du samtidigt heller ikke noget imod at se hinanden en gang imellem? S\u00e5 er et <b>flethegn af hassel 180 cm h\u00f8j x 150 cm bredt<\/b> et rigtig godt valg. S\u00e5 har du noget helt s\u00e6rligt og stemningsfuldt i haven. Hvis du lader sk\u00e6rmene bevokse, s\u00e5 kan du optimalt nyde en naturlig adskillelse.<\/p>\n<p>&nbsp;<\/p>\n","protected":false},"excerpt":{"rendered":"<p>Et f\u00e6rdiglavet flethegn, lavet af halvrunde lameller af hasseltr\u00e6. Rammelisterne, som lamellerne er skruet fast p\u00e5, er ogs\u00e5 lavet af hassel. Denne smukke, robuste sk\u00e6rm&#8230;<\/p>\n","protected":false},"featured_media":13997,"comment_status":"closed","ping_status":"closed","template":"","meta":{"_acf_changed":false,"inline_featured_image":false,"_trash_the_other_posts":false,"iawp_total_views":106,"editor_notices":[]},"product_brand":[],"product_cat":[437],"product_tag":[],"class_list":{"0":"post-13993","1":"product","2":"type-product","3":"status-publish","4":"has-post-thumbnail","6":"product_cat-flethegn","8":"first","9":"instock","10":"shipping-taxable","11":"purchasable","12":"product-type-simple"},"composite_virtual":false,"composite_layout":"","composite_add_to_cart_form_location":"","composite_editable_in_cart":false,"composite_sold_individually_context":"","composite_shop_price_calc":"","composite_components":[],"composite_scenarios":[],"acf":[],"_links":{"self":[{"href":"https:\/\/adequat.eu\/dk\/wp-json\/wp\/v2\/product\/13993","targetHints":{"allow":["GET"]}}],"collection":[{"href":"https:\/\/adequat.eu\/dk\/wp-json\/wp\/v2\/product"}],"about":[{"href":"https:\/\/adequat.eu\/dk\/wp-json\/wp\/v2\/types\/product"}],"replies":[{"embeddable":true,"href":"https:\/\/adequat.eu\/dk\/wp-json\/wp\/v2\/comments?post=13993"}],"wp:featuredmedia":[{"embeddable":true,"href":"https:\/\/adequat.eu\/dk\/wp-json\/wp\/v2\/media\/13997"}],"wp:attachment":[{"href":"https:\/\/adequat.eu\/dk\/wp-json\/wp\/v2\/media?parent=13993"}],"wp:term":[{"taxonomy":"product_brand","embeddable":true,"href":"https:\/\/adequat.eu\/dk\/wp-json\/wp\/v2\/product_brand?post=13993"},{"taxonomy":"product_cat","embeddable":true,"href":"https:\/\/adequat.eu\/dk\/wp-json\/wp\/v2\/product_cat?post=13993"},{"taxonomy":"product_tag","embeddable":true,"href":"https:\/\/adequat.eu\/dk\/wp-json\/wp\/v2\/product_tag?post=13993"}],"curies":[{"name":"wp","href":"https:\/\/api.w.org\/{rel}","templated":true}]}}