{"id":13994,"date":"2024-12-20T15:35:19","date_gmt":"2024-12-20T14:35:19","guid":{"rendered":"https:\/\/adequat.eu\/dk\/?post_type=product&#038;p=13994"},"modified":"2025-07-18T11:10:30","modified_gmt":"2025-07-18T09:10:30","slug":"flethegn-kastanje-180-x-150-cm","status":"publish","type":"product","link":"https:\/\/adequat.eu\/dk\/product\/flethegn\/flethegn-kastanje-180-x-150-cm\/","title":{"rendered":"Flethegn kastanje 180 x 150 cm"},"content":{"rendered":"<p>Et kastanje flethegn p\u00e5 180 x 150 cm er en f\u00e6rdiglavet fletv\u00e6rkssk\u00e6rm, lavet af halvrunde lameller af tr\u00e6 fra den tamme kastanje. H\u00f8jden p\u00e5 sk\u00e6rmen er 180 cm og bredden er 150 cm. Lamellerne kommer fra sm\u00e5 stave med en diameter p\u00e5 4-7 cm og saves over p\u00e5 langs i midten. Tr\u00e6ets form bibeholdes s\u00e5 meget som muligt, hvilket giver et meget naturligt udseende. Lamellerne v\u00e6ves derefter gennem tre kastanjestave. Disse stave er 4 cm tykke og 5 cm brede. De halvrunde lameller fastg\u00f8res p\u00e5 stavene med rustfri st\u00e5ls\u00f8m for enden af \u200b\u200blamellerne. Dette skaber en meget robust sk\u00e6rm. Denne smukke og holdbare sk\u00e6rm er lige klar til at blive installeret. Ideel til at lave et hegn eller til p\u00e5 simpel vis at skjule en grim mur eller et grimt sted. Disse livlige, flettede kastanjesk\u00e6rme p\u00e5 180 x 150 cm skaber hygge i en h\u00e5ndevending, fordi de lader lys slippe igennem, og de er ogs\u00e5 meget velegnede til at lade bevokse. Dette giver en meget naturlig effekt.<\/p>\n<h2>Montering af flethegn kastanje 180 x 150 cm mod stolper<\/h2>\n<p>Selvom enhver tr\u00e6stolpe i princippet er velegnet til at montere en fletv\u00e6rkssk\u00e6rm p\u00e5, mener vi selv, at den <b>firkantede kastanjestolpe med afrundede hj\u00f8rner<\/b> med en diameter p\u00e5 10 cm og en l\u00e6ngde p\u00e5 270 cm er den flotteste mulighed for at fastg\u00f8re disse fletv\u00e6rkssk\u00e6rme. Stolpens runde overflade er meget velegnet til at skrue rammelisten p\u00e5 (3 <b>skruer p\u00e5 100 eller 120 mm<\/b> pr. side), og p\u00e5 den m\u00e5de f\u00e5s en visuelt flot, slank, lige stolpe.<\/p>\n<h2>Kastanje flethegn i forskellige st\u00f8rrelser<\/h2>\n<p>Hvis du for eksempel leder efter en m\u00e5de at pynte en hel mur p\u00e5 eller installere et stort hegn, har vi ogs\u00e5 et <b>kastanje flethegn 180 cm h\u00f8jt og 180 cm bredt<\/b>. Fordi sk\u00e6rmene ikke er helt lukkede og tillader luft at passere igennem, kan du ogs\u00e5 placere dem p\u00e5 steder, der er mere udsatte for vinden. Bag et kastanje flethegn er du lidt mere ude af vinden, men uden f\u00f8lelsen af \u200b\u200bat v\u00e6re lukket inde. Med en sk\u00e6rm af kastanjeflet tilf\u00f8jer du virkelig noget s\u00e6rligt til din have: naturligt, b\u00e6redygtigt og livligt.<\/p>\n<p>Sk\u00e6rmene i kastanjeflet ligner i deres udseende <b>hasselflettede sk\u00e6rme<\/b>, men kastanjesk\u00e6rmene holder cirka tre gange l\u00e6ngere. S\u00e5 afh\u00e6ngigt af form\u00e5let er det klogt at tage denne forskel i holdbarhed med i din beslutning.<\/p>\n","protected":false},"excerpt":{"rendered":"<p>Et kastanje flethegn p\u00e5 180 x 150 cm er en f\u00e6rdiglavet fletv\u00e6rkssk\u00e6rm, lavet af halvrunde lameller af tr\u00e6 fra den tamme kastanje. H\u00f8jden p\u00e5 sk\u00e6rmen&#8230;<\/p>\n","protected":false},"featured_media":13996,"comment_status":"closed","ping_status":"closed","template":"","meta":{"_acf_changed":false,"inline_featured_image":false,"_trash_the_other_posts":false,"iawp_total_views":4,"editor_notices":[]},"product_brand":[],"product_cat":[437],"product_tag":[],"class_list":{"0":"post-13994","1":"product","2":"type-product","3":"status-publish","4":"has-post-thumbnail","6":"product_cat-flethegn","8":"first","9":"instock","10":"shipping-taxable","11":"purchasable","12":"product-type-simple"},"composite_virtual":false,"composite_layout":"","composite_add_to_cart_form_location":"","composite_editable_in_cart":false,"composite_sold_individually_context":"","composite_shop_price_calc":"","composite_components":[],"composite_scenarios":[],"acf":[],"_links":{"self":[{"href":"https:\/\/adequat.eu\/dk\/wp-json\/wp\/v2\/product\/13994","targetHints":{"allow":["GET"]}}],"collection":[{"href":"https:\/\/adequat.eu\/dk\/wp-json\/wp\/v2\/product"}],"about":[{"href":"https:\/\/adequat.eu\/dk\/wp-json\/wp\/v2\/types\/product"}],"replies":[{"embeddable":true,"href":"https:\/\/adequat.eu\/dk\/wp-json\/wp\/v2\/comments?post=13994"}],"wp:featuredmedia":[{"embeddable":true,"href":"https:\/\/adequat.eu\/dk\/wp-json\/wp\/v2\/media\/13996"}],"wp:attachment":[{"href":"https:\/\/adequat.eu\/dk\/wp-json\/wp\/v2\/media?parent=13994"}],"wp:term":[{"taxonomy":"product_brand","embeddable":true,"href":"https:\/\/adequat.eu\/dk\/wp-json\/wp\/v2\/product_brand?post=13994"},{"taxonomy":"product_cat","embeddable":true,"href":"https:\/\/adequat.eu\/dk\/wp-json\/wp\/v2\/product_cat?post=13994"},{"taxonomy":"product_tag","embeddable":true,"href":"https:\/\/adequat.eu\/dk\/wp-json\/wp\/v2\/product_tag?post=13994"}],"curies":[{"name":"wp","href":"https:\/\/api.w.org\/{rel}","templated":true}]}}