{"id":5731,"date":"2018-03-01T13:33:06","date_gmt":"2018-03-01T12:33:06","guid":{"rendered":"https:\/\/adequat.eu\/dk\/product\/komplet-haengselsaet-til-rundtrae\/"},"modified":"2026-03-05T14:28:35","modified_gmt":"2026-03-05T13:28:35","slug":"komplet-haengselsaet-til-rundtrae","status":"publish","type":"product","link":"https:\/\/adequat.eu\/dk\/product\/oevrigt\/installation\/beslag-og-lase\/komplet-haengselsaet-til-rundtrae\/","title":{"rendered":"Komplet h\u00e6ngsels\u00e6t til rundtr\u00e6"},"content":{"rendered":"<p>Dette h\u00e6ngsels\u00e6t har vi specielt udviklet til kraftige l\u00e5ger lavet af rundtr\u00e6 (for eksempel\u00a0<a href=\"https:\/\/adequat.eu\/dk\/products\/traelager\/\">Post &amp; Rail l\u00e5gerne<\/a>\u00a0og Post &amp; Rail l\u00e5gerne med stave (<a href=\"https:\/\/adequat.eu\/dk\/product\/oevrigt\/kastanjestave\/halvrunde-kastanjestave\/\">echalas<\/a>). H\u00e6ngsels\u00e6ttet er galvaniseret og af meget solid kvalitet. Med dette h\u00e6ngsels\u00e6t har du mulighed for at indstille l\u00e5gen b\u00e5de foroven og forneden.<\/p>\n","protected":false},"excerpt":{"rendered":"<p>Dette h\u00e6ngsels\u00e6t har vi specielt udviklet til kraftige l\u00e5ger lavet af rundtr\u00e6 (for eksempel\u00a0Post &amp; Rail l\u00e5gerne\u00a0og Post &amp; Rail l\u00e5gerne med stave (echalas). H\u00e6ngsels\u00e6ttet&#8230;<\/p>\n","protected":false},"featured_media":5732,"comment_status":"closed","ping_status":"closed","template":"","meta":{"_acf_changed":false,"inline_featured_image":false,"_trash_the_other_posts":false,"iawp_total_views":2,"editor_notices":[]},"product_brand":[],"product_cat":[89,88,87],"product_tag":[],"class_list":{"0":"post-5731","1":"product","2":"type-product","3":"status-publish","4":"has-post-thumbnail","6":"product_cat-beslag-og-lase","7":"product_cat-installation","8":"product_cat-oevrigt","10":"first","11":"instock","12":"shipping-taxable","13":"purchasable","14":"product-type-simple"},"composite_virtual":false,"composite_layout":"","composite_add_to_cart_form_location":"","composite_editable_in_cart":false,"composite_sold_individually_context":"","composite_shop_price_calc":"","composite_components":[],"composite_scenarios":[],"acf":[],"_links":{"self":[{"href":"https:\/\/adequat.eu\/dk\/wp-json\/wp\/v2\/product\/5731","targetHints":{"allow":["GET"]}}],"collection":[{"href":"https:\/\/adequat.eu\/dk\/wp-json\/wp\/v2\/product"}],"about":[{"href":"https:\/\/adequat.eu\/dk\/wp-json\/wp\/v2\/types\/product"}],"replies":[{"embeddable":true,"href":"https:\/\/adequat.eu\/dk\/wp-json\/wp\/v2\/comments?post=5731"}],"wp:featuredmedia":[{"embeddable":true,"href":"https:\/\/adequat.eu\/dk\/wp-json\/wp\/v2\/media\/5732"}],"wp:attachment":[{"href":"https:\/\/adequat.eu\/dk\/wp-json\/wp\/v2\/media?parent=5731"}],"wp:term":[{"taxonomy":"product_brand","embeddable":true,"href":"https:\/\/adequat.eu\/dk\/wp-json\/wp\/v2\/product_brand?post=5731"},{"taxonomy":"product_cat","embeddable":true,"href":"https:\/\/adequat.eu\/dk\/wp-json\/wp\/v2\/product_cat?post=5731"},{"taxonomy":"product_tag","embeddable":true,"href":"https:\/\/adequat.eu\/dk\/wp-json\/wp\/v2\/product_tag?post=5731"}],"curies":[{"name":"wp","href":"https:\/\/api.w.org\/{rel}","templated":true}]}}