{"id":5735,"date":"2017-12-07T11:40:56","date_gmt":"2017-12-07T10:40:56","guid":{"rendered":"https:\/\/adequat.eu\/dk\/product\/jordblok-til-hollandsk-lage\/"},"modified":"2026-01-23T15:16:43","modified_gmt":"2026-01-23T14:16:43","slug":"jordblok-til-hollandsk-lage","status":"publish","type":"product","link":"https:\/\/adequat.eu\/dk\/product\/oevrigt\/installation\/beslag-og-lase\/jordblok-til-hollandsk-lage\/","title":{"rendered":"Jordblok til Hollandsk l\u00e5ge"},"content":{"rendered":"<p>Denne jordblok af egetr\u00e6 til en Hollandsk l\u00e5ge (ca. 20 cm x 20 cm og med en h\u00f8jde p\u00e5 ca. 40 cm) s\u00f8rger for at en dobbelt Hollandsk l\u00e5ge altid lukker p\u00e6nt og i tilstr\u00e6kkelig grad bliver underst\u00f8ttet s\u00e5ledes at risikoen for at den kommer til &#8216;at h\u00e6nge&#8217; bliver mindre. Du graver jordblokken ned, borer et hul eller en rende i den der hvor jordspyddet falder ned og s\u00e5 er du f\u00e6rdig. Enkelt, effektivt og i den samme stil som din dobbelte Hollandske l\u00e5ge.<\/p>\n","protected":false},"excerpt":{"rendered":"<p>Denne jordblok af egetr\u00e6 til en Hollandsk l\u00e5ge (ca. 20 cm x 20 cm og med en h\u00f8jde p\u00e5 ca. 40 cm) s\u00f8rger for at&#8230;<\/p>\n","protected":false},"featured_media":5736,"comment_status":"closed","ping_status":"closed","template":"","meta":{"_acf_changed":false,"inline_featured_image":false,"_trash_the_other_posts":false,"iawp_total_views":1,"editor_notices":[]},"product_brand":[],"product_cat":[89,88,87],"product_tag":[],"class_list":{"0":"post-5735","1":"product","2":"type-product","3":"status-publish","4":"has-post-thumbnail","6":"product_cat-beslag-og-lase","7":"product_cat-installation","8":"product_cat-oevrigt","10":"first","11":"instock","12":"shipping-taxable","13":"purchasable","14":"product-type-simple"},"composite_virtual":false,"composite_layout":"","composite_add_to_cart_form_location":"","composite_editable_in_cart":false,"composite_sold_individually_context":"","composite_shop_price_calc":"","composite_components":[],"composite_scenarios":[],"acf":[],"_links":{"self":[{"href":"https:\/\/adequat.eu\/dk\/wp-json\/wp\/v2\/product\/5735","targetHints":{"allow":["GET"]}}],"collection":[{"href":"https:\/\/adequat.eu\/dk\/wp-json\/wp\/v2\/product"}],"about":[{"href":"https:\/\/adequat.eu\/dk\/wp-json\/wp\/v2\/types\/product"}],"replies":[{"embeddable":true,"href":"https:\/\/adequat.eu\/dk\/wp-json\/wp\/v2\/comments?post=5735"}],"wp:featuredmedia":[{"embeddable":true,"href":"https:\/\/adequat.eu\/dk\/wp-json\/wp\/v2\/media\/5736"}],"wp:attachment":[{"href":"https:\/\/adequat.eu\/dk\/wp-json\/wp\/v2\/media?parent=5735"}],"wp:term":[{"taxonomy":"product_brand","embeddable":true,"href":"https:\/\/adequat.eu\/dk\/wp-json\/wp\/v2\/product_brand?post=5735"},{"taxonomy":"product_cat","embeddable":true,"href":"https:\/\/adequat.eu\/dk\/wp-json\/wp\/v2\/product_cat?post=5735"},{"taxonomy":"product_tag","embeddable":true,"href":"https:\/\/adequat.eu\/dk\/wp-json\/wp\/v2\/product_tag?post=5735"}],"curies":[{"name":"wp","href":"https:\/\/api.w.org\/{rel}","templated":true}]}}