{"id":5749,"date":"2016-05-24T14:16:41","date_gmt":"2016-05-24T12:16:41","guid":{"rendered":"https:\/\/adequat.eu\/dk\/product\/kastanje-stolpe-halvrund\/"},"modified":"2025-11-28T14:55:08","modified_gmt":"2025-11-28T13:55:08","slug":"kastanje-stolpe-halvrund","status":"publish","type":"product","link":"https:\/\/adequat.eu\/dk\/product\/stolper-dk\/kastanjestolper\/kastanje-stolpe-halvrund\/","title":{"rendered":"Kastanje stolpe halvrund"},"content":{"rendered":"<p>Vi leverer den halvrunde kastanjestolpe i \u00d8 7\/9 cm og \u00d8 10\/12 cm med forskellige l\u00e6ngdem\u00e5l. Det drejer sig her om halvrunde tr\u00e6stolper af holdbart, naturligt kastanjetr\u00e6.<\/p>\n<p>De halvrunde kastanjestolper bliver ofte brugt til at bekl\u00e6de en mur til konstruktionen af et legeredskab (for eksempel en gynge). Man ser dem ogs\u00e5 ofte p\u00e5 overkanten af et gel\u00e6nder.<\/p>\n<h2>Holdbar kastanjestolpe halvrund<\/h2>\n<p>Halvrunde kastanjestolper er af natur holdbare. P\u00e5 grund af garvesyren i tr\u00e6et beh\u00f8ver stolperne ingen behandling eller vedligeholdelse. De er beskyttet mod fugt. Brugen af kastanjestolper belaster alts\u00e5 derfor ikke milj\u00f8et. Stolperne er arbarket, men har ellers deres naturlige form. Derfor er kastanjestolper ikke altid lige. Stolper af kastanjetr\u00e6 h\u00f8rer under\u00a0<a href=\"https:\/\/adequat.eu\/dk\/nyheder\/traesorters-holdbarhedsklasse\/\">holdbarhedssklasse 2.<\/a><\/p>\n<p>Stolpernes tykkelse m\u00e5les ved den tynde kant. De halfrunde stolper er ikke tilspidsede.<\/p>\n<p>&nbsp;<\/p>\n","protected":false},"excerpt":{"rendered":"<p>Vi leverer den halvrunde kastanjestolpe i \u00d8 7\/9 cm og \u00d8 10\/12 cm med forskellige l\u00e6ngdem\u00e5l. Det drejer sig her om halvrunde tr\u00e6stolper af holdbart,&#8230;<\/p>\n","protected":false},"featured_media":5743,"comment_status":"closed","ping_status":"closed","template":"","meta":{"_acf_changed":false,"inline_featured_image":false,"_trash_the_other_posts":false,"iawp_total_views":17,"editor_notices":[]},"product_brand":[],"product_cat":[95,94],"product_tag":[],"class_list":{"0":"post-5749","1":"product","2":"type-product","3":"status-publish","4":"has-post-thumbnail","6":"product_cat-kastanjestolper","7":"product_cat-stolper-dk","9":"first","10":"instock","11":"shipping-taxable","12":"purchasable","13":"product-type-variable","14":"has-default-attributes"},"composite_virtual":false,"composite_layout":"","composite_add_to_cart_form_location":"","composite_editable_in_cart":false,"composite_sold_individually_context":"","composite_shop_price_calc":"","composite_components":[],"composite_scenarios":[],"acf":[],"_links":{"self":[{"href":"https:\/\/adequat.eu\/dk\/wp-json\/wp\/v2\/product\/5749","targetHints":{"allow":["GET"]}}],"collection":[{"href":"https:\/\/adequat.eu\/dk\/wp-json\/wp\/v2\/product"}],"about":[{"href":"https:\/\/adequat.eu\/dk\/wp-json\/wp\/v2\/types\/product"}],"replies":[{"embeddable":true,"href":"https:\/\/adequat.eu\/dk\/wp-json\/wp\/v2\/comments?post=5749"}],"wp:featuredmedia":[{"embeddable":true,"href":"https:\/\/adequat.eu\/dk\/wp-json\/wp\/v2\/media\/5743"}],"wp:attachment":[{"href":"https:\/\/adequat.eu\/dk\/wp-json\/wp\/v2\/media?parent=5749"}],"wp:term":[{"taxonomy":"product_brand","embeddable":true,"href":"https:\/\/adequat.eu\/dk\/wp-json\/wp\/v2\/product_brand?post=5749"},{"taxonomy":"product_cat","embeddable":true,"href":"https:\/\/adequat.eu\/dk\/wp-json\/wp\/v2\/product_cat?post=5749"},{"taxonomy":"product_tag","embeddable":true,"href":"https:\/\/adequat.eu\/dk\/wp-json\/wp\/v2\/product_tag?post=5749"}],"curies":[{"name":"wp","href":"https:\/\/api.w.org\/{rel}","templated":true}]}}