{"id":5758,"date":"2016-03-10T13:56:22","date_gmt":"2016-03-10T12:56:22","guid":{"rendered":"https:\/\/adequat.eu\/dk\/product\/paelebor\/"},"modified":"2023-10-04T14:11:06","modified_gmt":"2023-10-04T12:11:06","slug":"paelebor","status":"publish","type":"product","link":"https:\/\/adequat.eu\/dk\/product\/oevrigt\/installation\/vaerktoj\/paelebor\/","title":{"rendered":"P\u00e6lebor"},"content":{"rendered":"<p>Et p\u00e6lebor er et stykke v\u00e6rkt\u00f8j, hvormed man let kan bore et hul i jorden, for eksempel for at anbringe en stolpe til et kastanjehegn eller en hasselsk\u00e6rm. Dette manuelle p\u00e6lebor laver huller med en diameter p\u00e5 ca. 9 centimeter.<\/p>\n<p>Dette p\u00e6lebor er af metal og har en skrueformet ende. Metalstangen med gummih\u00e5ndtagene kan drejes rundt, hvorved boret bev\u00e6ger sig ned i jorden. S\u00e5 snart skruen er fyldt med jord, kan jorden tr\u00e6kkes op.<span style=\"color: brown\">\u00a0<\/span><\/p>\n<p>Det manuelle p\u00e6lebor best\u00e5r af \u00e9t stykke, har en gr\u00f8n farve og er 125 cm langt.<\/p>\n","protected":false},"excerpt":{"rendered":"<p>Et p\u00e6lebor er et stykke v\u00e6rkt\u00f8j, hvormed man let kan bore et hul i jorden, for eksempel for at anbringe en stolpe til et kastanjehegn&#8230;<\/p>\n","protected":false},"featured_media":5759,"comment_status":"closed","ping_status":"closed","template":"","meta":{"_acf_changed":false,"inline_featured_image":false,"_trash_the_other_posts":false,"iawp_total_views":52,"editor_notices":[]},"product_brand":[],"product_cat":[101,88,87],"product_tag":[],"class_list":{"0":"post-5758","1":"product","2":"type-product","3":"status-publish","4":"has-post-thumbnail","6":"product_cat-vaerktoj","7":"product_cat-installation","8":"product_cat-oevrigt","9":"product_shipping_class-pakkepost","11":"first","12":"instock","13":"shipping-taxable","14":"purchasable","15":"product-type-simple"},"composite_virtual":false,"composite_layout":"","composite_add_to_cart_form_location":"","composite_editable_in_cart":false,"composite_sold_individually_context":"","composite_shop_price_calc":"","composite_components":[],"composite_scenarios":[],"acf":[],"_links":{"self":[{"href":"https:\/\/adequat.eu\/dk\/wp-json\/wp\/v2\/product\/5758","targetHints":{"allow":["GET"]}}],"collection":[{"href":"https:\/\/adequat.eu\/dk\/wp-json\/wp\/v2\/product"}],"about":[{"href":"https:\/\/adequat.eu\/dk\/wp-json\/wp\/v2\/types\/product"}],"replies":[{"embeddable":true,"href":"https:\/\/adequat.eu\/dk\/wp-json\/wp\/v2\/comments?post=5758"}],"wp:featuredmedia":[{"embeddable":true,"href":"https:\/\/adequat.eu\/dk\/wp-json\/wp\/v2\/media\/5759"}],"wp:attachment":[{"href":"https:\/\/adequat.eu\/dk\/wp-json\/wp\/v2\/media?parent=5758"}],"wp:term":[{"taxonomy":"product_brand","embeddable":true,"href":"https:\/\/adequat.eu\/dk\/wp-json\/wp\/v2\/product_brand?post=5758"},{"taxonomy":"product_cat","embeddable":true,"href":"https:\/\/adequat.eu\/dk\/wp-json\/wp\/v2\/product_cat?post=5758"},{"taxonomy":"product_tag","embeddable":true,"href":"https:\/\/adequat.eu\/dk\/wp-json\/wp\/v2\/product_tag?post=5758"}],"curies":[{"name":"wp","href":"https:\/\/api.w.org\/{rel}","templated":true}]}}