{"id":5761,"date":"2016-03-03T16:48:05","date_gmt":"2016-03-03T15:48:05","guid":{"rendered":"https:\/\/adequat.eu\/dk\/product\/rustfri-stalskruer-diverse-storrelser-inklusive-bit\/"},"modified":"2024-09-16T14:18:28","modified_gmt":"2024-09-16T12:18:28","slug":"rustfri-stalskruer-diverse-storrelser-inklusive-bit","status":"publish","type":"product","link":"https:\/\/adequat.eu\/dk\/product\/oevrigt\/installation\/fastgorelsesmaterialer\/rustfri-stalskruer-diverse-storrelser-inklusive-bit\/","title":{"rendered":"Rustfri st\u00e5lskruer i diverse st\u00f8rrelser"},"content":{"rendered":"<p>Kvalitets rustfri st\u00e5lskruer i diverse st\u00f8rrelser. P\u00e5 grund af garvesyren i kastanje- og egetr\u00e6 er det vigtigt at bruge rustfri st\u00e5lskruer for at modvirke misfarvning af tr\u00e6et og beskadigelse af skruerne. Skruerne leveres i \u00e6sker med 100 styks.<\/p>\n<p>.Hvilken st\u00f8rrelse rustfri st\u00e5lskruer du har brug for, afh\u00e6nger naturligvis af det arbejde du skal udf\u00f8re. Til montage af stakithegnet anbefaler vi 4,5 x 60 mm eller 4,5 x 70 mm. Det er afh\u00e6ngigt af situationen. Til fastg\u00f8relse af hasselsk\u00e6rme anbefaler vi 6 x 120 mm eller 6 x 140 mm.<\/p>\n","protected":false},"excerpt":{"rendered":"<p>Kvalitets rustfri st\u00e5lskruer i diverse st\u00f8rrelser. P\u00e5 grund af garvesyren i kastanje- og egetr\u00e6 er det vigtigt at bruge rustfri st\u00e5lskruer for at modvirke misfarvning&#8230;<\/p>\n","protected":false},"featured_media":5762,"comment_status":"closed","ping_status":"closed","template":"","meta":{"_acf_changed":false,"inline_featured_image":false,"_trash_the_other_posts":false,"iawp_total_views":49,"editor_notices":[]},"product_brand":[],"product_cat":[102,88,87],"product_tag":[],"class_list":{"0":"post-5761","1":"product","2":"type-product","3":"status-publish","4":"has-post-thumbnail","6":"product_cat-fastgorelsesmaterialer","7":"product_cat-installation","8":"product_cat-oevrigt","9":"product_shipping_class-pakkepost","11":"first","12":"instock","13":"shipping-taxable","14":"purchasable","15":"product-type-variable","16":"has-default-attributes"},"composite_virtual":false,"composite_layout":"","composite_add_to_cart_form_location":"","composite_editable_in_cart":false,"composite_sold_individually_context":"","composite_shop_price_calc":"","composite_components":[],"composite_scenarios":[],"acf":[],"_links":{"self":[{"href":"https:\/\/adequat.eu\/dk\/wp-json\/wp\/v2\/product\/5761","targetHints":{"allow":["GET"]}}],"collection":[{"href":"https:\/\/adequat.eu\/dk\/wp-json\/wp\/v2\/product"}],"about":[{"href":"https:\/\/adequat.eu\/dk\/wp-json\/wp\/v2\/types\/product"}],"replies":[{"embeddable":true,"href":"https:\/\/adequat.eu\/dk\/wp-json\/wp\/v2\/comments?post=5761"}],"wp:featuredmedia":[{"embeddable":true,"href":"https:\/\/adequat.eu\/dk\/wp-json\/wp\/v2\/media\/5762"}],"wp:attachment":[{"href":"https:\/\/adequat.eu\/dk\/wp-json\/wp\/v2\/media?parent=5761"}],"wp:term":[{"taxonomy":"product_brand","embeddable":true,"href":"https:\/\/adequat.eu\/dk\/wp-json\/wp\/v2\/product_brand?post=5761"},{"taxonomy":"product_cat","embeddable":true,"href":"https:\/\/adequat.eu\/dk\/wp-json\/wp\/v2\/product_cat?post=5761"},{"taxonomy":"product_tag","embeddable":true,"href":"https:\/\/adequat.eu\/dk\/wp-json\/wp\/v2\/product_tag?post=5761"}],"curies":[{"name":"wp","href":"https:\/\/api.w.org\/{rel}","templated":true}]}}