{"id":5782,"date":"2016-02-29T10:26:51","date_gmt":"2016-02-29T09:26:51","guid":{"rendered":"https:\/\/adequat.eu\/dk\/product\/t-stolpe-kastanje-3-niveau\/"},"modified":"2026-02-20T15:02:54","modified_gmt":"2026-02-20T14:02:54","slug":"t-stolpe-kastanje-3-niveau","status":"publish","type":"product","link":"https:\/\/adequat.eu\/dk\/product\/hegn\/post-rail-dk\/t-stolpe-kastanje-3-niveau\/","title":{"rendered":"T-stolpe kastanje 3 niveau"},"content":{"rendered":"<p>T-stolpe kastanje 3-niveau er en rund stolpe af kastanjetr\u00e6 med en l\u00e6ngde p\u00e5 ca. 200 centimeter. Firs centimeter g\u00e5r til placeringen i jorden og derved er den effektive l\u00e6ngde 120 centimeter. Med denne T-stolpe kastanje 3-niveau kan du lave en tvedeling p\u00e5 en ret linje p\u00e5 dit hestehegn, for eksempel hvis du vil lave ekstra fag.<\/p>\n<p>Kastanjetr\u00e6 er en holdbar tr\u00e6sort og har ikke brug for vedligeholdelse. Kastanje-stolpen er en del af vores hestehegn. Dette hegn bliver ofte brugt til indhegning af marker og dyreenge. Disse stolper kan ogs\u00e5 f\u00e5s i <a href=\"https:\/\/adequat.eu\/dk\/product\/hegn\/post-rail-dk\/t-stolpe-robinie-3-niveau\/\">robinie<\/a>.<\/p>\n<h2>Hvor mange T-stolper har jeg brug for?<\/h2>\n<p>Hvis du f\u00f8rst vil beregne hvor mange T-stolper du har brug for, s\u00e5 udfyld helt uforpligtende vores praktiske <a href=\"https:\/\/adequat.eu\/dk\/sammensaet-dit-hegn\/\">hegnsberegner<\/a>. Det beregner pr\u00e6cist for dig hvad du har brug for i din situation. Eller anmod om et\u00a0<a href=\"https:\/\/adequat.eu\/dk\/anmodning-om-tilbud\/\">tilbud<\/a>.<\/p>\n","protected":false},"excerpt":{"rendered":"<p>T-stolpe kastanje 3-niveau er en rund stolpe af kastanjetr\u00e6 med en l\u00e6ngde p\u00e5 ca. 200 centimeter. Firs centimeter g\u00e5r til placeringen i jorden og derved&#8230;<\/p>\n","protected":false},"featured_media":5783,"comment_status":"closed","ping_status":"closed","template":"","meta":{"_acf_changed":false,"inline_featured_image":false,"_trash_the_other_posts":false,"iawp_total_views":1,"editor_notices":[]},"product_brand":[],"product_cat":[110,109],"product_tag":[],"class_list":{"0":"post-5782","1":"product","2":"type-product","3":"status-publish","4":"has-post-thumbnail","6":"product_cat-post-rail-dk","7":"product_cat-hegn","9":"first","10":"instock","11":"shipping-taxable","12":"purchasable","13":"product-type-simple"},"composite_virtual":false,"composite_layout":"","composite_add_to_cart_form_location":"","composite_editable_in_cart":false,"composite_sold_individually_context":"","composite_shop_price_calc":"","composite_components":[],"composite_scenarios":[],"acf":[],"_links":{"self":[{"href":"https:\/\/adequat.eu\/dk\/wp-json\/wp\/v2\/product\/5782","targetHints":{"allow":["GET"]}}],"collection":[{"href":"https:\/\/adequat.eu\/dk\/wp-json\/wp\/v2\/product"}],"about":[{"href":"https:\/\/adequat.eu\/dk\/wp-json\/wp\/v2\/types\/product"}],"replies":[{"embeddable":true,"href":"https:\/\/adequat.eu\/dk\/wp-json\/wp\/v2\/comments?post=5782"}],"wp:featuredmedia":[{"embeddable":true,"href":"https:\/\/adequat.eu\/dk\/wp-json\/wp\/v2\/media\/5783"}],"wp:attachment":[{"href":"https:\/\/adequat.eu\/dk\/wp-json\/wp\/v2\/media?parent=5782"}],"wp:term":[{"taxonomy":"product_brand","embeddable":true,"href":"https:\/\/adequat.eu\/dk\/wp-json\/wp\/v2\/product_brand?post=5782"},{"taxonomy":"product_cat","embeddable":true,"href":"https:\/\/adequat.eu\/dk\/wp-json\/wp\/v2\/product_cat?post=5782"},{"taxonomy":"product_tag","embeddable":true,"href":"https:\/\/adequat.eu\/dk\/wp-json\/wp\/v2\/product_tag?post=5782"}],"curies":[{"name":"wp","href":"https:\/\/api.w.org\/{rel}","templated":true}]}}