{"id":5789,"date":"2016-02-09T16:01:42","date_gmt":"2016-02-09T15:01:42","guid":{"rendered":"https:\/\/adequat.eu\/dk\/product\/halvrunde-kastanjestave\/"},"modified":"2025-12-16T17:22:16","modified_gmt":"2025-12-16T16:22:16","slug":"halvrunde-kastanjestave","status":"publish","type":"product","link":"https:\/\/adequat.eu\/dk\/product\/oevrigt\/kastanjestave\/halvrunde-kastanjestave\/","title":{"rendered":"Halvrunde kastanjestave (echalas)"},"content":{"rendered":"<p>Halvrunde kastanjestave (echalas) s\u00e6lger vi ogs\u00e5 l\u00f8se. Disse stave bliver blandt andet brugt til vores rundtr\u00e6sl\u00e5ger. Stavene bliver ogs\u00e5 ofte monteret p\u00e5 Post &amp; Rail hegn og Post &amp; Rail l\u00e5ger. Stavenes ender har en flot finish. S\u00e5dan undg\u00e5s langvarigt vand i dem. Det \u00f8ger holdbarheden. Stavene beh\u00f8ver ikke at blive behandlet. Garvesyren i kastanjetr\u00e6et s\u00f8rger for at stavene er beskyttet mod fugt og vindp\u00e5virkning. Kastanjestavene bliver regelm\u00e6ssigt brugt til dekorationsform\u00e5l.<\/p>\n<p>Er du ude efter 1\/4 kl\u00f8vede stave af kastanjetr\u00e6? S\u00e5 se under <a href=\"https:\/\/adequat.eu\/dk\/product\/oevrigt\/kastanjestave\/stakitstave\/\">stakitstavene<\/a>.<\/p>\n<h2>Halvrunde kastanjestave l\u00e6ngdem\u00e5l<\/h2>\n<p>De halvrunde stave af kastanjetr\u00e6 kan f\u00e5es i l\u00e6ngderne 100 cm, 120 cm, 200 cm.<\/p>\n","protected":false},"excerpt":{"rendered":"<p>Halvrunde kastanjestave (echalas) s\u00e6lger vi ogs\u00e5 l\u00f8se. Disse stave bliver blandt andet brugt til vores rundtr\u00e6sl\u00e5ger. Stavene bliver ogs\u00e5 ofte monteret p\u00e5 Post &amp; Rail&#8230;<\/p>\n","protected":false},"featured_media":5790,"comment_status":"closed","ping_status":"closed","template":"","meta":{"_acf_changed":false,"inline_featured_image":false,"_trash_the_other_posts":false,"iawp_total_views":15,"editor_notices":[]},"product_brand":[],"product_cat":[271,87],"product_tag":[],"class_list":{"0":"post-5789","1":"product","2":"type-product","3":"status-publish","4":"has-post-thumbnail","6":"product_cat-kastanjestave","7":"product_cat-oevrigt","9":"first","10":"instock","11":"shipping-taxable","12":"purchasable","13":"product-type-variable","14":"has-default-attributes"},"composite_virtual":false,"composite_layout":"","composite_add_to_cart_form_location":"","composite_editable_in_cart":false,"composite_sold_individually_context":"","composite_shop_price_calc":"","composite_components":[],"composite_scenarios":[],"acf":[],"_links":{"self":[{"href":"https:\/\/adequat.eu\/dk\/wp-json\/wp\/v2\/product\/5789","targetHints":{"allow":["GET"]}}],"collection":[{"href":"https:\/\/adequat.eu\/dk\/wp-json\/wp\/v2\/product"}],"about":[{"href":"https:\/\/adequat.eu\/dk\/wp-json\/wp\/v2\/types\/product"}],"replies":[{"embeddable":true,"href":"https:\/\/adequat.eu\/dk\/wp-json\/wp\/v2\/comments?post=5789"}],"wp:featuredmedia":[{"embeddable":true,"href":"https:\/\/adequat.eu\/dk\/wp-json\/wp\/v2\/media\/5790"}],"wp:attachment":[{"href":"https:\/\/adequat.eu\/dk\/wp-json\/wp\/v2\/media?parent=5789"}],"wp:term":[{"taxonomy":"product_brand","embeddable":true,"href":"https:\/\/adequat.eu\/dk\/wp-json\/wp\/v2\/product_brand?post=5789"},{"taxonomy":"product_cat","embeddable":true,"href":"https:\/\/adequat.eu\/dk\/wp-json\/wp\/v2\/product_cat?post=5789"},{"taxonomy":"product_tag","embeddable":true,"href":"https:\/\/adequat.eu\/dk\/wp-json\/wp\/v2\/product_tag?post=5789"}],"curies":[{"name":"wp","href":"https:\/\/api.w.org\/{rel}","templated":true}]}}