{"id":5796,"date":"2016-02-09T15:45:44","date_gmt":"2016-02-09T14:45:44","guid":{"rendered":"https:\/\/adequat.eu\/dk\/product\/stakitstave\/"},"modified":"2025-12-16T17:18:43","modified_gmt":"2025-12-16T16:18:43","slug":"stakitstave","status":"publish","type":"product","link":"https:\/\/adequat.eu\/dk\/product\/oevrigt\/kastanjestave\/stakitstave\/","title":{"rendered":"Stakitstave"},"content":{"rendered":"<p>De stakitstave som bliver ofte brugt til dekorationsform\u00e5l. De stave af kastanjetr\u00e6 har en trekantet form. En stakitstav er egentlig 1\/4 del af en en kastanjestolpe med en diameter p\u00e5 4 til 6 cm. Kastanjetr\u00e6 er fra naturens side beskyttet mod vejrp\u00e5virkning. Det har ikke brug for nogen ekstra behandling og vil med tiden \u00e6ldes p\u00e5 en naturlig m\u00e5de.<\/p>\n<p>Stakitstavene har et mere lunefuldt udseende end de <a href=\"https:\/\/adequat.eu\/dk\/product\/oevrigt\/kastanjestave\/halvrunde-kastanjestave\/\">halvrunde kastanjestave<\/a>.<\/p>\n<h2>L\u00e6ngdem\u00e5l<\/h2>\n<p>Stavene f\u00e5es i diverse l\u00e6ngdem\u00e5l. L\u00e6ngdem\u00e5lene 50 cm, 80 cm, 100 cm, 120 cm, 150 cm, 175 cm og 200 cm har vi standard p\u00e5 lager.<\/p>\n","protected":false},"excerpt":{"rendered":"<p>De stakitstave som bliver ofte brugt til dekorationsform\u00e5l. De stave af kastanjetr\u00e6 har en trekantet form. En stakitstav er egentlig 1\/4 del af en en&#8230;<\/p>\n","protected":false},"featured_media":5797,"comment_status":"closed","ping_status":"closed","template":"","meta":{"_acf_changed":false,"inline_featured_image":false,"_trash_the_other_posts":false,"iawp_total_views":34,"editor_notices":[]},"product_brand":[],"product_cat":[271,87],"product_tag":[],"class_list":{"0":"post-5796","1":"product","2":"type-product","3":"status-publish","4":"has-post-thumbnail","6":"product_cat-kastanjestave","7":"product_cat-oevrigt","9":"first","10":"instock","11":"shipping-taxable","12":"purchasable","13":"product-type-variable","14":"has-default-attributes"},"composite_virtual":false,"composite_layout":"","composite_add_to_cart_form_location":"","composite_editable_in_cart":false,"composite_sold_individually_context":"","composite_shop_price_calc":"","composite_components":[],"composite_scenarios":[],"acf":[],"_links":{"self":[{"href":"https:\/\/adequat.eu\/dk\/wp-json\/wp\/v2\/product\/5796","targetHints":{"allow":["GET"]}}],"collection":[{"href":"https:\/\/adequat.eu\/dk\/wp-json\/wp\/v2\/product"}],"about":[{"href":"https:\/\/adequat.eu\/dk\/wp-json\/wp\/v2\/types\/product"}],"replies":[{"embeddable":true,"href":"https:\/\/adequat.eu\/dk\/wp-json\/wp\/v2\/comments?post=5796"}],"wp:featuredmedia":[{"embeddable":true,"href":"https:\/\/adequat.eu\/dk\/wp-json\/wp\/v2\/media\/5797"}],"wp:attachment":[{"href":"https:\/\/adequat.eu\/dk\/wp-json\/wp\/v2\/media?parent=5796"}],"wp:term":[{"taxonomy":"product_brand","embeddable":true,"href":"https:\/\/adequat.eu\/dk\/wp-json\/wp\/v2\/product_brand?post=5796"},{"taxonomy":"product_cat","embeddable":true,"href":"https:\/\/adequat.eu\/dk\/wp-json\/wp\/v2\/product_cat?post=5796"},{"taxonomy":"product_tag","embeddable":true,"href":"https:\/\/adequat.eu\/dk\/wp-json\/wp\/v2\/product_tag?post=5796"}],"curies":[{"name":"wp","href":"https:\/\/api.w.org\/{rel}","templated":true}]}}