{"id":5820,"date":"2016-02-08T15:47:01","date_gmt":"2016-02-08T14:47:01","guid":{"rendered":"https:\/\/adequat.eu\/dk\/product\/robinie-stolper-afbarket\/"},"modified":"2026-03-05T12:49:28","modified_gmt":"2026-03-05T11:49:28","slug":"robinie-stolper-afbarket","status":"publish","type":"product","link":"https:\/\/adequat.eu\/dk\/product\/stolper-dk\/stolper-af-robinie-trae-er-ekstremt-holdbare-adequat\/robinie-stolper-afbarket\/","title":{"rendered":"Robiniestolper afbarket og pudset"},"content":{"rendered":"<p>Robiniestolper afbarket og pudset bruges ofte p\u00e5 legepladser, i parker eller skoleg\u00e5rde. Robiniestolper har et drisk udseende. Tr\u00e6ets naturlige form er bevaret s\u00e5 meget som muligt, hvorved de ikke er egnede til alle anvendelsesform\u00e5l. Leder du efter lige stolper, s\u00e5 kan du bedre v\u00e6lge <a href=\"https:\/\/adequat.eu\/dk\/products\/stolper-dk\/kastanjestolper\/\">kastanjetr\u00e6<\/a>. Robiniestolper afbarket og pudset bruges ofte til dekorative form\u00e5l, til fastg\u00f8relse af skyggesejl og til legeudstyr. Disse stolper leveres standard stumpe.<\/p>\n<h2>Robiniestolper afbarket og pudset<\/h2>\n<p>Robiniestolper er meget holdbare. Robinie (ogs\u00e5 kendt under navnet u\u00e6gte akacie) er det mest holdbare tr\u00e6 (<a href=\"https:\/\/adequat.eu\/dk\/nyheder\/traesorters-holdbarhedsklasse\/\">holdbarhedssklasse 1<\/a>) som vokser i de europ\u00e6iske skove. Robinie er fra naturen beskyttet mod fugt og vejrp\u00e5virkning. Tr\u00e6et beh\u00f8ver derfor heller ikke at blive behandlet.<\/p>\n<p>Er du ude efter andre st\u00f8rrelser? S\u00e5 bare <a href=\"https:\/\/adequat.eu\/dk\/service-kontakt\/\">kontakt<\/a> os!<\/p>\n","protected":false},"excerpt":{"rendered":"<p>Robiniestolper afbarket og pudset bruges ofte p\u00e5 legepladser, i parker eller skoleg\u00e5rde. Robiniestolper har et drisk udseende. Tr\u00e6ets naturlige form er bevaret s\u00e5 meget som&#8230;<\/p>\n","protected":false},"featured_media":5821,"comment_status":"closed","ping_status":"closed","template":"","meta":{"_acf_changed":false,"inline_featured_image":false,"_trash_the_other_posts":false,"iawp_total_views":46,"editor_notices":[]},"product_brand":[],"product_cat":[126,94],"product_tag":[],"class_list":{"0":"post-5820","1":"product","2":"type-product","3":"status-publish","4":"has-post-thumbnail","6":"product_cat-robinie-stolper","7":"product_cat-stolper-dk","9":"first","10":"instock","11":"shipping-taxable","12":"purchasable","13":"product-type-variable","14":"has-default-attributes"},"composite_virtual":false,"composite_layout":"","composite_add_to_cart_form_location":"","composite_editable_in_cart":false,"composite_sold_individually_context":"","composite_shop_price_calc":"","composite_components":[],"composite_scenarios":[],"acf":[],"_links":{"self":[{"href":"https:\/\/adequat.eu\/dk\/wp-json\/wp\/v2\/product\/5820","targetHints":{"allow":["GET"]}}],"collection":[{"href":"https:\/\/adequat.eu\/dk\/wp-json\/wp\/v2\/product"}],"about":[{"href":"https:\/\/adequat.eu\/dk\/wp-json\/wp\/v2\/types\/product"}],"replies":[{"embeddable":true,"href":"https:\/\/adequat.eu\/dk\/wp-json\/wp\/v2\/comments?post=5820"}],"wp:featuredmedia":[{"embeddable":true,"href":"https:\/\/adequat.eu\/dk\/wp-json\/wp\/v2\/media\/5821"}],"wp:attachment":[{"href":"https:\/\/adequat.eu\/dk\/wp-json\/wp\/v2\/media?parent=5820"}],"wp:term":[{"taxonomy":"product_brand","embeddable":true,"href":"https:\/\/adequat.eu\/dk\/wp-json\/wp\/v2\/product_brand?post=5820"},{"taxonomy":"product_cat","embeddable":true,"href":"https:\/\/adequat.eu\/dk\/wp-json\/wp\/v2\/product_cat?post=5820"},{"taxonomy":"product_tag","embeddable":true,"href":"https:\/\/adequat.eu\/dk\/wp-json\/wp\/v2\/product_tag?post=5820"}],"curies":[{"name":"wp","href":"https:\/\/api.w.org\/{rel}","templated":true}]}}