{"id":5857,"date":"2016-01-22T16:52:45","date_gmt":"2016-01-22T15:52:45","guid":{"rendered":"https:\/\/adequat.eu\/dk\/product\/komplet-haengselsaet-til-en-engelsk-og-en-hollandsk-lage\/"},"modified":"2025-12-16T17:32:34","modified_gmt":"2025-12-16T16:32:34","slug":"komplet-haengselsaet-til-en-engelsk-og-en-hollandsk-lage","status":"publish","type":"product","link":"https:\/\/adequat.eu\/dk\/product\/oevrigt\/installation\/beslag-og-lase\/komplet-haengselsaet-til-en-engelsk-og-en-hollandsk-lage\/","title":{"rendered":"Komplet h\u00e6ngsels\u00e6t til en Engelsk og en Hollandsk l\u00e5ge"},"content":{"rendered":"<p>H\u00e6ngsels\u00e6t (komplet) til en engelsk og en Hollandsk l\u00e5ge. Dette h\u00e6ngsels\u00e6t leveres standard sammen med vores\u00a0<a href=\"https:\/\/adequat.eu\/dk\/products\/traelager\/\">Engelske l\u00e5ger<\/a>\u00a0og\u00a0<a href=\"https:\/\/adequat.eu\/dk\/products\/traelager\/\">Hollandske l\u00e5ger<\/a>. De h\u00e6ngsels\u00e6ttet er lavet af en solid st\u00e5lkvalitet og er galvaniseret.<\/p>\n<p>S\u00e6ttene f\u00e5s i tre st\u00f8rrelser.<\/p>\n","protected":false},"excerpt":{"rendered":"<p>H\u00e6ngsels\u00e6t (komplet) til en engelsk og en Hollandsk l\u00e5ge. Dette h\u00e6ngsels\u00e6t leveres standard sammen med vores\u00a0Engelske l\u00e5ger\u00a0og\u00a0Hollandske l\u00e5ger. De h\u00e6ngsels\u00e6ttet er lavet af en solid&#8230;<\/p>\n","protected":false},"featured_media":5858,"comment_status":"closed","ping_status":"closed","template":"","meta":{"_acf_changed":false,"inline_featured_image":false,"_trash_the_other_posts":false,"iawp_total_views":16,"editor_notices":[]},"product_brand":[],"product_cat":[89,88,87],"product_tag":[],"class_list":{"0":"post-5857","1":"product","2":"type-product","3":"status-publish","4":"has-post-thumbnail","6":"product_cat-beslag-og-lase","7":"product_cat-installation","8":"product_cat-oevrigt","9":"product_shipping_class-pakkepost","11":"first","12":"instock","13":"shipping-taxable","14":"purchasable","15":"product-type-variable","16":"has-default-attributes"},"composite_virtual":false,"composite_layout":"","composite_add_to_cart_form_location":"","composite_editable_in_cart":false,"composite_sold_individually_context":"","composite_shop_price_calc":"","composite_components":[],"composite_scenarios":[],"acf":[],"_links":{"self":[{"href":"https:\/\/adequat.eu\/dk\/wp-json\/wp\/v2\/product\/5857","targetHints":{"allow":["GET"]}}],"collection":[{"href":"https:\/\/adequat.eu\/dk\/wp-json\/wp\/v2\/product"}],"about":[{"href":"https:\/\/adequat.eu\/dk\/wp-json\/wp\/v2\/types\/product"}],"replies":[{"embeddable":true,"href":"https:\/\/adequat.eu\/dk\/wp-json\/wp\/v2\/comments?post=5857"}],"wp:featuredmedia":[{"embeddable":true,"href":"https:\/\/adequat.eu\/dk\/wp-json\/wp\/v2\/media\/5858"}],"wp:attachment":[{"href":"https:\/\/adequat.eu\/dk\/wp-json\/wp\/v2\/media?parent=5857"}],"wp:term":[{"taxonomy":"product_brand","embeddable":true,"href":"https:\/\/adequat.eu\/dk\/wp-json\/wp\/v2\/product_brand?post=5857"},{"taxonomy":"product_cat","embeddable":true,"href":"https:\/\/adequat.eu\/dk\/wp-json\/wp\/v2\/product_cat?post=5857"},{"taxonomy":"product_tag","embeddable":true,"href":"https:\/\/adequat.eu\/dk\/wp-json\/wp\/v2\/product_tag?post=5857"}],"curies":[{"name":"wp","href":"https:\/\/api.w.org\/{rel}","templated":true}]}}