{"id":5864,"date":"2016-01-22T16:43:24","date_gmt":"2016-01-22T15:43:24","guid":{"rendered":"https:\/\/adequat.eu\/dk\/product\/lagelas-til-en-dobbelt-engelsk-eller-hollandsk-lage\/"},"modified":"2026-01-23T15:17:19","modified_gmt":"2026-01-23T14:17:19","slug":"lagelas-til-en-dobbelt-engelsk-eller-hollandsk-lage","status":"publish","type":"product","link":"https:\/\/adequat.eu\/dk\/product\/oevrigt\/installation\/beslag-og-lase\/lagelas-til-en-dobbelt-engelsk-eller-hollandsk-lage\/","title":{"rendered":"L\u00e5gel\u00e5s til en dobbelt Engelsk og Hollandsk l\u00e5ge"},"content":{"rendered":"<p>L\u00e5gel\u00e5s til en dobbelt Engelsk og Hollandsk l\u00e5ge. Denne l\u00e5gel\u00e5s leveres standard sammen med en dobbelt Engelsk og Hollandsk l\u00e5ge. L\u00e5gel\u00e5sen er lavet af kvalitetsst\u00e5l og er galvaniseret.<\/p>\n","protected":false},"excerpt":{"rendered":"<p>L\u00e5gel\u00e5s til en dobbelt Engelsk og Hollandsk l\u00e5ge. Denne l\u00e5gel\u00e5s leveres standard sammen med en dobbelt Engelsk og Hollandsk l\u00e5ge. L\u00e5gel\u00e5sen er lavet af kvalitetsst\u00e5l&#8230;<\/p>\n","protected":false},"featured_media":5865,"comment_status":"closed","ping_status":"closed","template":"","meta":{"_acf_changed":false,"inline_featured_image":false,"_trash_the_other_posts":false,"iawp_total_views":7,"editor_notices":[]},"product_brand":[],"product_cat":[89,88,87],"product_tag":[],"class_list":{"0":"post-5864","1":"product","2":"type-product","3":"status-publish","4":"has-post-thumbnail","6":"product_cat-beslag-og-lase","7":"product_cat-installation","8":"product_cat-oevrigt","9":"product_shipping_class-pakkepost","11":"first","12":"instock","13":"shipping-taxable","14":"purchasable","15":"product-type-simple"},"composite_virtual":false,"composite_layout":"","composite_add_to_cart_form_location":"","composite_editable_in_cart":false,"composite_sold_individually_context":"","composite_shop_price_calc":"","composite_components":[],"composite_scenarios":[],"acf":[],"_links":{"self":[{"href":"https:\/\/adequat.eu\/dk\/wp-json\/wp\/v2\/product\/5864","targetHints":{"allow":["GET"]}}],"collection":[{"href":"https:\/\/adequat.eu\/dk\/wp-json\/wp\/v2\/product"}],"about":[{"href":"https:\/\/adequat.eu\/dk\/wp-json\/wp\/v2\/types\/product"}],"replies":[{"embeddable":true,"href":"https:\/\/adequat.eu\/dk\/wp-json\/wp\/v2\/comments?post=5864"}],"wp:featuredmedia":[{"embeddable":true,"href":"https:\/\/adequat.eu\/dk\/wp-json\/wp\/v2\/media\/5865"}],"wp:attachment":[{"href":"https:\/\/adequat.eu\/dk\/wp-json\/wp\/v2\/media?parent=5864"}],"wp:term":[{"taxonomy":"product_brand","embeddable":true,"href":"https:\/\/adequat.eu\/dk\/wp-json\/wp\/v2\/product_brand?post=5864"},{"taxonomy":"product_cat","embeddable":true,"href":"https:\/\/adequat.eu\/dk\/wp-json\/wp\/v2\/product_cat?post=5864"},{"taxonomy":"product_tag","embeddable":true,"href":"https:\/\/adequat.eu\/dk\/wp-json\/wp\/v2\/product_tag?post=5864"}],"curies":[{"name":"wp","href":"https:\/\/api.w.org\/{rel}","templated":true}]}}