{"id":5870,"date":"2016-01-22T16:23:02","date_gmt":"2016-01-22T15:23:02","guid":{"rendered":"https:\/\/adequat.eu\/dk\/product\/engelsk-lagelas-til-en-engelsk-og-en-hollandsk-lage\/"},"modified":"2026-01-23T15:12:47","modified_gmt":"2026-01-23T14:12:47","slug":"engelsk-lagelas-til-en-engelsk-og-en-hollandsk-lage","status":"publish","type":"product","link":"https:\/\/adequat.eu\/dk\/product\/oevrigt\/installation\/beslag-og-lase\/engelsk-lagelas-til-en-engelsk-og-en-hollandsk-lage\/","title":{"rendered":"Engelsk l\u00e5gel\u00e5s til en Engelsk og en Hollandsk l\u00e5ge"},"content":{"rendered":"<p>En galvaniseret l\u00e5gel\u00e5s til en Engelsk og en Hollandsk l\u00e5ge.<\/p>\n","protected":false},"excerpt":{"rendered":"<p>En galvaniseret l\u00e5gel\u00e5s til en Engelsk og en Hollandsk l\u00e5ge.<\/p>\n","protected":false},"featured_media":5871,"comment_status":"closed","ping_status":"closed","template":"","meta":{"_acf_changed":false,"inline_featured_image":false,"_trash_the_other_posts":false,"iawp_total_views":11,"editor_notices":[]},"product_brand":[],"product_cat":[89,88,87],"product_tag":[],"class_list":{"0":"post-5870","1":"product","2":"type-product","3":"status-publish","4":"has-post-thumbnail","6":"product_cat-beslag-og-lase","7":"product_cat-installation","8":"product_cat-oevrigt","9":"product_shipping_class-pakkepost","11":"first","12":"instock","13":"shipping-taxable","14":"purchasable","15":"product-type-simple"},"composite_virtual":false,"composite_layout":"","composite_add_to_cart_form_location":"","composite_editable_in_cart":false,"composite_sold_individually_context":"","composite_shop_price_calc":"","composite_components":[],"composite_scenarios":[],"acf":[],"_links":{"self":[{"href":"https:\/\/adequat.eu\/dk\/wp-json\/wp\/v2\/product\/5870","targetHints":{"allow":["GET"]}}],"collection":[{"href":"https:\/\/adequat.eu\/dk\/wp-json\/wp\/v2\/product"}],"about":[{"href":"https:\/\/adequat.eu\/dk\/wp-json\/wp\/v2\/types\/product"}],"replies":[{"embeddable":true,"href":"https:\/\/adequat.eu\/dk\/wp-json\/wp\/v2\/comments?post=5870"}],"wp:featuredmedia":[{"embeddable":true,"href":"https:\/\/adequat.eu\/dk\/wp-json\/wp\/v2\/media\/5871"}],"wp:attachment":[{"href":"https:\/\/adequat.eu\/dk\/wp-json\/wp\/v2\/media?parent=5870"}],"wp:term":[{"taxonomy":"product_brand","embeddable":true,"href":"https:\/\/adequat.eu\/dk\/wp-json\/wp\/v2\/product_brand?post=5870"},{"taxonomy":"product_cat","embeddable":true,"href":"https:\/\/adequat.eu\/dk\/wp-json\/wp\/v2\/product_cat?post=5870"},{"taxonomy":"product_tag","embeddable":true,"href":"https:\/\/adequat.eu\/dk\/wp-json\/wp\/v2\/product_tag?post=5870"}],"curies":[{"name":"wp","href":"https:\/\/api.w.org\/{rel}","templated":true}]}}