{"id":5874,"date":"2016-01-22T15:24:22","date_gmt":"2016-01-22T14:24:22","guid":{"rendered":"https:\/\/adequat.eu\/dk\/product\/halv-mane-til-en-engelsk-og-hollandsk-lage\/"},"modified":"2025-12-04T13:52:40","modified_gmt":"2025-12-04T12:52:40","slug":"halv-mane-til-en-engelsk-og-hollandsk-lage","status":"publish","type":"product","link":"https:\/\/adequat.eu\/dk\/product\/oevrigt\/installation\/beslag-og-lase\/halv-mane-til-en-engelsk-og-hollandsk-lage\/","title":{"rendered":"Halv m\u00e5ne til en Engelsk og Hollandsk l\u00e5ge"},"content":{"rendered":"<p>Halv m\u00e5ne hvormed en Engelsk eller Hollandsk l\u00e5ge kan \u00e5bnes til begge sider. En betingelse herfor er at l\u00e5gen placeres mellem<span style=\"color: #000000\"> stolperne.<\/span> Vi leverer standard en halv m\u00e5ne sammen med vores <a href=\"https:\/\/adequat.eu\/dk\/products\/traelager\/\">Hollandske<\/a> og <a href=\"https:\/\/adequat.eu\/dk\/products\/traelager\/\">Engelske l\u00e5ger<\/a>.<\/p>\n<p>Den halve m\u00e5ne er af solid kvalitetsst\u00e5l og galvaniseret.<\/p>\n","protected":false},"excerpt":{"rendered":"<p>Halv m\u00e5ne hvormed en Engelsk eller Hollandsk l\u00e5ge kan \u00e5bnes til begge sider. En betingelse herfor er at l\u00e5gen placeres mellem stolperne. Vi leverer standard&#8230;<\/p>\n","protected":false},"featured_media":5875,"comment_status":"closed","ping_status":"closed","template":"","meta":{"_acf_changed":false,"inline_featured_image":false,"_trash_the_other_posts":false,"iawp_total_views":31,"editor_notices":[]},"product_brand":[],"product_cat":[89,88,87],"product_tag":[],"class_list":{"0":"post-5874","1":"product","2":"type-product","3":"status-publish","4":"has-post-thumbnail","6":"product_cat-beslag-og-lase","7":"product_cat-installation","8":"product_cat-oevrigt","9":"product_shipping_class-pakkepost","11":"first","12":"instock","13":"shipping-taxable","14":"purchasable","15":"product-type-simple"},"composite_virtual":false,"composite_layout":"","composite_add_to_cart_form_location":"","composite_editable_in_cart":false,"composite_sold_individually_context":"","composite_shop_price_calc":"","composite_components":[],"composite_scenarios":[],"acf":[],"_links":{"self":[{"href":"https:\/\/adequat.eu\/dk\/wp-json\/wp\/v2\/product\/5874","targetHints":{"allow":["GET"]}}],"collection":[{"href":"https:\/\/adequat.eu\/dk\/wp-json\/wp\/v2\/product"}],"about":[{"href":"https:\/\/adequat.eu\/dk\/wp-json\/wp\/v2\/types\/product"}],"replies":[{"embeddable":true,"href":"https:\/\/adequat.eu\/dk\/wp-json\/wp\/v2\/comments?post=5874"}],"wp:featuredmedia":[{"embeddable":true,"href":"https:\/\/adequat.eu\/dk\/wp-json\/wp\/v2\/media\/5875"}],"wp:attachment":[{"href":"https:\/\/adequat.eu\/dk\/wp-json\/wp\/v2\/media?parent=5874"}],"wp:term":[{"taxonomy":"product_brand","embeddable":true,"href":"https:\/\/adequat.eu\/dk\/wp-json\/wp\/v2\/product_brand?post=5874"},{"taxonomy":"product_cat","embeddable":true,"href":"https:\/\/adequat.eu\/dk\/wp-json\/wp\/v2\/product_cat?post=5874"},{"taxonomy":"product_tag","embeddable":true,"href":"https:\/\/adequat.eu\/dk\/wp-json\/wp\/v2\/product_tag?post=5874"}],"curies":[{"name":"wp","href":"https:\/\/api.w.org\/{rel}","templated":true}]}}