{"id":5881,"date":"2016-01-22T13:00:29","date_gmt":"2016-01-22T12:00:29","guid":{"rendered":"https:\/\/adequat.eu\/dk\/product\/overfald-til-en-engelsk-og-hollandsk-lage\/"},"modified":"2023-10-04T11:50:55","modified_gmt":"2023-10-04T09:50:55","slug":"overfald-til-en-engelsk-og-hollandsk-lage","status":"publish","type":"product","link":"https:\/\/adequat.eu\/dk\/product\/oevrigt\/installation\/beslag-og-lase\/overfald-til-en-engelsk-og-hollandsk-lage\/","title":{"rendered":"Overfald til en Engelsk og Hollandsk l\u00e5ge"},"content":{"rendered":"<p>Et galvaniseret overfald til en <a href=\"https:\/\/adequat.eu\/dk\/products\/traelager\/\">Engelsk<\/a> og <a href=\"https:\/\/adequat.eu\/dk\/products\/traelager\/\">Hollandsk l\u00e5ge<\/a> til at lukke \u00e9t l\u00e5geelement fast til et andet. Overfaldets indvendige m\u00e5l: 8 cm bred og 37 cm lang.<\/p>\n","protected":false},"excerpt":{"rendered":"<p>Et galvaniseret overfald til en Engelsk og Hollandsk l\u00e5ge til at lukke \u00e9t l\u00e5geelement fast til et andet. Overfaldets indvendige m\u00e5l: 8 cm bred og&#8230;<\/p>\n","protected":false},"featured_media":5882,"comment_status":"closed","ping_status":"closed","template":"","meta":{"_acf_changed":false,"inline_featured_image":false,"_trash_the_other_posts":false,"iawp_total_views":40,"editor_notices":[]},"product_brand":[],"product_cat":[89,88,87],"product_tag":[],"class_list":{"0":"post-5881","1":"product","2":"type-product","3":"status-publish","4":"has-post-thumbnail","6":"product_cat-beslag-og-lase","7":"product_cat-installation","8":"product_cat-oevrigt","9":"product_shipping_class-pakkepost","11":"first","12":"instock","13":"shipping-taxable","14":"purchasable","15":"product-type-simple"},"composite_virtual":false,"composite_layout":"","composite_add_to_cart_form_location":"","composite_editable_in_cart":false,"composite_sold_individually_context":"","composite_shop_price_calc":"","composite_components":[],"composite_scenarios":[],"acf":[],"_links":{"self":[{"href":"https:\/\/adequat.eu\/dk\/wp-json\/wp\/v2\/product\/5881","targetHints":{"allow":["GET"]}}],"collection":[{"href":"https:\/\/adequat.eu\/dk\/wp-json\/wp\/v2\/product"}],"about":[{"href":"https:\/\/adequat.eu\/dk\/wp-json\/wp\/v2\/types\/product"}],"replies":[{"embeddable":true,"href":"https:\/\/adequat.eu\/dk\/wp-json\/wp\/v2\/comments?post=5881"}],"wp:featuredmedia":[{"embeddable":true,"href":"https:\/\/adequat.eu\/dk\/wp-json\/wp\/v2\/media\/5882"}],"wp:attachment":[{"href":"https:\/\/adequat.eu\/dk\/wp-json\/wp\/v2\/media?parent=5881"}],"wp:term":[{"taxonomy":"product_brand","embeddable":true,"href":"https:\/\/adequat.eu\/dk\/wp-json\/wp\/v2\/product_brand?post=5881"},{"taxonomy":"product_cat","embeddable":true,"href":"https:\/\/adequat.eu\/dk\/wp-json\/wp\/v2\/product_cat?post=5881"},{"taxonomy":"product_tag","embeddable":true,"href":"https:\/\/adequat.eu\/dk\/wp-json\/wp\/v2\/product_tag?post=5881"}],"curies":[{"name":"wp","href":"https:\/\/api.w.org\/{rel}","templated":true}]}}