{"id":5884,"date":"2015-12-29T13:28:59","date_gmt":"2015-12-29T12:28:59","guid":{"rendered":"https:\/\/adequat.eu\/dk\/product\/fransk-rundtraeslage-dobbelt-50-cm-hoj\/"},"modified":"2025-10-23T16:20:28","modified_gmt":"2025-10-23T14:20:28","slug":"fransk-rundtraeslage-dobbelt-50-cm-hoj","status":"publish","type":"product","link":"https:\/\/adequat.eu\/dk\/product\/traelager\/kastanjelaage-dobbelt-50-cm-hoej\/","title":{"rendered":"Kastanjel\u00e5ge dobbelt 50 cm h\u00f8j"},"content":{"rendered":"<p>En Fransk rundtr\u00e6sl\u00e5ge dobbelt 50 cm h\u00f8j bliver s\u00e6dvanligvis valgt til et <a href=\"https:\/\/adequat.eu\/dk\/product\/hegn\/kastanjehegn\/fransk-stakithegn-50-cm-hojt\/\">kastanjehegn 50 cm h\u00f8jt<\/a>.<\/p>\n<p>En Fransk rundtr\u00e6sl\u00e5ge dobbelt 50 cm h\u00f8j, er maksimalt 500 cm bred. Endnu bredere l\u00e5ger ville i den udf\u00f8relse blive ustabile. Inden for disse maksimale st\u00f8rrelser er alle st\u00f8rrelser mulige. Her ovenfor, ved l\u00e5gen, kan du v\u00e6lge mellem et antal standardst\u00f8rrelser. Hvis du hellere vil have en mellemst\u00f8rrelse, s\u00e5 g\u00e6lder prisen for den n\u00e6stf\u00f8lgende standardl\u00e5ge. For eksempel: for en l\u00e5ge 140 cm bred g\u00e6lder prisen p\u00e5 en l\u00e5ge 150 cm breed.<\/p>\n<p>Priser p\u00e5 andre h\u00f8jdem\u00e5l oplyser vi gerne p\u00e5 forlangende.<\/p>\n<p>For en dobbelt Fransk rundtr\u00e6sl\u00e5ge betaler du prisen p\u00e5<span style=\"color: #000000\"> to enkelte l\u00e5ger <\/span>minus \u20ac 30. Alle kombinationer er mulige.<\/p>\n<h2>Fransk rundtr\u00e6sl\u00e5ge dobbelt 50 cm h\u00f8j komplet leveret<\/h2>\n<p><span style=\"font-weight: 400\">For at v\u00e6lge rigtige l\u00e5ger til hegn eller indk\u00f8rsel er det vigtigt at vide hvad der g\u00e6lder som standard hos os: vi kigger p\u00e5 tr\u00e6l\u00e5gen fra den side som stavene skal s\u00e6ttes fast p\u00e5. Det er for os forsiden (p\u00e5 bagsiden sidder alts\u00e5 h\u00e6ngslerne og l\u00e5sen). Hvis du st\u00e5r med ansigtet mod forsiden af tr\u00e6l\u00e5gen, s\u00e5 sidder l\u00e5gen fast med h\u00e6ngslerne i den h\u00f8jre side og den drejer standard mod h\u00f8jre v\u00e6k fra dig. Det er eventuelt muligt at levere en tr\u00e6l\u00e5ge som drejer til venstre v\u00e6k fra dig, men det skal du s\u00e5 angive ved din bestilling. For at kunne bestemme l\u00e5gens rigtige st\u00f8rrelse, skal du tage h\u00f8jde for at du p\u00e5 begge sider af l\u00e5gen skal medregne 12 cm ekstra til l\u00e5gestolperne og et lille mellemrum. S\u00e5 s\u00f8rg for at du til installering af hele tr\u00e6l\u00e5gen har brug for l\u00e5gens bredde + 24 cm.<\/span><\/p>\n<p>Bestiller du en dobbelt l\u00e5ge, s\u00e5 placerer vi som standard skudriglen p\u00e5 den venstre l\u00e5gedel; p\u00e5 den h\u00f8jre l\u00e5gedel findes l\u00e5sen. Bestiller du en dobbelt l\u00e5ge, som best\u00e5r af to ulige dele, s\u00e5 monterer vi skudriglen som standard p\u00e5 den st\u00f8rste af l\u00e5gedelene. Hvis du \u00f8nsker det anderledes indrettet, s\u00e5 fort\u00e6l os det i kommentarfeltet, n\u00e5r du bestiller.<\/p>\n<p>L\u00e5gen leveres inklusive to stolper\u00a0<a href=\"https:\/\/adequat.eu\/dk\/product\/stolper-dk\/kastanjestolper\/kastanjestolpe-oe-10-12-cm\/\">(diameter 10\/12, l\u00e6ngde 160 cm)<\/a>,\u00a0beslag og lukket\u00f8j.<\/p>\n<p>De lodrette stolper i den Franske rundtr\u00e6sl\u00e5ge dobbelt 50 cm h\u00f8j er lavet af stolper med en diameter p\u00e5 7-9 cm og de tv\u00e6rg\u00e5ende l\u00e6gter er lavet af stolper med en diameter p\u00e5 4-6 cm.<\/p>\n<p><div class=\"embed-responsive embed-responsive-16by9\"><iframe loading=\"lazy\" title=\"Installationsvideo Franske l\u00e5ger en Stakithegn\" width=\"500\" height=\"281\" src=\"https:\/\/www.youtube.com\/embed\/0OSECc0IPRY?feature=oembed&#038;enablejsapi=1&#038;origin=https:\/\/adequat.eu\" frameborder=\"0\" allow=\"accelerometer; autoplay; clipboard-write; encrypted-media; gyroscope; picture-in-picture; web-share\" referrerpolicy=\"strict-origin-when-cross-origin\" allowfullscreen><\/iframe><\/div><\/p>\n","protected":false},"excerpt":{"rendered":"<p>En Fransk rundtr\u00e6sl\u00e5ge dobbelt 50 cm h\u00f8j bliver s\u00e6dvanligvis valgt til et kastanjehegn 50 cm h\u00f8jt. En Fransk rundtr\u00e6sl\u00e5ge dobbelt 50 cm h\u00f8j, er maksimalt&#8230;<\/p>\n","protected":false},"featured_media":5885,"comment_status":"closed","ping_status":"closed","template":"","meta":{"_acf_changed":false,"inline_featured_image":false,"_trash_the_other_posts":false,"iawp_total_views":28,"editor_notices":[]},"product_brand":[],"product_cat":[425,415,414,78,79],"product_tag":[],"class_list":{"0":"post-5884","1":"product","2":"type-product","3":"status-publish","4":"has-post-thumbnail","6":"product_cat-dobbelt","7":"product_cat-kastanjehegn-laager","8":"product_cat-efter-maal","9":"product_cat-traelager","10":"product_cat-kastanjetrae","12":"first","13":"instock","14":"shipping-taxable","15":"purchasable","16":"product-type-composite"},"composite_virtual":false,"composite_layout":"single","composite_add_to_cart_form_location":"default","composite_editable_in_cart":false,"composite_sold_individually_context":"product","composite_shop_price_calc":"min_max","composite_components":[{"id":"1610529767","title":"L\u00e5ge venstre","description":"","query_type":"product_ids","query_ids":[6517],"default_option_id":6517,"thumbnail_id":"","thumbnail_src":"","quantity_min":1,"quantity_max":1,"priced_individually":true,"shipped_individually":false,"optional":false,"discount":"","options_style":"dropdowns","pagination_style":"classic","display_prices":"absolute","show_sorting_options":false,"show_filtering_options":false,"attribute_filter_ids":[],"select_action":"view","product_title_visible":false,"product_descr_visible":false,"product_price_visible":true,"product_thumb_visible":false,"subtotal_visible_product":true,"subtotal_visible_cart":true,"subtotal_visible_orders":true},{"id":"1610529769","title":"L\u00e5ge h\u00f8jre","description":"","query_type":"product_ids","query_ids":[6517],"default_option_id":6517,"thumbnail_id":"","thumbnail_src":"","quantity_min":1,"quantity_max":1,"priced_individually":true,"shipped_individually":false,"optional":false,"discount":"","options_style":"dropdowns","pagination_style":"classic","display_prices":"absolute","show_sorting_options":false,"show_filtering_options":false,"attribute_filter_ids":[],"select_action":"view","product_title_visible":false,"product_descr_visible":false,"product_price_visible":true,"product_thumb_visible":false,"subtotal_visible_product":true,"subtotal_visible_cart":true,"subtotal_visible_orders":true}],"composite_scenarios":[],"acf":[],"_links":{"self":[{"href":"https:\/\/adequat.eu\/dk\/wp-json\/wp\/v2\/product\/5884","targetHints":{"allow":["GET"]}}],"collection":[{"href":"https:\/\/adequat.eu\/dk\/wp-json\/wp\/v2\/product"}],"about":[{"href":"https:\/\/adequat.eu\/dk\/wp-json\/wp\/v2\/types\/product"}],"replies":[{"embeddable":true,"href":"https:\/\/adequat.eu\/dk\/wp-json\/wp\/v2\/comments?post=5884"}],"wp:featuredmedia":[{"embeddable":true,"href":"https:\/\/adequat.eu\/dk\/wp-json\/wp\/v2\/media\/5885"}],"wp:attachment":[{"href":"https:\/\/adequat.eu\/dk\/wp-json\/wp\/v2\/media?parent=5884"}],"wp:term":[{"taxonomy":"product_brand","embeddable":true,"href":"https:\/\/adequat.eu\/dk\/wp-json\/wp\/v2\/product_brand?post=5884"},{"taxonomy":"product_cat","embeddable":true,"href":"https:\/\/adequat.eu\/dk\/wp-json\/wp\/v2\/product_cat?post=5884"},{"taxonomy":"product_tag","embeddable":true,"href":"https:\/\/adequat.eu\/dk\/wp-json\/wp\/v2\/product_tag?post=5884"}],"curies":[{"name":"wp","href":"https:\/\/api.w.org\/{rel}","templated":true}]}}