{"id":5944,"date":"2015-09-18T12:06:52","date_gmt":"2015-09-18T10:06:52","guid":{"rendered":"https:\/\/adequat.eu\/dk\/product\/robinie-stolpe-oe-6-8-cm\/"},"modified":"2026-04-03T09:36:32","modified_gmt":"2026-04-03T07:36:32","slug":"robinie-stolpe-oe-6-8-cm","status":"publish","type":"product","link":"https:\/\/adequat.eu\/dk\/product\/stolper-dk\/stolper-af-robinie-trae-er-ekstremt-holdbare-adequat\/robinie-stolpe-oe-6-8-cm\/","title":{"rendered":"Robiniestolpe \u00d8 6\/8 cm"},"content":{"rendered":"<p>Robiniestolpe \u00d8 6\/8 cm is er en rund tr\u00e6stolpe, lavet af meget holdbart, naturligt robinietr\u00e6, ogs\u00e5 kendt under navnet akacie. Tr\u00e6stolpen har en diameter p\u00e5 ca. 7 centimeter og en omkreds p\u00e5 ca. 22 centimeter.<\/p>\n<p>Robinie eller pseudoakacie er det mest holdbare tr\u00e6 (<a href=\"https:\/\/adequat.eu\/dk\/nyheder\/traesorters-holdbarhedsklasse\/\">holdbarhedsklasse 1<\/a>) som kan vokse i vores klima. Stolperne fra denne europ\u00e6iske h\u00e5rde tr\u00e6sort har en meget lang levetid og kr\u00e6ver ikke nogen vedligeholdelse. De beh\u00f8ver ikke at blive behandlet og de er i kraft af tr\u00e6ets h\u00e5rdhed fortr\u00e6ffeligt beskyttet mod fugt. Stolperne er afbarket og tilspidset. De er ikke \u2018fr\u00e6set\u2019 og har beholdt deres naturlige form. Robinestolper er derfor generelt ikke lige.<\/p>\n<p>Stolpernes tykkelse m\u00e5les i den tynde ende. De bliver tilspidset i den tykke ende.<\/p>\n<h2>Robiniestolpe \u00d8 6\/8 cm kan k\u00f8bes i diverse st\u00f8rrelser<\/h2>\n<p>De forskellige l\u00e6ngdem\u00e5l p\u00e5 robiniestolpe \u00d8 6\/8 som du finder her p\u00e5 hjemmesiden, er l\u00e6ngdem\u00e5l som vi standard har p\u00e5 lager. P\u00e5 <a href=\"https:\/\/adequat.eu\/dk\/anmodning-om-tilbud\/\">anmodning<\/a> kan der ogs\u00e5 leveres andre l\u00e6ngdem\u00e5l.<\/p>\n","protected":false},"excerpt":{"rendered":"<p>Robiniestolpe \u00d8 6\/8 cm is er en rund tr\u00e6stolpe, lavet af meget holdbart, naturligt robinietr\u00e6, ogs\u00e5 kendt under navnet akacie. Tr\u00e6stolpen har en diameter p\u00e5&#8230;<\/p>\n","protected":false},"featured_media":5945,"comment_status":"closed","ping_status":"closed","template":"","meta":{"_acf_changed":false,"inline_featured_image":false,"_trash_the_other_posts":false,"iawp_total_views":57,"editor_notices":[]},"product_brand":[],"product_cat":[126,94],"product_tag":[],"class_list":{"0":"post-5944","1":"product","2":"type-product","3":"status-publish","4":"has-post-thumbnail","6":"product_cat-robinie-stolper","7":"product_cat-stolper-dk","9":"first","10":"instock","11":"shipping-taxable","12":"purchasable","13":"product-type-variable","14":"has-default-attributes"},"composite_virtual":false,"composite_layout":"","composite_add_to_cart_form_location":"","composite_editable_in_cart":false,"composite_sold_individually_context":"","composite_shop_price_calc":"","composite_components":[],"composite_scenarios":[],"acf":[],"_links":{"self":[{"href":"https:\/\/adequat.eu\/dk\/wp-json\/wp\/v2\/product\/5944","targetHints":{"allow":["GET"]}}],"collection":[{"href":"https:\/\/adequat.eu\/dk\/wp-json\/wp\/v2\/product"}],"about":[{"href":"https:\/\/adequat.eu\/dk\/wp-json\/wp\/v2\/types\/product"}],"replies":[{"embeddable":true,"href":"https:\/\/adequat.eu\/dk\/wp-json\/wp\/v2\/comments?post=5944"}],"wp:featuredmedia":[{"embeddable":true,"href":"https:\/\/adequat.eu\/dk\/wp-json\/wp\/v2\/media\/5945"}],"wp:attachment":[{"href":"https:\/\/adequat.eu\/dk\/wp-json\/wp\/v2\/media?parent=5944"}],"wp:term":[{"taxonomy":"product_brand","embeddable":true,"href":"https:\/\/adequat.eu\/dk\/wp-json\/wp\/v2\/product_brand?post=5944"},{"taxonomy":"product_cat","embeddable":true,"href":"https:\/\/adequat.eu\/dk\/wp-json\/wp\/v2\/product_cat?post=5944"},{"taxonomy":"product_tag","embeddable":true,"href":"https:\/\/adequat.eu\/dk\/wp-json\/wp\/v2\/product_tag?post=5944"}],"curies":[{"name":"wp","href":"https:\/\/api.w.org\/{rel}","templated":true}]}}