{"id":5954,"date":"2015-09-18T11:30:29","date_gmt":"2015-09-18T09:30:29","guid":{"rendered":"https:\/\/adequat.eu\/dk\/product\/kastanjestolpe-oe-13-16-cm\/"},"modified":"2026-04-02T12:35:56","modified_gmt":"2026-04-02T10:35:56","slug":"kastanjestolpe-oe-13-16-cm","status":"publish","type":"product","link":"https:\/\/adequat.eu\/dk\/product\/stolper-dk\/kastanjestolper\/kastanjestolpe-oe-13-16-cm\/","title":{"rendered":"Kastanjestolpe \u00d8 13\/16 cm"},"content":{"rendered":"<p>Kastanjestolpe \u00d8 13\/16 cm er en rund tr\u00e6stolpe af holdbart, naturligt kastanjetr\u00e6. Stolpen har en diameter p\u00e5 15 centimeter og en omkreds p\u00e5 ca. 47\u00a0centimeter.<\/p>\n<h2>Kastanjestolpe \u00d8 13\/16 cm &#8211; p\u00e5 legepladser og i parker<\/h2>\n<p>Stolper af kastanjetr\u00e6 er fra naturens side holdbare. I kraft af garvesyren i tr\u00e6et beh\u00f8ver stolperne ikke at blive behandlet og de kr\u00e6ver ingen vedligeholdelse. De er beskyttet mod fugt. Brugen af kastanjestolper belaster s\u00e5ledes ikke milj\u00f8et. Stolperne er afbarket og tilspidset, men har i \u00f8vrigt stadig deres naturlige form. Derfor er kastanjestolper ikke altid lige.<\/p>\n<p>Denne kastanjestolpe bruges ofte til legeredskaber og i parker.<\/p>\n<p>Stolpernes tykkelse m\u00e5les i den tynde ende. De bliver tilspidset i den tykke ende. Disse stolper af kastanjetr\u00e6 leveres i forskellige l\u00e6ngder. Over 200 cm er stolperne standard utilspidset.<\/p>\n","protected":false},"excerpt":{"rendered":"<p>Kastanjestolpe \u00d8 13\/16 cm er en rund tr\u00e6stolpe af holdbart, naturligt kastanjetr\u00e6. Stolpen har en diameter p\u00e5 15 centimeter og en omkreds p\u00e5 ca. 47\u00a0centimeter&#8230;.<\/p>\n","protected":false},"featured_media":5955,"comment_status":"closed","ping_status":"closed","template":"","meta":{"_acf_changed":false,"inline_featured_image":false,"_trash_the_other_posts":false,"iawp_total_views":50,"editor_notices":[]},"product_brand":[],"product_cat":[95,94],"product_tag":[],"class_list":{"0":"post-5954","1":"product","2":"type-product","3":"status-publish","4":"has-post-thumbnail","6":"product_cat-kastanjestolper","7":"product_cat-stolper-dk","9":"first","10":"instock","11":"shipping-taxable","12":"purchasable","13":"product-type-variable"},"composite_virtual":false,"composite_layout":"","composite_add_to_cart_form_location":"","composite_editable_in_cart":false,"composite_sold_individually_context":"","composite_shop_price_calc":"","composite_components":[],"composite_scenarios":[],"acf":[],"_links":{"self":[{"href":"https:\/\/adequat.eu\/dk\/wp-json\/wp\/v2\/product\/5954","targetHints":{"allow":["GET"]}}],"collection":[{"href":"https:\/\/adequat.eu\/dk\/wp-json\/wp\/v2\/product"}],"about":[{"href":"https:\/\/adequat.eu\/dk\/wp-json\/wp\/v2\/types\/product"}],"replies":[{"embeddable":true,"href":"https:\/\/adequat.eu\/dk\/wp-json\/wp\/v2\/comments?post=5954"}],"wp:featuredmedia":[{"embeddable":true,"href":"https:\/\/adequat.eu\/dk\/wp-json\/wp\/v2\/media\/5955"}],"wp:attachment":[{"href":"https:\/\/adequat.eu\/dk\/wp-json\/wp\/v2\/media?parent=5954"}],"wp:term":[{"taxonomy":"product_brand","embeddable":true,"href":"https:\/\/adequat.eu\/dk\/wp-json\/wp\/v2\/product_brand?post=5954"},{"taxonomy":"product_cat","embeddable":true,"href":"https:\/\/adequat.eu\/dk\/wp-json\/wp\/v2\/product_cat?post=5954"},{"taxonomy":"product_tag","embeddable":true,"href":"https:\/\/adequat.eu\/dk\/wp-json\/wp\/v2\/product_tag?post=5954"}],"curies":[{"name":"wp","href":"https:\/\/api.w.org\/{rel}","templated":true}]}}