{"id":5971,"date":"2015-09-18T11:10:09","date_gmt":"2015-09-18T09:10:09","guid":{"rendered":"https:\/\/adequat.eu\/dk\/product\/kastanjestolpe-oe-10-12-cm\/"},"modified":"2026-04-02T12:35:54","modified_gmt":"2026-04-02T10:35:54","slug":"kastanjestolpe-oe-10-12-cm","status":"publish","type":"product","link":"https:\/\/adequat.eu\/dk\/product\/stolper-dk\/kastanjestolper\/kastanjestolpe-oe-10-12-cm\/","title":{"rendered":"Kastanjestolpe \u00d8 10\/12 cm"},"content":{"rendered":"<p>Kastanjestolpe \u00d8 10\/12 cm er en rund tr\u00e6stolpe af holdbart, naturligt kastanjetr\u00e6. Stolpen har en diameter p\u00e5 11 centimeter og en omkreds p\u00e5 ca. 35 centimeter.<\/p>\n<p>Stolper af kastanjetr\u00e6 er fra naturens side holdbare. I kraft af garvesyren i tr\u00e6et beh\u00f8ver stolperne ikke at blive behandlet og de kr\u00e6ver ingen vedligeholdelse. De er beskyttet mod fugt. Brugen af kastanjestolper belaster s\u00e5ledes ikke milj\u00f8et. Stolperne er afbarket og tilspidset, men har i \u00f8vrigt stadig deres naturlige form. Derfor er kastanjestolper ikke altid lige.<\/p>\n<h2>Kastanjestolpe \u00d8 10\/12 cm &#8211; til fx. legeredskaber<\/h2>\n<p>Dette diameter-m\u00e5l bliver ofte brugt til\u00a0<a href=\"https:\/\/adequat.eu\/dk\/nyheder\/brug-af-traestolper-til-et-legeredskab\/\">legeredskaber<\/a>\u00a0som f.eks. gynger og reckst\u00e6nger.<\/p>\n<div>Vil du selv lave en <a href=\"https:\/\/adequat.eu\/dk\/nyheder\/tips-tricks-dansk\/lav-en-pergola\/\">pergola<\/a>? En god forberedelse er det halve arbejde. Denne fotoreportage kan hj\u00e6lpe dig!<\/div>\n<p>Stolpernes tykkelse m\u00e5les i den tynde ende. De bliver tilspidset i den tykke ende. Disse stolper af kastanjetr\u00e6 leveres i forskellige l\u00e6ngder. Stolper l\u00e6ngere end 300 cm er som standard utilspidsede, men <a href=\"https:\/\/adequat.eu\/dk\/anmodning-om-tilbud\/\">bestillngsarbejde<\/a> efter m\u00e5l er naturligvis altid muligt!<\/p>\n","protected":false},"excerpt":{"rendered":"<p>Kastanjestolpe \u00d8 10\/12 cm er en rund tr\u00e6stolpe af holdbart, naturligt kastanjetr\u00e6. Stolpen har en diameter p\u00e5 11 centimeter og en omkreds p\u00e5 ca. 35&#8230;<\/p>\n","protected":false},"featured_media":5972,"comment_status":"closed","ping_status":"closed","template":"","meta":{"_acf_changed":false,"inline_featured_image":false,"_trash_the_other_posts":false,"iawp_total_views":103,"editor_notices":[]},"product_brand":[],"product_cat":[95,94],"product_tag":[],"class_list":{"0":"post-5971","1":"product","2":"type-product","3":"status-publish","4":"has-post-thumbnail","6":"product_cat-kastanjestolper","7":"product_cat-stolper-dk","9":"first","10":"instock","11":"shipping-taxable","12":"purchasable","13":"product-type-variable","14":"has-default-attributes"},"composite_virtual":false,"composite_layout":"","composite_add_to_cart_form_location":"","composite_editable_in_cart":false,"composite_sold_individually_context":"","composite_shop_price_calc":"","composite_components":[],"composite_scenarios":[],"acf":[],"_links":{"self":[{"href":"https:\/\/adequat.eu\/dk\/wp-json\/wp\/v2\/product\/5971","targetHints":{"allow":["GET"]}}],"collection":[{"href":"https:\/\/adequat.eu\/dk\/wp-json\/wp\/v2\/product"}],"about":[{"href":"https:\/\/adequat.eu\/dk\/wp-json\/wp\/v2\/types\/product"}],"replies":[{"embeddable":true,"href":"https:\/\/adequat.eu\/dk\/wp-json\/wp\/v2\/comments?post=5971"}],"wp:featuredmedia":[{"embeddable":true,"href":"https:\/\/adequat.eu\/dk\/wp-json\/wp\/v2\/media\/5972"}],"wp:attachment":[{"href":"https:\/\/adequat.eu\/dk\/wp-json\/wp\/v2\/media?parent=5971"}],"wp:term":[{"taxonomy":"product_brand","embeddable":true,"href":"https:\/\/adequat.eu\/dk\/wp-json\/wp\/v2\/product_brand?post=5971"},{"taxonomy":"product_cat","embeddable":true,"href":"https:\/\/adequat.eu\/dk\/wp-json\/wp\/v2\/product_cat?post=5971"},{"taxonomy":"product_tag","embeddable":true,"href":"https:\/\/adequat.eu\/dk\/wp-json\/wp\/v2\/product_tag?post=5971"}],"curies":[{"name":"wp","href":"https:\/\/api.w.org\/{rel}","templated":true}]}}