{"id":6013,"date":"2015-09-18T10:14:24","date_gmt":"2015-09-18T08:14:24","guid":{"rendered":"https:\/\/adequat.eu\/dk\/product\/kastanjestolpe-oe-4-6-cm\/"},"modified":"2026-05-08T12:06:46","modified_gmt":"2026-05-08T10:06:46","slug":"kastanjestolpe-oe-4-6-cm","status":"publish","type":"product","link":"https:\/\/adequat.eu\/dk\/product\/stolper-dk\/kastanjestolper\/kastanjestolpe-oe-4-6-cm\/","title":{"rendered":"Kastanjestolpe \u00d8 4\/6 cm"},"content":{"rendered":"<p>Kastanjestolpe \u00d8 4\/6 cm er en rund tr\u00e6stolpe af holdbart, naturligt fransk kastanjetr\u00e6. Stolpen har en diameter p\u00e5 ca. 5 centimeter og en omkreds p\u00e5 ca. 16 centimeter. Disse stolper er standard utilspidset.<\/p>\n<h2>Kastanjestolpe \u00d8 4\/6 cm &#8211; b\u00e6redygtig<\/h2>\n<p>Stolper af kastanjetr\u00e6 er fra naturens side\u00a0<a href=\"https:\/\/adequat.eu\/dk\/nyheder\/traesorters-holdbarhedsklasse\/\">holdbare<\/a>. I kraft af garvesyren i tr\u00e6et beh\u00f8ver stolperne ikke at blive behandlet og de kr\u00e6ver ingen vedligeholdelse. De er beskyttet mod fugt. Brugen af kastanjestolper belaster s\u00e5ledes ikke milj\u00f8et. Stolperne er afbarket, men ellers har de stadig deres naturlige form. Derfor er kastanjestolper ikke altid lige.<\/p>\n<p>Stolpernes tykkelse m\u00e5les i den tynde ende. Kastanjestolper \u00d8 4\/6 er standard utilspidsede.<\/p>\n","protected":false},"excerpt":{"rendered":"<p>Kastanjestolpe \u00d8 4\/6 cm er en rund tr\u00e6stolpe af holdbart, naturligt fransk kastanjetr\u00e6. Stolpen har en diameter p\u00e5 ca. 5 centimeter og en omkreds p\u00e5&#8230;<\/p>\n","protected":false},"featured_media":6014,"comment_status":"closed","ping_status":"closed","template":"","meta":{"_acf_changed":false,"inline_featured_image":false,"_trash_the_other_posts":false,"iawp_total_views":48,"editor_notices":[]},"product_brand":[],"product_cat":[95,94],"product_tag":[],"class_list":{"0":"post-6013","1":"product","2":"type-product","3":"status-publish","4":"has-post-thumbnail","6":"product_cat-kastanjestolper","7":"product_cat-stolper-dk","9":"first","10":"instock","11":"shipping-taxable","12":"purchasable","13":"product-type-variable","14":"has-default-attributes"},"composite_virtual":false,"composite_layout":"","composite_add_to_cart_form_location":"","composite_editable_in_cart":false,"composite_sold_individually_context":"","composite_shop_price_calc":"","composite_components":[],"composite_scenarios":[],"acf":[],"_links":{"self":[{"href":"https:\/\/adequat.eu\/dk\/wp-json\/wp\/v2\/product\/6013","targetHints":{"allow":["GET"]}}],"collection":[{"href":"https:\/\/adequat.eu\/dk\/wp-json\/wp\/v2\/product"}],"about":[{"href":"https:\/\/adequat.eu\/dk\/wp-json\/wp\/v2\/types\/product"}],"replies":[{"embeddable":true,"href":"https:\/\/adequat.eu\/dk\/wp-json\/wp\/v2\/comments?post=6013"}],"wp:featuredmedia":[{"embeddable":true,"href":"https:\/\/adequat.eu\/dk\/wp-json\/wp\/v2\/media\/6014"}],"wp:attachment":[{"href":"https:\/\/adequat.eu\/dk\/wp-json\/wp\/v2\/media?parent=6013"}],"wp:term":[{"taxonomy":"product_brand","embeddable":true,"href":"https:\/\/adequat.eu\/dk\/wp-json\/wp\/v2\/product_brand?post=6013"},{"taxonomy":"product_cat","embeddable":true,"href":"https:\/\/adequat.eu\/dk\/wp-json\/wp\/v2\/product_cat?post=6013"},{"taxonomy":"product_tag","embeddable":true,"href":"https:\/\/adequat.eu\/dk\/wp-json\/wp\/v2\/product_tag?post=6013"}],"curies":[{"name":"wp","href":"https:\/\/api.w.org\/{rel}","templated":true}]}}