{"id":6387,"date":"2015-08-27T19:09:37","date_gmt":"2015-08-27T17:09:37","guid":{"rendered":"https:\/\/adequat.eu\/dk\/product\/fransk-rammelage-50-cm-hoj\/"},"modified":"2026-01-23T15:22:07","modified_gmt":"2026-01-23T14:22:07","slug":"fransk-rammelage-50-cm-hoj","status":"publish","type":"product","link":"https:\/\/adequat.eu\/dk\/product\/traelager\/rammelaage-kastanje-enkelt-50-cm-hoej\/","title":{"rendered":"Rammel\u00e5ge kastanje enkelt 50 cm h\u00f8j"},"content":{"rendered":"<ul>\n<li>En Fransk rammel\u00e5ge i denne h\u00f8jde v\u00e6lges normalt til et <a href=\"https:\/\/adequat.eu\/dk\/product\/hegn\/kastanjehegn\/fransk-stakithegn-50-cm-hojt\/\">kastanjehegn med en h\u00f8jde p\u00e5 50 cm<\/a>. Denne st\u00f8rrelse hegn bruges ofte til k\u00f8kkenhaver.<\/li>\n<li>L\u00e5gen leveres inklusive to stolper (<a href=\"https:\/\/adequat.eu\/dk\/product\/stolper-dk\/kastanjestolper\/kastanjestolpe-oe-10-12-cm\/\">diameter 10\/12, 150 cm<\/a>) samt beslag og lukket\u00f8j.<\/li>\n<li>De lodrette stolper i den Franske rammel\u00e5ge 50 cm h\u00f8j er lavet af stolper med en diameter p\u00e5 7-9 cm og de tv\u00e6rg\u00e5ende l\u00e6gter er lavet af stolper med en diameter p\u00e5 4-6 cm.<\/li>\n<li>For at v\u00e6lge den rigtige l\u00e5ge er det vigtigt at vide hvad der g\u00e6lder som standard hos os: vi kigger p\u00e5 l\u00e5gen fra den side som stavene er sat fast p\u00e5 (rundtr\u00e6sl\u00e5ge) eller som de skal fastg\u00f8res p\u00e5 (rammel\u00e5ge). Det er for os forsiden (p\u00e5 bagsiden sidder alts\u00e5 h\u00e6ngslerne og l\u00e5sen). Hvis du st\u00e5r med ansigtet mod forsiden af l\u00e5gen, s\u00e5 sidder l\u00e5gen fast med h\u00e6ngslerne i den h\u00f8jre side og den drejer standard mod h\u00f8jre v\u00e6k fra dig. Det er eventuelt muligt at levere en l\u00e5ge som drejer til venstre v\u00e6k fra dig, men det skal du s\u00e5 angive ved din bestilling.<\/li>\n<li>For at kunne bestemme l\u00e5gens rigtige m\u00e5l, kan du indkalulere at du p\u00e5 begge sider af l\u00e5gen skal beregne 12 cm ekstra til stolperne og et lille mellemrum.\u00a0S\u00e5 tag hensyn til at du til l\u00e5gen har brug for l\u00e5gens bredde + 24 cm.<\/li>\n<li>OBS: for at undg\u00e5 beskadigelse under transporten, <a href=\"https:\/\/adequat.eu\/dk\/projekter\/mysteriet-om-den-manglende-lille-dingenot\/\">placerer vi lukkebeslaget p\u00e5\u00a0indersiden<\/a> af stolpen. Du kan let l\u00f8sne det og montere det p\u00e5 det rigtige sted.<\/li>\n<\/ul>\n<h2>Dobbelt k\u00f8kkenhave rammel\u00e5ge 50 cm h\u00f8j<\/h2>\n<ul>\n<li>Denne k\u00f8kkenhave rammel\u00e5ge 50 cm h\u00f8j ogs\u00e5 som <a href=\"https:\/\/adequat.eu\/dk\/product\/traelager\/rammelaage-kastanje-dobbelt-50-cm-hoej\/\">dobbelt l\u00e5ge<\/a>.<\/li>\n<\/ul>\n<p><div class=\"embed-responsive embed-responsive-16by9\"><iframe loading=\"lazy\" title=\"Installationsvideo Franske l\u00e5ger en Stakithegn\" width=\"500\" height=\"281\" src=\"https:\/\/www.youtube.com\/embed\/0OSECc0IPRY?feature=oembed&#038;enablejsapi=1&#038;origin=https:\/\/adequat.eu\" frameborder=\"0\" allow=\"accelerometer; autoplay; clipboard-write; encrypted-media; gyroscope; picture-in-picture; web-share\" referrerpolicy=\"strict-origin-when-cross-origin\" allowfullscreen><\/iframe><\/div><\/p>\n","protected":false},"excerpt":{"rendered":"<p>En Fransk rammel\u00e5ge i denne h\u00f8jde v\u00e6lges normalt til et kastanjehegn med en h\u00f8jde p\u00e5 50 cm. Denne st\u00f8rrelse hegn bruges ofte til k\u00f8kkenhaver. L\u00e5gen&#8230;<\/p>\n","protected":false},"featured_media":6388,"comment_status":"closed","ping_status":"closed","template":"","meta":{"_acf_changed":false,"inline_featured_image":false,"_trash_the_other_posts":false,"iawp_total_views":35,"editor_notices":[]},"product_brand":[],"product_cat":[424,78,415,79,414],"product_tag":[],"class_list":{"0":"post-6387","1":"product","2":"type-product","3":"status-publish","4":"has-post-thumbnail","6":"product_cat-enkelt","7":"product_cat-traelager","8":"product_cat-kastanjehegn-laager","9":"product_cat-kastanjetrae","10":"product_cat-efter-maal","12":"first","13":"instock","14":"shipping-taxable","15":"purchasable","16":"product-type-variable","17":"has-default-attributes"},"composite_virtual":false,"composite_layout":"","composite_add_to_cart_form_location":"","composite_editable_in_cart":false,"composite_sold_individually_context":"","composite_shop_price_calc":"","composite_components":[],"composite_scenarios":[],"acf":[],"_links":{"self":[{"href":"https:\/\/adequat.eu\/dk\/wp-json\/wp\/v2\/product\/6387","targetHints":{"allow":["GET"]}}],"collection":[{"href":"https:\/\/adequat.eu\/dk\/wp-json\/wp\/v2\/product"}],"about":[{"href":"https:\/\/adequat.eu\/dk\/wp-json\/wp\/v2\/types\/product"}],"replies":[{"embeddable":true,"href":"https:\/\/adequat.eu\/dk\/wp-json\/wp\/v2\/comments?post=6387"}],"wp:featuredmedia":[{"embeddable":true,"href":"https:\/\/adequat.eu\/dk\/wp-json\/wp\/v2\/media\/6388"}],"wp:attachment":[{"href":"https:\/\/adequat.eu\/dk\/wp-json\/wp\/v2\/media?parent=6387"}],"wp:term":[{"taxonomy":"product_brand","embeddable":true,"href":"https:\/\/adequat.eu\/dk\/wp-json\/wp\/v2\/product_brand?post=6387"},{"taxonomy":"product_cat","embeddable":true,"href":"https:\/\/adequat.eu\/dk\/wp-json\/wp\/v2\/product_cat?post=6387"},{"taxonomy":"product_tag","embeddable":true,"href":"https:\/\/adequat.eu\/dk\/wp-json\/wp\/v2\/product_tag?post=6387"}],"curies":[{"name":"wp","href":"https:\/\/api.w.org\/{rel}","templated":true}]}}