{"id":6440,"date":"2015-08-27T13:02:26","date_gmt":"2015-08-27T11:02:26","guid":{"rendered":"https:\/\/adequat.eu\/dk\/product\/fransk-rundtrae-lage-200-cm-hoj\/"},"modified":"2026-01-23T16:59:38","modified_gmt":"2026-01-23T15:59:38","slug":"fransk-rundtrae-lage-200-cm-hoj","status":"publish","type":"product","link":"https:\/\/adequat.eu\/dk\/product\/traelager\/kastanjelaage-enkelt-200-cm-hoej\/","title":{"rendered":"Kastanjel\u00e5ge enkelt 200 cm h\u00f8j"},"content":{"rendered":"<ul>\n<li>En Fransk rundtr\u00e6sl\u00e5ge 200 cm h\u00f8j v\u00e6lges normalt til et <a href=\"https:\/\/adequat.eu\/dk\/product\/hegn\/kastanjehegn\/fransk-kastanjehegn-200-cm-hojt\/\">kastanjehegn med en h\u00f8jde p\u00e5 200 cm<\/a>.<\/li>\n<li>L\u00e5gen leveres inklusive to stolper\u00a0(<a href=\"https:\/\/adequat.eu\/dk\/product\/stolper-dk\/kastanjestolper\/kastanjestolpe-oe-10-12-cm\/\">diameter 10\/12, l\u00e6ngde 300 cm<\/a>) samt beslag og lukket\u00f8j.<\/li>\n<li>De lodrette stolper i den Franske rundtr\u00e6sl\u00e5ge 200 cm h\u00f8j er lavet af stolper med en diameter p\u00e5 7-9 cm og de tv\u00e6rg\u00e5ende l\u00e6gter er lavet af stolper med en diameter p\u00e5 4-6 cm.<\/li>\n<li>For at v\u00e6lge den rigtige l\u00e5ge er det vigtigt at vide hvad der g\u00e6lder som standard hos os: vi kigger p\u00e5 l\u00e5gen fra den side som stavene er sat fast p\u00e5 (rundtr\u00e6sl\u00e5ge) eller som de skal fastg\u00f8res\u00a0 p\u00e5 (rammel\u00e5ge). Det er for os forsiden (p\u00e5 bagsiden sidder alts\u00e5 h\u00e6ngslerne og l\u00e5sen). Hvis du st\u00e5r med ansigtet mod forsiden af l\u00e5gen, s\u00e5 sidder l\u00e5gen fast med h\u00e6ngslerne i den h\u00f8jre side og den drejer standard mod h\u00f8jre v\u00e6k fra dig. Det er eventuelt muligt at levere en l\u00e5ge som drejer til venstre v\u00e6k fra dig, men det skal du s\u00e5 angive ved din bestilling.<\/li>\n<li>OBS: for at undg\u00e5 beskadigelse under transporten, <a href=\"https:\/\/adequat.eu\/dk\/projekter\/mysteriet-om-den-manglende-lille-dingenot\/\">placerer vi lukkebeslaget p\u00e5\u00a0indersiden<\/a> af stolpen. Du kan let l\u00f8sne det og montere det p\u00e5 det rigtige sted.<\/li>\n<li>F\u00e5s ogs\u00e5 som\u00a0<a href=\"https:\/\/adequat.eu\/dk\/product\/traelager\/kastanjelaage-dobbelt-200-cm-hoej\/\">dobbelt l\u00e5ge<\/a>.<\/li>\n<\/ul>\n<p><div class=\"embed-responsive embed-responsive-16by9\"><iframe loading=\"lazy\" title=\"Installationsvideo Franske l\u00e5ger en Stakithegn\" width=\"500\" height=\"281\" src=\"https:\/\/www.youtube.com\/embed\/0OSECc0IPRY?feature=oembed&#038;enablejsapi=1&#038;origin=https:\/\/adequat.eu\" frameborder=\"0\" allow=\"accelerometer; autoplay; clipboard-write; encrypted-media; gyroscope; picture-in-picture; web-share\" referrerpolicy=\"strict-origin-when-cross-origin\" allowfullscreen><\/iframe><\/div><\/p>\n","protected":false},"excerpt":{"rendered":"<p>En Fransk rundtr\u00e6sl\u00e5ge 200 cm h\u00f8j v\u00e6lges normalt til et kastanjehegn med en h\u00f8jde p\u00e5 200 cm. L\u00e5gen leveres inklusive to stolper\u00a0(diameter 10\/12, l\u00e6ngde 300&#8230;<\/p>\n","protected":false},"featured_media":6441,"comment_status":"closed","ping_status":"closed","template":"","meta":{"_acf_changed":false,"inline_featured_image":false,"_trash_the_other_posts":false,"iawp_total_views":32,"editor_notices":[]},"product_brand":[],"product_cat":[424,78,415,79,414],"product_tag":[],"class_list":{"0":"post-6440","1":"product","2":"type-product","3":"status-publish","4":"has-post-thumbnail","6":"product_cat-enkelt","7":"product_cat-traelager","8":"product_cat-kastanjehegn-laager","9":"product_cat-kastanjetrae","10":"product_cat-efter-maal","12":"first","13":"instock","14":"shipping-taxable","15":"purchasable","16":"product-type-variable","17":"has-default-attributes"},"composite_virtual":false,"composite_layout":"","composite_add_to_cart_form_location":"","composite_editable_in_cart":false,"composite_sold_individually_context":"","composite_shop_price_calc":"","composite_components":[],"composite_scenarios":[],"acf":[],"_links":{"self":[{"href":"https:\/\/adequat.eu\/dk\/wp-json\/wp\/v2\/product\/6440","targetHints":{"allow":["GET"]}}],"collection":[{"href":"https:\/\/adequat.eu\/dk\/wp-json\/wp\/v2\/product"}],"about":[{"href":"https:\/\/adequat.eu\/dk\/wp-json\/wp\/v2\/types\/product"}],"replies":[{"embeddable":true,"href":"https:\/\/adequat.eu\/dk\/wp-json\/wp\/v2\/comments?post=6440"}],"wp:featuredmedia":[{"embeddable":true,"href":"https:\/\/adequat.eu\/dk\/wp-json\/wp\/v2\/media\/6441"}],"wp:attachment":[{"href":"https:\/\/adequat.eu\/dk\/wp-json\/wp\/v2\/media?parent=6440"}],"wp:term":[{"taxonomy":"product_brand","embeddable":true,"href":"https:\/\/adequat.eu\/dk\/wp-json\/wp\/v2\/product_brand?post=6440"},{"taxonomy":"product_cat","embeddable":true,"href":"https:\/\/adequat.eu\/dk\/wp-json\/wp\/v2\/product_cat?post=6440"},{"taxonomy":"product_tag","embeddable":true,"href":"https:\/\/adequat.eu\/dk\/wp-json\/wp\/v2\/product_tag?post=6440"}],"curies":[{"name":"wp","href":"https:\/\/api.w.org\/{rel}","templated":true}]}}